{"id":100260,"date":"2024-02-04T21:35:41","date_gmt":"2024-02-04T20:35:41","guid":{"rendered":"https:\/\/sub.hr\/?post_type=product&#038;p=100260"},"modified":"2026-03-02T00:44:08","modified_gmt":"2026-03-01T23:44:08","slug":"dnevne-dozvole-za-rekreacijski-ribolov","status":"publish","type":"product","link":"https:\/\/sub.hr\/sl\/product\/dnevne-dovolilnice-za-rekreacijski-ribolov-v-letu-2024\/","title":{"rendered":"Dnevne dovolilnice za REKREACIJSKI RIBOLOV \u2013 2025"},"content":{"rendered":"<p>Opombe pred naro\u010dilom:<\/p>\n<p>Dovolilnice\/licence do 150 dni za osebe od 18 do 65 let in za osebe do 18 let imajo enako ceno za \u0160PORTNO in\/ali REKREACIJSKO dovolilnico\/licenco.<\/p>\n<p style=\"text-align: left;\">Dovoljenja\/licence niso na voljo takoj po oddaji naro\u010dila.<\/p>\n<p style=\"text-align: left;\">Dovoljenja\/licence izdajamo ve\u010dkrat na dan in jih po\u0161iljamo na e-po\u0161to naro\u010dnika.<\/p>\n<p style=\"text-align: left;\">Po naro\u010dilu in pla\u010dilu na na\u0161 ra\u010dun izdamo Dovoljenja\/Licence tekom dneva (v roku 24 ur).<\/p>\n<p style=\"text-align: left;\">Prosimo, naro\u010dite dovoljenja\/licence pravo\u010dasno. Dovoljenj\/licenc nismo dol\u017eni izdati ob zaklju\u010dku naro\u010dila ali takoj.<\/p>\n<p>\u2014-SL\u2014-<\/p>\n<p>Vse je po eni ceni. Predstavljeno pla\u010dilo vklju\u010duje vse pristojbine za REKREACIJSKI RIBOLOV na Hrva\u0161kem. Za REKREATIVNI RIBOLOV vzemite le osebno izkaznico in ne potrebujete dodatnih dokumentov. Po va\u0161em naro\u010dilu in ko prejmemo va\u0161e pla\u010dilo, vam licenco po\u0161ljemo na va\u0161 elektronski naslov.<\/p>\n<p><strong><span style=\"color: #ff0000;\">Licence veljajo do izteka oziroma do konca leto\u0161njega leta.<\/span><\/strong><\/p>\n<p><span style=\"color: #ff0000;\"><a style=\"color: #ff0000;\" href=\"https:\/\/sub.hr\/sl\/product\/2022-sport-fishing-licenses\/\"><strong>Priporo\u010dilo: Za osebe od 18. do 65. leta je do 1. marca najbolj ugoden nakup LETNE DOVOLJENICE ZA \u0160PORTNI RIBOLOV \u2013 POVEZAVA.<\/strong><\/a><\/span><\/p>\n<p><strong>Ta licenca je <em>NI ZA PODVODNI RIBOLOV<\/em>\u00a0\u2013 <a href=\"https:\/\/sub.hr\/sl\/product\/godisnje-dozvole-za-sportski-ribolov-2024\/\">glej dovolilnico za \u0161portni ribolov \u2013 POVEZAVA.<\/a><\/strong><\/p>\n<p><strong>Questo permesso NON \u00c8 PER LA PESCA SUBACQUEA \u2013 <a href=\"https:\/\/sub.hr\/sl\/product\/godisnje-dozvole-za-sportski-ribolov-2024\/\">glej permesso di pesca sportiva - POVEZAVA.<\/a><\/strong><\/p>\n<p><span style=\"color: #0000ff;\">\u21d2 Pomembno obvestilo \u21d0<\/span><br \/>\nZ odlo\u010dbo Uprave za ribi\u0161tvo Republike Hrva\u0161ke se dovoljenja za rekreacijski ribolov, odrejena danes, izdajo za jutri ali kasneje. Zato ni mo\u017eno naro\u010diti in izdati dovolilnice na isti dan.<\/p>\n<p>* posebne letne licence je mogo\u010de kupiti samo s PRIMARNO LETNO LICENCO (Primarno letno licenco lahko kupite samo do 1. marca teko\u010dega leta).<\/p>\n<p>**150-dnevna ribolovna dovolilnica velja najve\u010d za 150 dni oziroma do konca leto\u0161njega leta. Ne velja v naslednjem letu.<\/p>\n<p>Letna pristojbina za rekreacijski ribolov vklju\u010duje:<br \/>\n\u2013 letno dovoljenje za rekreacijski ribolov na morju v Republiki Hrva\u0161ki,<br \/>\n\u2013 PayPal\/ban\u010dna provizija,<\/p>\n<p>Ribi\u0161ko orodje in oprema, ki je dovoljena za uporabo v <strong>REKREACIJA<\/strong>\u00a0ribolov:<\/p>\n<ol>\n<li>najve\u010d dve ribi\u0161ki vrvici z maks. 3 trnki na vsaki vrvici (v hrva\u0161\u010dini: ODMET);<\/li>\n<li>najve\u010d dve ribi\u0161ki vrvici z maks. 3 trnki na vsaki vrvici (v hrva\u0161\u010dini: KAN\u010cENICA);<\/li>\n<li>najve\u010d dve ribi\u0161ki vrvici za panulo z maks. 3 trnki na vsako vrvico (v hrva\u0161\u010dini: PANULA);<\/li>\n<li>najve\u010d dve vrvici za lov s panulo, s trnki na vsaki vrvici za lovljenje glavono\u017ecev;<\/li>\n<li>velika naprava za lov na morske \u010drve (pasti), do dva (2) kosa.<\/li>\n<\/ol>\n<p>Najve\u010dji dovoljeni dnevni ulov je 5 kg rib in morskih organizmov.<\/p>","protected":false},"excerpt":{"rendered":"<p style=\"text-align: center;\">PROSIMO PREBERITE OPIS PRED NARO\u010cILOM!<\/p>","protected":false},"featured_media":226065,"comment_status":"closed","ping_status":"closed","template":"","meta":{"_et_pb_use_builder":"","_et_pb_old_content":"","_et_gb_content_width":""},"product_brand":[],"product_cat":[48,47],"product_tag":[],"class_list":{"0":"post-100260","1":"product","2":"type-product","3":"status-publish","4":"has-post-thumbnail","6":"product_cat-dnevne-dozvole-za-rekreacijski-ribolov","7":"product_cat-dozvole-za-rekreacijski-ribolov-2026","9":"first","10":"outofstock","11":"shipping-taxable","12":"product-type-grouped"},"yoast_head":"<!-- This site is optimized with the Yoast SEO plugin v27.3 - https:\/\/yoast.com\/product\/yoast-seo-wordpress\/ -->\n<title>Dnevne dozvole za REKREACIJSKI ribolov - 2025 - SUB.hr - Dozvola za ribolov 2026<\/title>\n<meta name=\"robots\" content=\"index, follow, max-snippet:-1, max-image-preview:large, max-video-preview:-1\" \/>\n<link rel=\"canonical\" href=\"https:\/\/sub.hr\/sl\/product\/dnevne-dovolilnice-za-rekreacijski-ribolov-v-letu-2024\/\" \/>\n<meta property=\"og:locale\" content=\"sl_SI\" \/>\n<meta property=\"og:type\" content=\"article\" \/>\n<meta property=\"og:title\" content=\"Dnevne dozvole za REKREACIJSKI ribolov - 2025 - SUB.hr - Dozvola za ribolov 2026\" \/>\n<meta property=\"og:description\" content=\"MOLIMO VAS PRO\u010cITAJTE OPIS PRIJE NARUD\u017dBE!\" \/>\n<meta property=\"og:url\" content=\"https:\/\/sub.hr\/sl\/product\/dnevne-dovolilnice-za-rekreacijski-ribolov-v-letu-2024\/\" \/>\n<meta property=\"og:site_name\" content=\"SUB.hr - Dozvola za ribolov 2026\" \/>\n<meta property=\"article:modified_time\" content=\"2026-03-01T23:44:08+00:00\" \/>\n<meta property=\"og:image\" content=\"https:\/\/sub.hr\/wp-content\/uploads\/2024\/02\/Dozvola-za-rekreacijski-ribolov-ribolov-na-moru-1000x1000-web.jpg\" \/>\n\t<meta property=\"og:image:width\" content=\"1000\" \/>\n\t<meta property=\"og:image:height\" content=\"1000\" \/>\n\t<meta property=\"og:image:type\" content=\"image\/jpeg\" \/>\n<meta name=\"twitter:card\" content=\"summary_large_image\" \/>\n<meta name=\"twitter:label1\" content=\"Est. reading time\" \/>\n\t<meta name=\"twitter:data1\" content=\"3 minute\" \/>\n<script type=\"application\/ld+json\" class=\"yoast-schema-graph\">{\"@context\":\"https:\\\/\\\/schema.org\",\"@graph\":[{\"@type\":\"WebPage\",\"@id\":\"https:\\\/\\\/sub.hr\\\/product\\\/dnevne-dozvole-za-rekreacijski-ribolov\\\/\",\"url\":\"https:\\\/\\\/sub.hr\\\/product\\\/dnevne-dozvole-za-rekreacijski-ribolov\\\/\",\"name\":\"Dnevne dozvole za REKREACIJSKI ribolov - 2025 - SUB.hr - Dozvola za ribolov 2026\",\"isPartOf\":{\"@id\":\"https:\\\/\\\/sub.hr\\\/#website\"},\"primaryImageOfPage\":{\"@id\":\"https:\\\/\\\/sub.hr\\\/product\\\/dnevne-dozvole-za-rekreacijski-ribolov\\\/#primaryimage\"},\"image\":{\"@id\":\"https:\\\/\\\/sub.hr\\\/product\\\/dnevne-dozvole-za-rekreacijski-ribolov\\\/#primaryimage\"},\"thumbnailUrl\":\"https:\\\/\\\/sub.hr\\\/wp-content\\\/uploads\\\/2024\\\/02\\\/Dozvola-za-rekreacijski-ribolov-ribolov-na-moru-1000x1000-web.jpg\",\"datePublished\":\"2024-02-04T20:35:41+00:00\",\"dateModified\":\"2026-03-01T23:44:08+00:00\",\"breadcrumb\":{\"@id\":\"https:\\\/\\\/sub.hr\\\/product\\\/dnevne-dozvole-za-rekreacijski-ribolov\\\/#breadcrumb\"},\"inLanguage\":\"sl-SI\",\"potentialAction\":[{\"@type\":\"ReadAction\",\"target\":[\"https:\\\/\\\/sub.hr\\\/product\\\/dnevne-dozvole-za-rekreacijski-ribolov\\\/\"]}]},{\"@type\":\"ImageObject\",\"inLanguage\":\"sl-SI\",\"@id\":\"https:\\\/\\\/sub.hr\\\/product\\\/dnevne-dozvole-za-rekreacijski-ribolov\\\/#primaryimage\",\"url\":\"https:\\\/\\\/sub.hr\\\/wp-content\\\/uploads\\\/2024\\\/02\\\/Dozvola-za-rekreacijski-ribolov-ribolov-na-moru-1000x1000-web.jpg\",\"contentUrl\":\"https:\\\/\\\/sub.hr\\\/wp-content\\\/uploads\\\/2024\\\/02\\\/Dozvola-za-rekreacijski-ribolov-ribolov-na-moru-1000x1000-web.jpg\",\"width\":1000,\"height\":1000},{\"@type\":\"BreadcrumbList\",\"@id\":\"https:\\\/\\\/sub.hr\\\/product\\\/dnevne-dozvole-za-rekreacijski-ribolov\\\/#breadcrumb\",\"itemListElement\":[{\"@type\":\"ListItem\",\"position\":1,\"name\":\"Po\u010detna stranica\",\"item\":\"https:\\\/\\\/sub.hr\\\/hr\\\/\"},{\"@type\":\"ListItem\",\"position\":2,\"name\":\"NARUD\u017dBA DOZVOLA\",\"item\":\"https:\\\/\\\/sub.hr\\\/hr\\\/narudzba-dozvola-za-ribolov\\\/\"},{\"@type\":\"ListItem\",\"position\":3,\"name\":\"Dnevne dozvole za REKREACIJSKI ribolov &#8211; 2025\"}]},{\"@type\":\"WebSite\",\"@id\":\"https:\\\/\\\/sub.hr\\\/#website\",\"url\":\"https:\\\/\\\/sub.hr\\\/\",\"name\":\"SUB.hr - Dozvola za ribolov 2026\",\"description\":\"Dozvola za ribolov Hrvatska - Fishing license Croatia - Permesso di Pesca Croazia\",\"potentialAction\":[{\"@type\":\"SearchAction\",\"target\":{\"@type\":\"EntryPoint\",\"urlTemplate\":\"https:\\\/\\\/sub.hr\\\/?s={search_term_string}\"},\"query-input\":{\"@type\":\"PropertyValueSpecification\",\"valueRequired\":true,\"valueName\":\"search_term_string\"}}],\"inLanguage\":\"sl-SI\"}]}<\/script>\n<!-- \/ Yoast SEO plugin. -->","yoast_head_json":{"title":"Dnevne dovolilnice za REKREACIJSKI ribolov - 2025 - SUB.hr - Ribolovno dovoljenje 2026","robots":{"index":"index","follow":"follow","max-snippet":"max-snippet:-1","max-image-preview":"max-image-preview:large","max-video-preview":"max-video-preview:-1"},"canonical":"https:\/\/sub.hr\/sl\/product\/dnevne-dovolilnice-za-rekreacijski-ribolov-v-letu-2024\/","og_locale":"sl_SI","og_type":"article","og_title":"Dnevne dozvole za REKREACIJSKI ribolov - 2025 - SUB.hr - Dozvola za ribolov 2026","og_description":"MOLIMO VAS PRO\u010cITAJTE OPIS PRIJE NARUD\u017dBE!","og_url":"https:\/\/sub.hr\/sl\/product\/dnevne-dovolilnice-za-rekreacijski-ribolov-v-letu-2024\/","og_site_name":"SUB.hr - Dozvola za ribolov 2026","article_modified_time":"2026-03-01T23:44:08+00:00","og_image":[{"width":1000,"height":1000,"url":"https:\/\/sub.hr\/wp-content\/uploads\/2024\/02\/Dozvola-za-rekreacijski-ribolov-ribolov-na-moru-1000x1000-web.jpg","type":"image\/jpeg"}],"twitter_card":"summary_large_image","twitter_misc":{"Est. reading time":"3 minute"},"schema":{"@context":"https:\/\/schema.org","@graph":[{"@type":"WebPage","@id":"https:\/\/sub.hr\/product\/dnevne-dozvole-za-rekreacijski-ribolov\/","url":"https:\/\/sub.hr\/product\/dnevne-dozvole-za-rekreacijski-ribolov\/","name":"Dnevne dovolilnice za REKREACIJSKI ribolov - 2025 - SUB.hr - Ribolovno dovoljenje 2026","isPartOf":{"@id":"https:\/\/sub.hr\/#website"},"primaryImageOfPage":{"@id":"https:\/\/sub.hr\/product\/dnevne-dozvole-za-rekreacijski-ribolov\/#primaryimage"},"image":{"@id":"https:\/\/sub.hr\/product\/dnevne-dozvole-za-rekreacijski-ribolov\/#primaryimage"},"thumbnailUrl":"https:\/\/sub.hr\/wp-content\/uploads\/2024\/02\/Dozvola-za-rekreacijski-ribolov-ribolov-na-moru-1000x1000-web.jpg","datePublished":"2024-02-04T20:35:41+00:00","dateModified":"2026-03-01T23:44:08+00:00","breadcrumb":{"@id":"https:\/\/sub.hr\/product\/dnevne-dozvole-za-rekreacijski-ribolov\/#breadcrumb"},"inLanguage":"sl-SI","potentialAction":[{"@type":"ReadAction","target":["https:\/\/sub.hr\/product\/dnevne-dozvole-za-rekreacijski-ribolov\/"]}]},{"@type":"ImageObject","inLanguage":"sl-SI","@id":"https:\/\/sub.hr\/product\/dnevne-dozvole-za-rekreacijski-ribolov\/#primaryimage","url":"https:\/\/sub.hr\/wp-content\/uploads\/2024\/02\/Dozvola-za-rekreacijski-ribolov-ribolov-na-moru-1000x1000-web.jpg","contentUrl":"https:\/\/sub.hr\/wp-content\/uploads\/2024\/02\/Dozvola-za-rekreacijski-ribolov-ribolov-na-moru-1000x1000-web.jpg","width":1000,"height":1000},{"@type":"BreadcrumbList","@id":"https:\/\/sub.hr\/product\/dnevne-dozvole-za-rekreacijski-ribolov\/#breadcrumb","itemListElement":[{"@type":"ListItem","position":1,"name":"Po\u010detna stranica","item":"https:\/\/sub.hr\/hr\/"},{"@type":"ListItem","position":2,"name":"NARUD\u017dBA DOZVOLA","item":"https:\/\/sub.hr\/hr\/narudzba-dozvola-za-ribolov\/"},{"@type":"ListItem","position":3,"name":"Dnevne dozvole za REKREACIJSKI ribolov &#8211; 2025"}]},{"@type":"WebSite","@id":"https:\/\/sub.hr\/#website","url":"https:\/\/sub.hr\/","name":"SUB.hr - Ribolovno dovoljenje 2026","description":"Dovoljenje za ribolov Hrva\u0161ka - Permesso di Pesca Croazia","potentialAction":[{"@type":"SearchAction","target":{"@type":"EntryPoint","urlTemplate":"https:\/\/sub.hr\/?s={search_term_string}"},"query-input":{"@type":"PropertyValueSpecification","valueRequired":true,"valueName":"search_term_string"}}],"inLanguage":"sl-SI"}]}},"_links":{"self":[{"href":"https:\/\/sub.hr\/sl\/wp-json\/wp\/v2\/product\/100260","targetHints":{"allow":["GET"]}}],"collection":[{"href":"https:\/\/sub.hr\/sl\/wp-json\/wp\/v2\/product"}],"about":[{"href":"https:\/\/sub.hr\/sl\/wp-json\/wp\/v2\/types\/product"}],"replies":[{"embeddable":true,"href":"https:\/\/sub.hr\/sl\/wp-json\/wp\/v2\/comments?post=100260"}],"wp:featuredmedia":[{"embeddable":true,"href":"https:\/\/sub.hr\/sl\/wp-json\/wp\/v2\/media\/226065"}],"wp:attachment":[{"href":"https:\/\/sub.hr\/sl\/wp-json\/wp\/v2\/media?parent=100260"}],"wp:term":[{"taxonomy":"product_brand","embeddable":true,"href":"https:\/\/sub.hr\/sl\/wp-json\/wp\/v2\/product_brand?post=100260"},{"taxonomy":"product_cat","embeddable":true,"href":"https:\/\/sub.hr\/sl\/wp-json\/wp\/v2\/product_cat?post=100260"},{"taxonomy":"product_tag","embeddable":true,"href":"https:\/\/sub.hr\/sl\/wp-json\/wp\/v2\/product_tag?post=100260"}],"curies":[{"name":"delovni list","href":"https:\/\/api.w.org\/{rel}","templated":true}]}}