{"id":100255,"date":"2025-12-01T21:30:27","date_gmt":"2025-12-01T20:30:27","guid":{"rendered":"https:\/\/sub.hr\/?post_type=product&#038;p=100255"},"modified":"2026-03-02T00:18:20","modified_gmt":"2026-03-01T23:18:20","slug":"godisnje-dozvole-za-sportski-ribolov-2026","status":"publish","type":"product","link":"https:\/\/sub.hr\/sl\/product\/letne-dovolilnice-za-sportni-ribolov-v-letu-2024\/","title":{"rendered":"Letne dovolilnice za \u0161portni ribolov \u2013 2026"},"content":{"rendered":"<p><strong>Cena letne dovolilnice za \u0161portni ribolov vklju\u010duje*:<\/strong><\/p>\n<ul>\n<li>letna dovolilnica za \u0161portni ribolov na morju v Republiki Hrva\u0161ki,<\/li>\n<li>\u010dlanarina Hrva\u0161ke zveze za \u0161portni ribolov na morju (HSSRM),<\/li>\n<li>\u010dlanarina SUB kluba,<\/li>\n<li>vse stro\u0161ke in provizije (provizije) pla\u010dil (banka\/PayPal in drugi).<\/li>\n<\/ul>\n<p>*(imetnik dovolilnice\/dovolilnice mora imeti pri sebi le osebni dokument, ki je naveden v dovolilnici\/dovolilnici za ribolov)<\/p>\n<p><strong>Ribi\u0161ko orodje in oprema na voljo z OSNOVNO LETNO ali dnevno dovolilnico\/dovolilnico za \u0161portni ribolov*:<\/strong><\/p>\n<ul>\n<li>najve\u010d dve pu\u0161ki za podvodni ribolov;<\/li>\n<li>najve\u010d dve vrvici (prosta kljuka), (v hrva\u0161\u010dini: ODMET);<\/li>\n<li>najve\u010d dve vrvici (v hrva\u0161\u010dini: KAN\u010cENICA);<\/li>\n<li>najve\u010d dve vrvici za lov panule (v hrva\u0161\u010dini: PANULA);<\/li>\n<li>najve\u010d dve vrvici za ribolov panule, s trnki na vsaki vrvici za ribolov glavono\u017ecev;<\/li>\n<li>velika naprava za lov na morske \u010drve (pasti), do dva (2) kosa.<\/li>\n<\/ul>\n<p>*(To dovoljenje\/dovoljenje je za podvodni ribolov in druga ribolovna orodja).<\/p>\n<p><strong>Posebna ali posebna dovoljenja za ribolov:<\/strong><\/p>\n<p>*Posebne dovolilnice za velike ribe (Big fishing) lahko kupite le ob nakupu osnovne (letne ali dnevne) dovolilnice v ustrezni starostni kategoriji.<\/p>\n<p>licence. Posebna dnevna dovolilnica za \u0161portni ribolov velikih rib mora veljati v \u010dasovnem obdobju (isti dnevi) kot osnovna dovolilnica za \u0161portni ribolov.<\/p>\n<p><strong>Druge opombe:<\/strong><\/p>\n<p>Najve\u010dji dnevni ulov je 5 kg rib ali morskih organizmov. Ribe, ujete pri \u0161portnem ribolovu, morajo biti po ulovu ozna\u010dene (npr. z odrezom dela repa).<\/p>\n<p>Vse vrste ribolovnih dovolilnic veljajo do izteka oziroma do konca leto\u0161njega leta in niso prenosljive v naslednje leto.<\/p>\n<p>Primer: dovoljenje\/licenca do 150 dni pomeni, da velja najve\u010d 150 dni oziroma do konca tega leta in ne velja za naslednje leto.<\/p>\n<p>Primarno LETNO dovoljenje\/licenco je mogo\u010de kupiti le do 1. marca teko\u010dega leta.<\/p>\n<p>Po va\u0161em naro\u010dilu in ko prejmemo va\u0161e pla\u010dilo, vam dovoljenje\/licenco po\u0161ljemo po elektronski po\u0161ti.<\/p>\n<p>Dovoljenja\/licence izdelujemo in po\u0161iljamo ve\u010dkrat na dan, ne takoj po oddaji naro\u010dila.<\/p>","protected":false},"excerpt":{"rendered":"<p>Cijena godi\u0161nje dozvole\/licence za sportski ribolov uklju\u010duje*: godi\u0161nju dozvolu\/licencu za \u0161portski ribolov na moru u RH, \u010dlanarinu Hrvatskog saveza za sportski ribolov na moru (HSSRM), \u010dlanarinu kluba SUB, svi tro\u0161kovi i naknade pla\u0107anja (fee) pla\u0107anja (banka\/PayPal i drugo). *(vlasnik dozvole\/licence je samo du\u017ean kod sebe imati osobni dokument koji je naveden u dozvoli\/licenci za ribolov) [&hellip;]<\/p>\n","protected":false},"featured_media":226064,"comment_status":"closed","ping_status":"closed","template":"","meta":{"_et_pb_use_builder":"","_et_pb_old_content":"","_et_gb_content_width":""},"product_brand":[],"product_cat":[46,45],"product_tag":[],"class_list":{"0":"post-100255","1":"product","2":"type-product","3":"status-publish","4":"has-post-thumbnail","6":"product_cat-godisnje-dozvole-sportski-ribolov","7":"product_cat-dozvole-za-sportski-ribolov","9":"first","10":"outofstock","11":"shipping-taxable","12":"product-type-grouped"},"yoast_head":"<!-- This site is optimized with the Yoast SEO plugin v27.3 - https:\/\/yoast.com\/product\/yoast-seo-wordpress\/ -->\n<title>Godi\u0161nje dozvole za SPORTSKI ribolov - 2026 - SUB.hr - Dozvola za ribolov 2026<\/title>\n<meta name=\"robots\" content=\"index, follow, max-snippet:-1, max-image-preview:large, max-video-preview:-1\" \/>\n<link rel=\"canonical\" href=\"https:\/\/sub.hr\/sl\/product\/letne-dovolilnice-za-sportni-ribolov-v-letu-2024\/\" \/>\n<meta property=\"og:locale\" content=\"sl_SI\" \/>\n<meta property=\"og:type\" content=\"article\" \/>\n<meta property=\"og:title\" content=\"Godi\u0161nje dozvole za SPORTSKI ribolov - 2026 - SUB.hr - Dozvola za ribolov 2026\" \/>\n<meta property=\"og:description\" content=\"Cijena godi\u0161nje dozvole\/licence za sportski ribolov uklju\u010duje*: godi\u0161nju dozvolu\/licencu za \u0161portski ribolov na moru u RH, \u010dlanarinu Hrvatskog saveza za sportski ribolov na moru (HSSRM), \u010dlanarinu kluba SUB, svi tro\u0161kovi i naknade pla\u0107anja (fee) pla\u0107anja (banka\/PayPal i drugo). *(vlasnik dozvole\/licence je samo du\u017ean kod sebe imati osobni dokument koji je naveden u dozvoli\/licenci za ribolov) [&hellip;]\" \/>\n<meta property=\"og:url\" content=\"https:\/\/sub.hr\/sl\/product\/letne-dovolilnice-za-sportni-ribolov-v-letu-2024\/\" \/>\n<meta property=\"og:site_name\" content=\"SUB.hr - Dozvola za ribolov 2026\" \/>\n<meta property=\"article:modified_time\" content=\"2026-03-01T23:18:20+00:00\" \/>\n<meta property=\"og:image\" content=\"https:\/\/sub.hr\/wp-content\/uploads\/2024\/02\/Dozvola-za-sportski-ribolov-namoru-1000x1000-web.jpg\" \/>\n\t<meta property=\"og:image:width\" content=\"1000\" \/>\n\t<meta property=\"og:image:height\" content=\"1000\" \/>\n\t<meta property=\"og:image:type\" content=\"image\/jpeg\" \/>\n<meta name=\"twitter:card\" content=\"summary_large_image\" \/>\n<meta name=\"twitter:label1\" content=\"Est. reading time\" \/>\n\t<meta name=\"twitter:data1\" content=\"2 minuti\" \/>\n<script type=\"application\/ld+json\" class=\"yoast-schema-graph\">{\"@context\":\"https:\\\/\\\/schema.org\",\"@graph\":[{\"@type\":\"WebPage\",\"@id\":\"https:\\\/\\\/sub.hr\\\/product\\\/godisnje-dozvole-za-sportski-ribolov-2026\\\/\",\"url\":\"https:\\\/\\\/sub.hr\\\/product\\\/godisnje-dozvole-za-sportski-ribolov-2026\\\/\",\"name\":\"Godi\u0161nje dozvole za SPORTSKI ribolov - 2026 - SUB.hr - Dozvola za ribolov 2026\",\"isPartOf\":{\"@id\":\"https:\\\/\\\/sub.hr\\\/#website\"},\"primaryImageOfPage\":{\"@id\":\"https:\\\/\\\/sub.hr\\\/product\\\/godisnje-dozvole-za-sportski-ribolov-2026\\\/#primaryimage\"},\"image\":{\"@id\":\"https:\\\/\\\/sub.hr\\\/product\\\/godisnje-dozvole-za-sportski-ribolov-2026\\\/#primaryimage\"},\"thumbnailUrl\":\"https:\\\/\\\/sub.hr\\\/wp-content\\\/uploads\\\/2024\\\/02\\\/Dozvola-za-sportski-ribolov-namoru-1000x1000-web.jpg\",\"datePublished\":\"2025-12-01T20:30:27+00:00\",\"dateModified\":\"2026-03-01T23:18:20+00:00\",\"breadcrumb\":{\"@id\":\"https:\\\/\\\/sub.hr\\\/product\\\/godisnje-dozvole-za-sportski-ribolov-2026\\\/#breadcrumb\"},\"inLanguage\":\"sl-SI\",\"potentialAction\":[{\"@type\":\"ReadAction\",\"target\":[\"https:\\\/\\\/sub.hr\\\/product\\\/godisnje-dozvole-za-sportski-ribolov-2026\\\/\"]}]},{\"@type\":\"ImageObject\",\"inLanguage\":\"sl-SI\",\"@id\":\"https:\\\/\\\/sub.hr\\\/product\\\/godisnje-dozvole-za-sportski-ribolov-2026\\\/#primaryimage\",\"url\":\"https:\\\/\\\/sub.hr\\\/wp-content\\\/uploads\\\/2024\\\/02\\\/Dozvola-za-sportski-ribolov-namoru-1000x1000-web.jpg\",\"contentUrl\":\"https:\\\/\\\/sub.hr\\\/wp-content\\\/uploads\\\/2024\\\/02\\\/Dozvola-za-sportski-ribolov-namoru-1000x1000-web.jpg\",\"width\":1000,\"height\":1000},{\"@type\":\"BreadcrumbList\",\"@id\":\"https:\\\/\\\/sub.hr\\\/product\\\/godisnje-dozvole-za-sportski-ribolov-2026\\\/#breadcrumb\",\"itemListElement\":[{\"@type\":\"ListItem\",\"position\":1,\"name\":\"Po\u010detna stranica\",\"item\":\"https:\\\/\\\/sub.hr\\\/hr\\\/\"},{\"@type\":\"ListItem\",\"position\":2,\"name\":\"NARUD\u017dBA DOZVOLA\",\"item\":\"https:\\\/\\\/sub.hr\\\/hr\\\/narudzba-dozvola-za-ribolov\\\/\"},{\"@type\":\"ListItem\",\"position\":3,\"name\":\"Godi\u0161nje dozvole za SPORTSKI ribolov &#8211; 2026\"}]},{\"@type\":\"WebSite\",\"@id\":\"https:\\\/\\\/sub.hr\\\/#website\",\"url\":\"https:\\\/\\\/sub.hr\\\/\",\"name\":\"SUB.hr - Dozvola za ribolov 2026\",\"description\":\"Dozvola za ribolov Hrvatska - Fishing license Croatia - Permesso di Pesca Croazia\",\"potentialAction\":[{\"@type\":\"SearchAction\",\"target\":{\"@type\":\"EntryPoint\",\"urlTemplate\":\"https:\\\/\\\/sub.hr\\\/?s={search_term_string}\"},\"query-input\":{\"@type\":\"PropertyValueSpecification\",\"valueRequired\":true,\"valueName\":\"search_term_string\"}}],\"inLanguage\":\"sl-SI\"}]}<\/script>\n<!-- \/ Yoast SEO plugin. -->","yoast_head_json":{"title":"Letne dovolilnice za \u0160PORTNI ribolov - 2026 - SUB.hr - Ribolovno dovoljenje 2026","robots":{"index":"index","follow":"follow","max-snippet":"max-snippet:-1","max-image-preview":"max-image-preview:large","max-video-preview":"max-video-preview:-1"},"canonical":"https:\/\/sub.hr\/sl\/product\/letne-dovolilnice-za-sportni-ribolov-v-letu-2024\/","og_locale":"sl_SI","og_type":"article","og_title":"Godi\u0161nje dozvole za SPORTSKI ribolov - 2026 - SUB.hr - Dozvola za ribolov 2026","og_description":"Cijena godi\u0161nje dozvole\/licence za sportski ribolov uklju\u010duje*: godi\u0161nju dozvolu\/licencu za \u0161portski ribolov na moru u RH, \u010dlanarinu Hrvatskog saveza za sportski ribolov na moru (HSSRM), \u010dlanarinu kluba SUB, svi tro\u0161kovi i naknade pla\u0107anja (fee) pla\u0107anja (banka\/PayPal i drugo). *(vlasnik dozvole\/licence je samo du\u017ean kod sebe imati osobni dokument koji je naveden u dozvoli\/licenci za ribolov) [&hellip;]","og_url":"https:\/\/sub.hr\/sl\/product\/letne-dovolilnice-za-sportni-ribolov-v-letu-2024\/","og_site_name":"SUB.hr - Dozvola za ribolov 2026","article_modified_time":"2026-03-01T23:18:20+00:00","og_image":[{"width":1000,"height":1000,"url":"https:\/\/sub.hr\/wp-content\/uploads\/2024\/02\/Dozvola-za-sportski-ribolov-namoru-1000x1000-web.jpg","type":"image\/jpeg"}],"twitter_card":"summary_large_image","twitter_misc":{"Est. reading time":"2 minuti"},"schema":{"@context":"https:\/\/schema.org","@graph":[{"@type":"WebPage","@id":"https:\/\/sub.hr\/product\/godisnje-dozvole-za-sportski-ribolov-2026\/","url":"https:\/\/sub.hr\/product\/godisnje-dozvole-za-sportski-ribolov-2026\/","name":"Letne dovolilnice za \u0160PORTNI ribolov - 2026 - SUB.hr - Ribolovno dovoljenje 2026","isPartOf":{"@id":"https:\/\/sub.hr\/#website"},"primaryImageOfPage":{"@id":"https:\/\/sub.hr\/product\/godisnje-dozvole-za-sportski-ribolov-2026\/#primaryimage"},"image":{"@id":"https:\/\/sub.hr\/product\/godisnje-dozvole-za-sportski-ribolov-2026\/#primaryimage"},"thumbnailUrl":"https:\/\/sub.hr\/wp-content\/uploads\/2024\/02\/Dozvola-za-sportski-ribolov-namoru-1000x1000-web.jpg","datePublished":"2025-12-01T20:30:27+00:00","dateModified":"2026-03-01T23:18:20+00:00","breadcrumb":{"@id":"https:\/\/sub.hr\/product\/godisnje-dozvole-za-sportski-ribolov-2026\/#breadcrumb"},"inLanguage":"sl-SI","potentialAction":[{"@type":"ReadAction","target":["https:\/\/sub.hr\/product\/godisnje-dozvole-za-sportski-ribolov-2026\/"]}]},{"@type":"ImageObject","inLanguage":"sl-SI","@id":"https:\/\/sub.hr\/product\/godisnje-dozvole-za-sportski-ribolov-2026\/#primaryimage","url":"https:\/\/sub.hr\/wp-content\/uploads\/2024\/02\/Dozvola-za-sportski-ribolov-namoru-1000x1000-web.jpg","contentUrl":"https:\/\/sub.hr\/wp-content\/uploads\/2024\/02\/Dozvola-za-sportski-ribolov-namoru-1000x1000-web.jpg","width":1000,"height":1000},{"@type":"BreadcrumbList","@id":"https:\/\/sub.hr\/product\/godisnje-dozvole-za-sportski-ribolov-2026\/#breadcrumb","itemListElement":[{"@type":"ListItem","position":1,"name":"Po\u010detna stranica","item":"https:\/\/sub.hr\/hr\/"},{"@type":"ListItem","position":2,"name":"NARUD\u017dBA DOZVOLA","item":"https:\/\/sub.hr\/hr\/narudzba-dozvola-za-ribolov\/"},{"@type":"ListItem","position":3,"name":"Godi\u0161nje dozvole za SPORTSKI ribolov &#8211; 2026"}]},{"@type":"WebSite","@id":"https:\/\/sub.hr\/#website","url":"https:\/\/sub.hr\/","name":"SUB.hr - Ribolovno dovoljenje 2026","description":"Dovoljenje za ribolov Hrva\u0161ka - Permesso di Pesca Croazia","potentialAction":[{"@type":"SearchAction","target":{"@type":"EntryPoint","urlTemplate":"https:\/\/sub.hr\/?s={search_term_string}"},"query-input":{"@type":"PropertyValueSpecification","valueRequired":true,"valueName":"search_term_string"}}],"inLanguage":"sl-SI"}]}},"_links":{"self":[{"href":"https:\/\/sub.hr\/sl\/wp-json\/wp\/v2\/product\/100255","targetHints":{"allow":["GET"]}}],"collection":[{"href":"https:\/\/sub.hr\/sl\/wp-json\/wp\/v2\/product"}],"about":[{"href":"https:\/\/sub.hr\/sl\/wp-json\/wp\/v2\/types\/product"}],"replies":[{"embeddable":true,"href":"https:\/\/sub.hr\/sl\/wp-json\/wp\/v2\/comments?post=100255"}],"wp:featuredmedia":[{"embeddable":true,"href":"https:\/\/sub.hr\/sl\/wp-json\/wp\/v2\/media\/226064"}],"wp:attachment":[{"href":"https:\/\/sub.hr\/sl\/wp-json\/wp\/v2\/media?parent=100255"}],"wp:term":[{"taxonomy":"product_brand","embeddable":true,"href":"https:\/\/sub.hr\/sl\/wp-json\/wp\/v2\/product_brand?post=100255"},{"taxonomy":"product_cat","embeddable":true,"href":"https:\/\/sub.hr\/sl\/wp-json\/wp\/v2\/product_cat?post=100255"},{"taxonomy":"product_tag","embeddable":true,"href":"https:\/\/sub.hr\/sl\/wp-json\/wp\/v2\/product_tag?post=100255"}],"curies":[{"name":"delovni list","href":"https:\/\/api.w.org\/{rel}","templated":true}]}}