{"id":100107,"date":"2025-12-01T22:00:16","date_gmt":"2025-12-01T21:00:16","guid":{"rendered":"https:\/\/sub.hr\/?post_type=product&#038;p=100107"},"modified":"2026-03-02T00:37:55","modified_gmt":"2026-03-01T23:37:55","slug":"dozvole-za-rekreacijski-ribolov-2026","status":"publish","type":"product","link":"https:\/\/sub.hr\/sl\/product\/dovolilnice-za-rekreacijski-ribolov-v-letu-2025\/","title":{"rendered":"Dovoljenja za rekreativni ribolov \u2013 2026"},"content":{"rendered":"<p>Opombe pred naro\u010dilom: Dovoljenja\/licence za do 150 dni za osebe, stare od 18 do 65 let, in za osebe, mlaj\u0161e od 18 let, imajo enako ceno kot dovoljenje\/licenca ZA \u0160PORT in\/ali REKREACIJO.<\/p>\n<p style=\"text-align: left;\">Dovoljenja\/licence niso na voljo takoj po oddaji naro\u010dila.<\/p>\n<p style=\"text-align: left;\">Dovoljenja\/licence izdajamo ve\u010dkrat na dan in jih po\u0161iljamo na e-po\u0161to naro\u010dnika.<\/p>\n<p style=\"text-align: left;\">Po naro\u010dilu in pla\u010dilu na na\u0161 ra\u010dun izdamo Dovoljenja\/Licence tekom dneva (v roku 24 ur).<\/p>\n<p style=\"text-align: left;\">Prosimo, naro\u010dite dovoljenja\/licence pravo\u010dasno. Dovoljenj\/licenc nismo dol\u017eni izdati ob zaklju\u010dku naro\u010dila ali takoj.<\/p>\n<p>\u2014-SL\u2014- Vse po eni ceni. Izbrano pla\u010dilo vklju\u010duje vse stro\u0161ke za REKREACIJSKI ribolov na Hrva\u0161kem. S seboj vzemite le osebno izkaznico in za REKREACIJSKI ribolov ne potrebujete dodatnih dokumentov. Po va\u0161em naro\u010dilu in prejemu pla\u010dila vam bomo dovoljenje poslali na va\u0161 e-po\u0161tni naslov. <strong><span style=\"color: #ff0000;\">Licence veljajo do izteka oziroma do konca leto\u0161njega leta.<\/span><\/strong> <span style=\"color: #ff0000;\"><a style=\"color: #ff0000;\" href=\"https:\/\/sub.hr\/sl\/product\/2022-sport-fishing-licenses\/\"><strong>Priporo\u010dilo: Za osebe od 18. do 65. leta je do 1. marca najbolj ugoden nakup LETNE DOVOLJENICE ZA \u0160PORTNI RIBOLOV \u2013 POVEZAVA.<\/strong><\/a><\/span> <strong>Ta licenca je <em>NI ZA PODVODNI RIBOLOV<\/em>\u00a0\u2013 <a href=\"https:\/\/sub.hr\/sl\/product\/godisnje-dozvole-za-sportski-ribolov-2024\/\">glej dovolilnico za \u0161portni ribolov \u2013 POVEZAVA.<\/a><\/strong> <strong>Questo permesso NON \u00c8 PER LA PESCA SUBACQUEA \u2013 <a href=\"https:\/\/sub.hr\/sl\/product\/godisnje-dozvole-za-sportski-ribolov-2024\/\">glej permesso di pesca sportiva - POVEZAVA.<\/a><\/strong> <span style=\"color: #0000ff;\">\u21d2 Pomembno obvestilo \u21d0<\/span> Po sklepu Uprave za ribi\u0161tvo Republike Hrva\u0161ke se danes naro\u010dena dovoljenja za rekreacijski ribolov izdajo za jutri ali kasneje. Zato naro\u010dilo in izdaja dovoljenja ni mogo\u010da isti dan. * posebna letna dovoljenja je mogo\u010de kupiti le z OSNOVNIM LETNIM DOVOLJENJEM (osnovno letno dovoljenje je mogo\u010de kupiti le do 1. marca teko\u010dega leta). **150-dnevno ribolovno dovoljenje velja najve\u010d 150 dni oziroma do konca tega leta. Ne velja v naslednjem letu. Pristojbina za letno dovoljenje za rekreacijski ribolov vklju\u010duje: \u2013 Letno dovoljenje za rekreacijski ribolov na morju v Republiki Hrva\u0161ki, \u2013 Provizijo za PayPal\/ban\u010dno provizijo, ribolovno orodje in opremo, ki jo je dovoljeno uporabljati v <strong>REKREACIJA<\/strong>\u00a0ribolov:<\/p>\n<ol>\n<li>najve\u010d dve ribi\u0161ki vrvici z maks. 3 trnki na vsaki vrvici (v hrva\u0161\u010dini: ODMET);<\/li>\n<li>najve\u010d dve ribi\u0161ki vrvici z maks. 3 trnki na vsaki vrvici (v hrva\u0161\u010dini: KAN\u010cENICA);<\/li>\n<li>najve\u010d dve ribi\u0161ki vrvici za panulo z maks. 3 trnki na vsako vrvico (v hrva\u0161\u010dini: PANULA);<\/li>\n<li>najve\u010d dve vrvici za lov s panulo, s trnki na vsaki vrvici za lovljenje glavono\u017ecev;<\/li>\n<li>velika naprava za lov na morske \u010drve (pasti), do dva (2) kosa.<\/li>\n<\/ol>\n<p>Najve\u010dji dovoljeni dnevni ulov je 5 kg rib in morskih organizmov.<\/p>","protected":false},"excerpt":{"rendered":"<p>Pri REKREACIJSKEM ribolovu so na voljo dovoljenja\/dovoljenja za:<\/p>\n<p>\u2013 osebe, stare od 18 do 65 let (rojene med letoma 1962 in 2008),<\/p>\n<p>\u2013 osebe, starej\u0161e od 65 let (rojene leta 1961 in starej\u0161e)<\/p>\n<p>\u2013 osebe, mlaj\u0161e od 18 let (rojene leta 2009 in mlaj\u0161e)<\/p>","protected":false},"featured_media":226065,"comment_status":"closed","ping_status":"closed","template":"","meta":{"_et_pb_use_builder":"off","_et_pb_old_content":"Napomene prije narud\u017ebe: Dozvole\/licence do 150 dana za osobe od 18-65 godina i za osobe do 18 godina imaju istu cijenu za SPORT i\/ili REKREACIJSKU dozvolu\/licencu.\r\n<p style=\"text-align: left\">Dozvole\/Licence nisu dostupne odmah nakon napravljene narud\u017ebe.<\/p>\r\n<p style=\"text-align: left\">Dozvole\/Licence izdajemo nekoliko puta dnevno i \u0161aljemo na email naru\u010ditelja.<\/p>\r\n<p style=\"text-align: left\">Nakon narud\u017ebe i provedenog pla\u0107anja na na\u0161 ra\u010dun Dozvole\/Licence izdajemo tijekom dana (u roku od 24h).<\/p>\r\n<p style=\"text-align: left\">Molimo naru\u010dite Dozvole\/Licence na vrijeme. Nismo du\u017eni izdati Dozvole\/Licence u trenutku zavr\u0161ene narud\u017ebe ili odmah.<\/p>\r\n----EN---- It's all at one price. Featured payment includes all fees for RECREATIONAL Fishing in Croatia. Only take your ID card and you do not need additional documents for RECREATIONAL fishing. After your order and when we receive your payment, we send the license to your email. <strong><span style=\"color: #ff0000\">Licenses are valid until the expiration date or the end of this year.<\/span><\/strong> <span style=\"color: #ff0000\"><a style=\"color: #ff0000\" href=\"https:\/\/sub.hr\/product\/2022-sport-fishing-licenses\/\"><strong>Recommendation: For people from 18 to 65 years of age until March 1, it is most cost-effective to buy an ANNUAL SPORTS FISHING LICENSE - LINK.<\/strong><\/a><\/span> <strong>This license is <em>NOT FOR SPEARFISHING<\/em>\u00a0- <a href=\"https:\/\/sub.hr\/product\/godisnje-dozvole-za-sportski-ribolov-2024\/\">see sport fishing license - LINK.<\/a><\/strong> <strong>Questo permesso NON \u00c8 PER LA PESCA SUBACQUEA - <a href=\"https:\/\/sub.hr\/product\/godisnje-dozvole-za-sportski-ribolov-2024\/\">vedi permesso di pesca sportiva - LINK.<\/a><\/strong> <span style=\"color: #0000ff\">\u21d2 Important Notice \u21d0<\/span> By the decision of the Fisheries Administration of the Republic of Croatia, licenses for recreational fishing ordered today are issued for tomorrow or later. Therefore, it is not possible to order and issue a permit on the same day. * special annual licenses can only be purchased with a PRIMARY ANNUAL LICENSE (A primary annual license can be purchased only until March 1 of the current year). **A 150-day fishing license is a maximum of 150 days or until the end of this year. Not valid in the following year. The annual recreational fishing license fee includes: - An annual license for recreational fishing at sea in the Republic of Croatia, - PayPal\/Bank fee, Fishing tools and gear that are allowed to be used in <strong>RECREATIONAL<\/strong>\u00a0fishing:\r\n<ol>\r\n \t<li>maximum of two fishing lines, with a max. 3 hooks on each line (in Croatian: ODMET);<\/li>\r\n \t<li>maximum of two fishing lines, with a max. 3 hooks on each line (in Croatian: KAN\u010cENICA);<\/li>\r\n \t<li>maximum of two trolling fishing lines, with a max. 3 hooks on each line (in Croatian: PANULA);<\/li>\r\n \t<li>maximum two trolling lines, with hooks on each line for catching\u00a0 Cephalopods;<\/li>\r\n \t<li>a large sea worm (trap) hunting device, up to two (2) pieces.<\/li>\r\n<\/ol>\r\nThe maximum allowed daily catch is 5 kg of fish and marine organisms.","_et_gb_content_width":""},"product_brand":[],"product_cat":[48,49,47],"product_tag":[],"class_list":{"0":"post-100107","1":"product","2":"type-product","3":"status-publish","4":"has-post-thumbnail","6":"product_cat-dnevne-dozvole-za-rekreacijski-ribolov","7":"product_cat-godisnje-dozvole-rekreacijski-ribolov","8":"product_cat-dozvole-za-rekreacijski-ribolov-2026","10":"first","11":"instock","12":"shipping-taxable","13":"product-type-grouped"},"yoast_head":"<!-- This site is optimized with the Yoast SEO plugin v27.3 - https:\/\/yoast.com\/product\/yoast-seo-wordpress\/ -->\n<title>Dozvole za REKREACIJSKI ribolov - 2026 - SUB.hr - Dozvola za ribolov 2026<\/title>\n<meta name=\"robots\" content=\"index, follow, max-snippet:-1, max-image-preview:large, max-video-preview:-1\" \/>\n<link rel=\"canonical\" href=\"https:\/\/sub.hr\/sl\/product\/dovolilnice-za-rekreacijski-ribolov-v-letu-2025\/\" \/>\n<meta property=\"og:locale\" content=\"sl_SI\" \/>\n<meta property=\"og:type\" content=\"article\" \/>\n<meta property=\"og:title\" content=\"Dozvole za REKREACIJSKI ribolov - 2026 - SUB.hr - Dozvola za ribolov 2026\" \/>\n<meta property=\"og:description\" content=\"U REKREACIJSKOM ribolovu dostupne su dozvole\/licence za:  - osobe od 18 do 65 godina (od 1962. do 2008. godi\u0161te),  - osobe preko 65 godina (1961. godi\u0161te i stariji)  - osobe do 18 godina (2009. godi\u0161te i mla\u0111i)\" \/>\n<meta property=\"og:url\" content=\"https:\/\/sub.hr\/sl\/product\/dovolilnice-za-rekreacijski-ribolov-v-letu-2025\/\" \/>\n<meta property=\"og:site_name\" content=\"SUB.hr - Dozvola za ribolov 2026\" \/>\n<meta property=\"article:modified_time\" content=\"2026-03-01T23:37:55+00:00\" \/>\n<meta property=\"og:image\" content=\"https:\/\/sub.hr\/wp-content\/uploads\/2024\/02\/Dozvola-za-rekreacijski-ribolov-ribolov-na-moru-1000x1000-web.jpg\" \/>\n\t<meta property=\"og:image:width\" content=\"1000\" \/>\n\t<meta property=\"og:image:height\" content=\"1000\" \/>\n\t<meta property=\"og:image:type\" content=\"image\/jpeg\" \/>\n<meta name=\"twitter:card\" content=\"summary_large_image\" \/>\n<meta name=\"twitter:label1\" content=\"Est. reading time\" \/>\n\t<meta name=\"twitter:data1\" content=\"3 minute\" \/>\n<script type=\"application\/ld+json\" class=\"yoast-schema-graph\">{\"@context\":\"https:\\\/\\\/schema.org\",\"@graph\":[{\"@type\":\"WebPage\",\"@id\":\"https:\\\/\\\/sub.hr\\\/product\\\/dozvole-za-rekreacijski-ribolov-2026\\\/\",\"url\":\"https:\\\/\\\/sub.hr\\\/product\\\/dozvole-za-rekreacijski-ribolov-2026\\\/\",\"name\":\"Dozvole za REKREACIJSKI ribolov - 2026 - SUB.hr - Dozvola za ribolov 2026\",\"isPartOf\":{\"@id\":\"https:\\\/\\\/sub.hr\\\/#website\"},\"primaryImageOfPage\":{\"@id\":\"https:\\\/\\\/sub.hr\\\/product\\\/dozvole-za-rekreacijski-ribolov-2026\\\/#primaryimage\"},\"image\":{\"@id\":\"https:\\\/\\\/sub.hr\\\/product\\\/dozvole-za-rekreacijski-ribolov-2026\\\/#primaryimage\"},\"thumbnailUrl\":\"https:\\\/\\\/sub.hr\\\/wp-content\\\/uploads\\\/2024\\\/02\\\/Dozvola-za-rekreacijski-ribolov-ribolov-na-moru-1000x1000-web.jpg\",\"datePublished\":\"2025-12-01T21:00:16+00:00\",\"dateModified\":\"2026-03-01T23:37:55+00:00\",\"breadcrumb\":{\"@id\":\"https:\\\/\\\/sub.hr\\\/product\\\/dozvole-za-rekreacijski-ribolov-2026\\\/#breadcrumb\"},\"inLanguage\":\"sl-SI\",\"potentialAction\":[{\"@type\":\"ReadAction\",\"target\":[\"https:\\\/\\\/sub.hr\\\/product\\\/dozvole-za-rekreacijski-ribolov-2026\\\/\"]}]},{\"@type\":\"ImageObject\",\"inLanguage\":\"sl-SI\",\"@id\":\"https:\\\/\\\/sub.hr\\\/product\\\/dozvole-za-rekreacijski-ribolov-2026\\\/#primaryimage\",\"url\":\"https:\\\/\\\/sub.hr\\\/wp-content\\\/uploads\\\/2024\\\/02\\\/Dozvola-za-rekreacijski-ribolov-ribolov-na-moru-1000x1000-web.jpg\",\"contentUrl\":\"https:\\\/\\\/sub.hr\\\/wp-content\\\/uploads\\\/2024\\\/02\\\/Dozvola-za-rekreacijski-ribolov-ribolov-na-moru-1000x1000-web.jpg\",\"width\":1000,\"height\":1000},{\"@type\":\"BreadcrumbList\",\"@id\":\"https:\\\/\\\/sub.hr\\\/product\\\/dozvole-za-rekreacijski-ribolov-2026\\\/#breadcrumb\",\"itemListElement\":[{\"@type\":\"ListItem\",\"position\":1,\"name\":\"Po\u010detna stranica\",\"item\":\"https:\\\/\\\/sub.hr\\\/hr\\\/\"},{\"@type\":\"ListItem\",\"position\":2,\"name\":\"NARUD\u017dBA DOZVOLA\",\"item\":\"https:\\\/\\\/sub.hr\\\/hr\\\/narudzba-dozvola-za-ribolov\\\/\"},{\"@type\":\"ListItem\",\"position\":3,\"name\":\"Dozvole za REKREACIJSKI ribolov &#8211; 2026\"}]},{\"@type\":\"WebSite\",\"@id\":\"https:\\\/\\\/sub.hr\\\/#website\",\"url\":\"https:\\\/\\\/sub.hr\\\/\",\"name\":\"SUB.hr - Dozvola za ribolov 2026\",\"description\":\"Dozvola za ribolov Hrvatska - Fishing license Croatia - Permesso di Pesca Croazia\",\"potentialAction\":[{\"@type\":\"SearchAction\",\"target\":{\"@type\":\"EntryPoint\",\"urlTemplate\":\"https:\\\/\\\/sub.hr\\\/?s={search_term_string}\"},\"query-input\":{\"@type\":\"PropertyValueSpecification\",\"valueRequired\":true,\"valueName\":\"search_term_string\"}}],\"inLanguage\":\"sl-SI\"}]}<\/script>\n<!-- \/ Yoast SEO plugin. -->","yoast_head_json":{"title":"Dovoljenja za rekreativni ribolov - 2026 - SUB.hr - Dovoljenje za ribolov 2026","robots":{"index":"index","follow":"follow","max-snippet":"max-snippet:-1","max-image-preview":"max-image-preview:large","max-video-preview":"max-video-preview:-1"},"canonical":"https:\/\/sub.hr\/sl\/product\/dovolilnice-za-rekreacijski-ribolov-v-letu-2025\/","og_locale":"sl_SI","og_type":"article","og_title":"Dozvole za REKREACIJSKI ribolov - 2026 - SUB.hr - Dozvola za ribolov 2026","og_description":"U REKREACIJSKOM ribolovu dostupne su dozvole\/licence za:  - osobe od 18 do 65 godina (od 1962. do 2008. godi\u0161te),  - osobe preko 65 godina (1961. godi\u0161te i stariji)  - osobe do 18 godina (2009. godi\u0161te i mla\u0111i)","og_url":"https:\/\/sub.hr\/sl\/product\/dovolilnice-za-rekreacijski-ribolov-v-letu-2025\/","og_site_name":"SUB.hr - Dozvola za ribolov 2026","article_modified_time":"2026-03-01T23:37:55+00:00","og_image":[{"width":1000,"height":1000,"url":"https:\/\/sub.hr\/wp-content\/uploads\/2024\/02\/Dozvola-za-rekreacijski-ribolov-ribolov-na-moru-1000x1000-web.jpg","type":"image\/jpeg"}],"twitter_card":"summary_large_image","twitter_misc":{"Est. reading time":"3 minute"},"schema":{"@context":"https:\/\/schema.org","@graph":[{"@type":"WebPage","@id":"https:\/\/sub.hr\/product\/dozvole-za-rekreacijski-ribolov-2026\/","url":"https:\/\/sub.hr\/product\/dozvole-za-rekreacijski-ribolov-2026\/","name":"Dovoljenja za rekreativni ribolov - 2026 - SUB.hr - Dovoljenje za ribolov 2026","isPartOf":{"@id":"https:\/\/sub.hr\/#website"},"primaryImageOfPage":{"@id":"https:\/\/sub.hr\/product\/dozvole-za-rekreacijski-ribolov-2026\/#primaryimage"},"image":{"@id":"https:\/\/sub.hr\/product\/dozvole-za-rekreacijski-ribolov-2026\/#primaryimage"},"thumbnailUrl":"https:\/\/sub.hr\/wp-content\/uploads\/2024\/02\/Dozvola-za-rekreacijski-ribolov-ribolov-na-moru-1000x1000-web.jpg","datePublished":"2025-12-01T21:00:16+00:00","dateModified":"2026-03-01T23:37:55+00:00","breadcrumb":{"@id":"https:\/\/sub.hr\/product\/dozvole-za-rekreacijski-ribolov-2026\/#breadcrumb"},"inLanguage":"sl-SI","potentialAction":[{"@type":"ReadAction","target":["https:\/\/sub.hr\/product\/dozvole-za-rekreacijski-ribolov-2026\/"]}]},{"@type":"ImageObject","inLanguage":"sl-SI","@id":"https:\/\/sub.hr\/product\/dozvole-za-rekreacijski-ribolov-2026\/#primaryimage","url":"https:\/\/sub.hr\/wp-content\/uploads\/2024\/02\/Dozvola-za-rekreacijski-ribolov-ribolov-na-moru-1000x1000-web.jpg","contentUrl":"https:\/\/sub.hr\/wp-content\/uploads\/2024\/02\/Dozvola-za-rekreacijski-ribolov-ribolov-na-moru-1000x1000-web.jpg","width":1000,"height":1000},{"@type":"BreadcrumbList","@id":"https:\/\/sub.hr\/product\/dozvole-za-rekreacijski-ribolov-2026\/#breadcrumb","itemListElement":[{"@type":"ListItem","position":1,"name":"Po\u010detna stranica","item":"https:\/\/sub.hr\/hr\/"},{"@type":"ListItem","position":2,"name":"NARUD\u017dBA DOZVOLA","item":"https:\/\/sub.hr\/hr\/narudzba-dozvola-za-ribolov\/"},{"@type":"ListItem","position":3,"name":"Dozvole za REKREACIJSKI ribolov &#8211; 2026"}]},{"@type":"WebSite","@id":"https:\/\/sub.hr\/#website","url":"https:\/\/sub.hr\/","name":"SUB.hr - Ribolovno dovoljenje 2026","description":"Dovoljenje za ribolov Hrva\u0161ka - Permesso di Pesca Croazia","potentialAction":[{"@type":"SearchAction","target":{"@type":"EntryPoint","urlTemplate":"https:\/\/sub.hr\/?s={search_term_string}"},"query-input":{"@type":"PropertyValueSpecification","valueRequired":true,"valueName":"search_term_string"}}],"inLanguage":"sl-SI"}]}},"_links":{"self":[{"href":"https:\/\/sub.hr\/sl\/wp-json\/wp\/v2\/product\/100107","targetHints":{"allow":["GET"]}}],"collection":[{"href":"https:\/\/sub.hr\/sl\/wp-json\/wp\/v2\/product"}],"about":[{"href":"https:\/\/sub.hr\/sl\/wp-json\/wp\/v2\/types\/product"}],"replies":[{"embeddable":true,"href":"https:\/\/sub.hr\/sl\/wp-json\/wp\/v2\/comments?post=100107"}],"wp:featuredmedia":[{"embeddable":true,"href":"https:\/\/sub.hr\/sl\/wp-json\/wp\/v2\/media\/226065"}],"wp:attachment":[{"href":"https:\/\/sub.hr\/sl\/wp-json\/wp\/v2\/media?parent=100107"}],"wp:term":[{"taxonomy":"product_brand","embeddable":true,"href":"https:\/\/sub.hr\/sl\/wp-json\/wp\/v2\/product_brand?post=100107"},{"taxonomy":"product_cat","embeddable":true,"href":"https:\/\/sub.hr\/sl\/wp-json\/wp\/v2\/product_cat?post=100107"},{"taxonomy":"product_tag","embeddable":true,"href":"https:\/\/sub.hr\/sl\/wp-json\/wp\/v2\/product_tag?post=100107"}],"curies":[{"name":"delovni list","href":"https:\/\/api.w.org\/{rel}","templated":true}]}}