{"id":227865,"date":"2024-12-19T14:20:37","date_gmt":"2024-12-19T13:20:37","guid":{"rendered":"https:\/\/sub.hr\/?page_id=227865"},"modified":"2026-03-04T08:45:41","modified_gmt":"2026-03-04T07:45:41","slug":"227865-2","status":"publish","type":"page","link":"https:\/\/sub.hr\/sl\/","title":{"rendered":"Doma\u010da stran \u2013 SAT"},"content":{"rendered":"<p>[et_pb_section fb_built=&#8221;1&#8243; _builder_version=&#8221;4.27.5&#8243; _module_preset=&#8221;default&#8221; background_image=&#8221;https:\/\/sub.hr\/wp-content\/uploads\/2026\/01\/SUB-podvodni-ribolov_web.jpg&#8221; background_size=&#8221;contain&#8221; height=&#8221;71vh&#8221; height_tablet=&#8221;&#8221; height_phone=&#8221;&#8221; height_last_edited=&#8221;on|phone&#8221; custom_padding=&#8221;3px||262px|||&#8221; background_last_edited=&#8221;on|phone&#8221; background_image_tablet=&#8221;https:\/\/sub.hr\/wp-content\/uploads\/2026\/01\/SUB-podvodni-ribolov_web.jpg&#8221; background_enable_image_tablet=&#8221;on&#8221; background_size_tablet=&#8221;cover&#8221; background_size_phone=&#8221;contain&#8221; background_position_tablet=&#8221;center&#8221; box_shadow_style=&#8221;preset6&#8243; box_shadow_vertical=&#8221;-8px&#8221; box_shadow_color=&#8221;rgba(0,0,0,0.24)&#8221; global_colors_info=&#8221;{}&#8221;][\/et_pb_section][et_pb_section fb_built=&#8221;1&#8243; _builder_version=&#8221;4.27.5&#8243; _module_preset=&#8221;default&#8221; custom_padding=&#8221;7px||0px||false|false&#8221; background_last_edited=&#8221;on|tablet&#8221; global_colors_info=&#8221;{}&#8221;][et_pb_row _builder_version=&#8221;4.16&#8243; _module_preset=&#8221;default&#8221; global_colors_info=&#8221;{}&#8221;][et_pb_column type=&#8221;4_4&#8243; _builder_version=&#8221;4.16&#8243; _module_preset=&#8221;default&#8221; global_colors_info=&#8221;{}&#8221;][et_pb_shop posts_number=&#8221;2&#8243; columns_number=&#8221;2&#8243; sale_badge_color=&#8221;gcid-92742219-d369-4328-aba9-a62126767e78&#8243; icon_hover_color=&#8221;RGBA(0,0,0,0)&#8221; hover_overlay_color=&#8221;rgba(0,0,0,0)&#8221; module_class=&#8221;dc-shop-v1&#8243; _builder_version=&#8221;4.27.4&#8243; _module_preset=&#8221;default&#8221; sale_badge_font=&#8221;|||on|||||&#8221; sale_badge_font_size=&#8221;14px&#8221; sale_badge_line_height=&#8221;1.1em&#8221; rating_text_color=&#8221;#da171f&#8221; global_colors_info=&#8221;{%22gcid-92742219-d369-4328-aba9-a62126767e78%22:%91%22sale_badge_color%22,%22rating_text_color%22%93}&#8221;][\/et_pb_shop][et_pb_text _builder_version=&#8221;4.27.4&#8243; _module_preset=&#8221;default&#8221; global_colors_info=&#8221;{}&#8221;]<\/p>\n<p>Na SUB.hr razumijemo koliko je va\u017eno imati sve potrebne informacije na dohvat ruke. Na\u0161a platforma je dizajnirana kako bi vam olak\u0161ala proces naru\u010divanja dozvola za ribolov. Uz jednostavno su\u010delje i brzu podr\u0161ku, mo\u017eete se usredoto\u010diti na ono \u0161to volite &#8211; ribolov. Pridru\u017eite se na\u0161oj zajednici i otkrijte raznolikost ribolovnih mogu\u0107nosti koje Hrvatska nudi. Bez obzira na va\u0161e iskustvo, ovdje \u0107ete prona\u0107i savjete i resurse koji \u0107e vam pomo\u0107i da svaki izlet bude uspje\u0161an i nezaboravan. Na SUB.hr vjerujemo da svaki ribolov donosi nove avanture i uspomene. Na\u0161a platforma ne samo da nudi dozvole, ve\u0107 i inspiraciju za istra\u017eivanje skrivenih kutaka hrvatskih voda. U\u017eivajte u ribolovu s prijateljima i obitelji, stvaraju\u0107i nezaboravne trenutke uz obalu. Otkrijte nove tehnike ribolova i podijelite svoje iskustvo s na\u0161om zajednicom. Pridru\u017eite se SUB.hr i postanite dio ribolovne tradicije koja se prenosi s generacije na generaciju.<\/p>\n<p>[\/et_pb_text][et_pb_text content_tablet=&#8221;<\/p>\n<p style=%22text-align: center;%22><strong>Dobrodo\u0161li na SUB.hr, va\u0161u prvu destinaciju za sve informacije o dozvolama za ribolov u Hrvatskoj. Ovdje mo\u017eete prona\u0107i sve potrebne informacije o vrstama dozvola, postupcima nabave i pravilima ribolova. Na\u0161a misija je olak\u0161ati vam pristup ribolovnim dozvolama kako biste mogli u\u017eivati u ljepotama Jadranskog mora. Pridru\u017eite se zajednici ribolovaca i istra\u017eite bogatstvo koje priroda nudi. Bez obzira jeste li iskusni ribolovac ili po\u010detnik, ovdje \u0107ete prona\u0107i sve \u0161to vam treba za uspje\u0161an ribolov.<\/strong><\/p>\n<p>&#8221; content_phone=&#8221;<\/p>\n<p style=%22text-align: center;%22><strong>Dobrodo\u0161li na SUB.hr, va\u0161u prvu destinaciju za sve informacije o dozvolama za ribolov u Hrvatskoj. Ovdje mo\u017eete prona\u0107i sve potrebne informacije o vrstama dozvola, postupcima nabave i pravilima ribolova. Na\u0161a misija je olak\u0161ati vam pristup ribolovnim dozvolama kako biste mogli u\u017eivati u ljepotama Jadranskog mora. Pridru\u017eite se zajednici ribolovaca i istra\u017eite bogatstvo koje priroda nudi. Bez obzira jeste li iskusni ribolovac ili po\u010detnik, ovdje \u0107ete prona\u0107i sve \u0161to vam treba za uspje\u0161an ribolov.<\/strong><\/p>\n<p>&#8221; content_last_edited=&#8221;on|phone&#8221; _builder_version=&#8221;4.27.4&#8243; _module_preset=&#8221;default&#8221; global_colors_info=&#8221;{}&#8221;]<\/p>\n<p style=\"text-align: center;\"><strong>Dobrodo\u0161li na SUB.hr, va\u0161u prvu destinaciju za sve informacije o dozvolama za ribolov u Hrvatskoj. Ovdje mo\u017eete prona\u0107i sve potrebne informacije o vrstama dozvola, postupcima nabave i pravilima ribolova. Na\u0161a misija je olak\u0161ati vam pristup ribolovnim dozvolama kako biste mogli u\u017eivati u ljepotama Jadranskog mora. Pridru\u017eite se zajednici ribolovaca i istra\u017eite bogatstvo koje priroda nudi. Bez obzira jeste li iskusni ribolovac ili po\u010detnik, ovdje \u0107ete prona\u0107i sve \u0161to vam treba za uspje\u0161an ribolov.<\/strong><\/p>\n<p>[\/et_pb_text][et_pb_text _builder_version=&#8221;4.27.4&#8243; _module_preset=&#8221;default&#8221; global_colors_info=&#8221;{}&#8221;]<\/p>\n<p style=\"text-align: center;\"><strong><span>U\u017eivajte u \u010darima ribolova uz na\u0161u bogatu ponudu godi\u0161njih i vi\u0161ednevnih dozvola koje su prilago\u0111ene svim razinama iskustva. Na SUB.hr vjerujemo da je svaki trenutak proveden uz obalu Jadranskog mora dragocjen, stoga smo tu da vam olak\u0161amo proces nabave potrebnih dozvola kako biste se mogli usredoto\u010diti na ono \u0161to je najva\u017enije &#8211; opu\u0161tanje i u\u017eivanje u ribolovu. Na\u0161a platforma nudi jednostavno naru\u010divanje, detaljne informacije o vrstama dozvola i podr\u0161ku na\u0161eg tima, osiguravaju\u0107i da svaki ribolovac, bilo po\u010detnik ili veteran, ima sve \u0161to mu treba za uspje\u0161an izlazak na more. Pridru\u017eite se na\u0161oj zajednici strastvenih ribolovaca i zajedno istra\u017eujmo ljepote hrvatskih voda.<\/span><\/strong><\/p>\n<p>[\/et_pb_text][et_pb_divider _builder_version=&#8221;4.27.4&#8243; _module_preset=&#8221;default&#8221; width=&#8221;100px&#8221; module_alignment=&#8221;center&#8221; custom_margin=&#8221;||0px||false|false&#8221; global_colors_info=&#8221;{}&#8221;][\/et_pb_divider][et_pb_divider _builder_version=&#8221;4.27.4&#8243; _module_preset=&#8221;default&#8221; global_colors_info=&#8221;{}&#8221;][\/et_pb_divider][\/et_pb_column][\/et_pb_row][\/et_pb_section][et_pb_section fb_built=&#8221;1&#8243; _builder_version=&#8221;4.16&#8243; _module_preset=&#8221;default&#8221; custom_padding=&#8221;0px||10px||false|false&#8221; global_colors_info=&#8221;{}&#8221;][et_pb_row column_structure=&#8221;1_2,1_2&#8243; make_equal=&#8221;on&#8221; _builder_version=&#8221;4.27.4&#8243; _module_preset=&#8221;default&#8221; link_option_url_new_window=&#8221;on&#8221; global_colors_info=&#8221;{}&#8221;][et_pb_column type=&#8221;1_2&#8243; _builder_version=&#8221;4.27.4&#8243; _module_preset=&#8221;default&#8221; use_background_color_gradient=&#8221;on&#8221; background_color_gradient_direction=&#8221;315deg&#8221; background_color_gradient_stops=&#8221;rgba(0,0,0,0.34) 18%|rgba(0,0,0,0.37) 100%&#8221; background_color_gradient_overlays_image=&#8221;on&#8221; background_color_gradient_start=&#8221;rgba(0,0,0,0.34)&#8221; background_color_gradient_start_position=&#8221;18%&#8221; background_color_gradient_end=&#8221;rgba(0,0,0,0.37)&#8221; background_image=&#8221;https:\/\/sub.hr\/wp-content\/uploads\/2024\/02\/permesso-di-pesca-in-croazia-1000&#215;1000-1.jpg&#8221; custom_padding=&#8221;35px|35px|200px|35px|false|true&#8221; link_option_url=&#8221;https:\/\/sub.hr\/product\/dozvole-za-sportski-ribolov-2025\/&#8221; link_option_url_new_window=&#8221;on&#8221; border_radii=&#8221;on|15px|15px|15px|15px&#8221; global_colors_info=&#8221;{}&#8221;][et_pb_text _builder_version=&#8221;4.27.4&#8243; _module_preset=&#8221;default&#8221; header_3_text_color=&#8221;#FFFFFF&#8221; header_3_font_size=&#8221;34px&#8221; custom_margin=&#8221;||0px||false|false&#8221; header_3_text_shadow_style=&#8221;preset2&#8243; header_3_text_shadow_horizontal_length=&#8221;0.02em&#8221; header_3_text_shadow_vertical_length=&#8221;0.02em&#8221; header_3_text_shadow_blur_strength=&#8221;0.05em&#8221; header_3_text_shadow_color=&#8221;rgba(0,0,0,0.2)&#8221; global_colors_info=&#8221;{}&#8221;]<\/p>\n<h3>Sportski ribolov<\/h3>\n<p>[\/et_pb_text][et_pb_text _builder_version=&#8221;4.27.4&#8243; _module_preset=&#8221;default&#8221; text_font=&#8221;|300|||||||&#8221; text_text_color=&#8221;#FFFFFF&#8221; text_font_size=&#8221;24px&#8221; global_colors_info=&#8221;{}&#8221;]<\/p>\n<p>Dozvole za 2026<\/p>\n<p>[\/et_pb_text][et_pb_button button_url=&#8221;https:\/\/sub.hr\/product\/dozvole-za-sportski-ribolov-2025\/&#8221; button_text=&#8221;Naru\u010di&#8221; _builder_version=&#8221;4.27.4&#8243; _module_preset=&#8221;default&#8221; custom_button=&#8221;on&#8221; button_text_size=&#8221;14px&#8221; global_colors_info=&#8221;{}&#8221;][\/et_pb_button][\/et_pb_column][et_pb_column type=&#8221;1_2&#8243; _builder_version=&#8221;4.27.4&#8243; _module_preset=&#8221;default&#8221; use_background_color_gradient=&#8221;on&#8221; background_color_gradient_direction=&#8221;315deg&#8221; background_color_gradient_stops=&#8221;rgba(0,0,0,0.34) 18%|rgba(0,0,0,0.37) 100%&#8221; background_color_gradient_overlays_image=&#8221;on&#8221; background_color_gradient_start=&#8221;rgba(0,0,0,0.34)&#8221; background_color_gradient_start_position=&#8221;18%&#8221; background_color_gradient_end=&#8221;rgba(0,0,0,0.37)&#8221; background_image=&#8221;https:\/\/sub.hr\/wp-content\/uploads\/2024\/12\/fishing-license-Croatia-SUB-web.jpg&#8221; custom_padding=&#8221;35px|35px|200px|35px|false|true&#8221; link_option_url=&#8221;https:\/\/sub.hr\/product\/dozvole-za-rekreacijski-ribolov-2025\/&#8221; link_option_url_new_window=&#8221;on&#8221; border_radii=&#8221;on|15px|15px|15px|15px&#8221; global_colors_info=&#8221;{}&#8221;][et_pb_text _builder_version=&#8221;4.27.4&#8243; _module_preset=&#8221;default&#8221; header_3_text_color=&#8221;#FFFFFF&#8221; header_3_font_size=&#8221;34px&#8221; custom_margin=&#8221;||0px||false|false&#8221; header_3_text_shadow_style=&#8221;preset2&#8243; header_3_text_shadow_horizontal_length=&#8221;0.02em&#8221; header_3_text_shadow_vertical_length=&#8221;0.02em&#8221; header_3_text_shadow_blur_strength=&#8221;0.05em&#8221; header_3_text_shadow_color=&#8221;rgba(0,0,0,0.2)&#8221; global_colors_info=&#8221;{}&#8221;]<\/p>\n<h3>Rekreacijski ribolov<\/h3>\n<p>[\/et_pb_text][et_pb_text _builder_version=&#8221;4.27.4&#8243; _module_preset=&#8221;default&#8221; text_font=&#8221;|300|||||||&#8221; text_text_color=&#8221;#FFFFFF&#8221; text_font_size=&#8221;24px&#8221; global_colors_info=&#8221;{}&#8221;]<\/p>\n<p>Dozvole 2026<\/p>\n<p>[\/et_pb_text][et_pb_button button_url=&#8221;https:\/\/sub.hr\/product\/dozvole-za-rekreacijski-ribolov-2025\/&#8221; button_text=&#8221;Naru\u010di&#8221; _builder_version=&#8221;4.27.4&#8243; _module_preset=&#8221;default&#8221; custom_button=&#8221;on&#8221; button_text_size=&#8221;14px&#8221; global_colors_info=&#8221;{}&#8221;][\/et_pb_button][\/et_pb_column][\/et_pb_row][et_pb_row _builder_version=&#8221;4.27.4&#8243; _module_preset=&#8221;default&#8221; global_colors_info=&#8221;{}&#8221;][et_pb_column type=&#8221;4_4&#8243; _builder_version=&#8221;4.27.4&#8243; _module_preset=&#8221;default&#8221; global_colors_info=&#8221;{}&#8221;][et_pb_divider _builder_version=&#8221;4.27.4&#8243; _module_preset=&#8221;default&#8221; global_colors_info=&#8221;{}&#8221;][\/et_pb_divider][\/et_pb_column][\/et_pb_row][\/et_pb_section][et_pb_section fb_built=&#8221;1&#8243; _builder_version=&#8221;4.24.0&#8243; _module_preset=&#8221;default&#8221; custom_padding=&#8221;0px||0px||true|false&#8221; global_module=&#8221;94123&#8243; global_colors_info=&#8221;{}&#8221;][et_pb_row column_structure=&#8221;1_5,1_5,1_5,1_5,1_5&#8243; use_custom_gutter=&#8221;on&#8221; gutter_width=&#8221;1&#8243; make_equal=&#8221;on&#8221; _builder_version=&#8221;4.16&#8243; _module_preset=&#8221;default&#8221; width=&#8221;100%&#8221; max_width=&#8221;100%&#8221; custom_padding=&#8221;2px|3px|2px|3px|true|true&#8221; global_colors_info=&#8221;{}&#8221;][et_pb_column type=&#8221;1_5&#8243; _builder_version=&#8221;4.16&#8243; _module_preset=&#8221;default&#8221; custom_padding=&#8221;3px|3px|3px|3px|true|true&#8221; global_colors_info=&#8221;{}&#8221;][et_pb_image src=&#8221;https:\/\/sub.hr\/wp-content\/uploads\/2024\/02\/Fishing-licensce-in-Croatia-online-1000&#215;1000-1.jpg&#8221; title_text=&#8221;Fishing-licensce-in-Croatia-online-1000&#215;1000&#8243; _builder_version=&#8221;4.24.0&#8243; _module_preset=&#8221;default&#8221; global_colors_info=&#8221;{}&#8221;][\/et_pb_image][\/et_pb_column][et_pb_column type=&#8221;1_5&#8243; _builder_version=&#8221;4.16&#8243; _module_preset=&#8221;default&#8221; custom_padding=&#8221;3px|3px|3px|3px|true|true&#8221; global_colors_info=&#8221;{}&#8221;][et_pb_image src=&#8221;https:\/\/sub.hr\/wp-content\/uploads\/2024\/12\/scorfano-permesso-di-pesca-in-croazia.jpg&#8221; title_text=&#8221;scorfano-permesso-di-pesca-in-croazia&#8221; _builder_version=&#8221;4.27.4&#8243; _module_preset=&#8221;default&#8221; global_colors_info=&#8221;{}&#8221;][\/et_pb_image][\/et_pb_column][et_pb_column type=&#8221;1_5&#8243; _builder_version=&#8221;4.16&#8243; _module_preset=&#8221;default&#8221; custom_padding=&#8221;3px|3px|3px|3px|true|true&#8221; global_colors_info=&#8221;{}&#8221;][et_pb_image src=&#8221;https:\/\/sub.hr\/wp-content\/uploads\/2024\/02\/pesca-subaquea-1000&#215;1000-1.jpg&#8221; title_text=&#8221;pesca-subaquea-1000&#215;1000&#8243; _builder_version=&#8221;4.24.0&#8243; _module_preset=&#8221;default&#8221; global_colors_info=&#8221;{}&#8221;][\/et_pb_image][\/et_pb_column][et_pb_column type=&#8221;1_5&#8243; _builder_version=&#8221;4.16&#8243; _module_preset=&#8221;default&#8221; custom_padding=&#8221;3px|3px|3px|3px|true|true&#8221; global_colors_info=&#8221;{}&#8221;][et_pb_image src=&#8221;https:\/\/sub.hr\/wp-content\/uploads\/2024\/02\/Fishing-license-in-Croatia-1000X1000.jpg&#8221; title_text=&#8221;Fishing-license-in-Croatia-1000X1000&#8243; _builder_version=&#8221;4.24.0&#8243; _module_preset=&#8221;default&#8221; global_colors_info=&#8221;{}&#8221;][\/et_pb_image][\/et_pb_column][et_pb_column type=&#8221;1_5&#8243; _builder_version=&#8221;4.16&#8243; _module_preset=&#8221;default&#8221; custom_padding=&#8221;3px|3px|3px|3px|true|true&#8221; global_colors_info=&#8221;{}&#8221;][et_pb_image src=&#8221;https:\/\/sub.hr\/wp-content\/uploads\/2024\/02\/permesso-di-pesca-in-Croazia-online-1000&#215;1000-1.jpg&#8221; title_text=&#8221;permesso-di-pesca-in-Croazia-online-1000&#215;1000&#8243; _builder_version=&#8221;4.24.0&#8243; _module_preset=&#8221;default&#8221; global_colors_info=&#8221;{}&#8221;][\/et_pb_image][\/et_pb_column][\/et_pb_row][\/et_pb_section]<\/p>\n","protected":false},"excerpt":{"rendered":"<p>Na SUB.hr razumijemo koliko je va\u017eno imati sve potrebne informacije na dohvat ruke. Na\u0161a platforma je dizajnirana kako bi vam olak\u0161ala proces naru\u010divanja dozvola za ribolov. Uz jednostavno su\u010delje i brzu podr\u0161ku, mo\u017eete se usredoto\u010diti na ono \u0161to volite &#8211; ribolov. Pridru\u017eite se na\u0161oj zajednici i otkrijte raznolikost ribolovnih mogu\u0107nosti koje Hrvatska nudi. Bez obzira [&hellip;]<\/p>\n","protected":false},"author":2985,"featured_media":0,"parent":0,"menu_order":0,"comment_status":"closed","ping_status":"closed","template":"","meta":{"_et_pb_use_builder":"on","_et_pb_old_content":"","_et_gb_content_width":"","footnotes":""},"class_list":["post-227865","page","type-page","status-publish","hentry"],"yoast_head":"<!-- This site is optimized with the Yoast SEO plugin v27.4 - https:\/\/yoast.com\/product\/yoast-seo-wordpress\/ -->\n<title>Naslovna - SUB - SUB.hr - Dozvola za ribolov 2026<\/title>\n<meta name=\"robots\" content=\"index, follow, max-snippet:-1, max-image-preview:large, max-video-preview:-1\" \/>\n<link rel=\"canonical\" href=\"https:\/\/sub.hr\/sl\/\" \/>\n<meta property=\"og:locale\" content=\"sl_SI\" \/>\n<meta property=\"og:type\" content=\"article\" \/>\n<meta property=\"og:title\" content=\"Naslovna - SUB - SUB.hr - Dozvola za ribolov 2026\" \/>\n<meta property=\"og:description\" content=\"Na SUB.hr razumijemo koliko je va\u017eno imati sve potrebne informacije na dohvat ruke. Na\u0161a platforma je dizajnirana kako bi vam olak\u0161ala proces naru\u010divanja dozvola za ribolov. Uz jednostavno su\u010delje i brzu podr\u0161ku, mo\u017eete se usredoto\u010diti na ono \u0161to volite - ribolov. Pridru\u017eite se na\u0161oj zajednici i otkrijte raznolikost ribolovnih mogu\u0107nosti koje Hrvatska nudi. Bez obzira [&hellip;]\" \/>\n<meta property=\"og:url\" content=\"https:\/\/sub.hr\/sl\/\" \/>\n<meta property=\"og:site_name\" content=\"SUB.hr - Dozvola za ribolov 2026\" \/>\n<meta property=\"article:modified_time\" content=\"2026-03-04T07:45:41+00:00\" \/>\n<meta name=\"twitter:card\" content=\"summary_large_image\" \/>\n<meta name=\"twitter:label1\" content=\"Est. reading time\" \/>\n\t<meta name=\"twitter:data1\" content=\"3 minute\" \/>\n<script type=\"application\/ld+json\" class=\"yoast-schema-graph\">{\"@context\":\"https:\\\/\\\/schema.org\",\"@graph\":[{\"@type\":\"WebPage\",\"@id\":\"https:\\\/\\\/sub.hr\\\/hr\\\/\",\"url\":\"https:\\\/\\\/sub.hr\\\/hr\\\/\",\"name\":\"Naslovna - SUB - SUB.hr - Dozvola za ribolov 2026\",\"isPartOf\":{\"@id\":\"https:\\\/\\\/sub.hr\\\/#website\"},\"datePublished\":\"2024-12-19T13:20:37+00:00\",\"dateModified\":\"2026-03-04T07:45:41+00:00\",\"breadcrumb\":{\"@id\":\"https:\\\/\\\/sub.hr\\\/hr\\\/#breadcrumb\"},\"inLanguage\":\"sl-SI\",\"potentialAction\":[{\"@type\":\"ReadAction\",\"target\":[\"https:\\\/\\\/sub.hr\\\/hr\\\/\"]}]},{\"@type\":\"BreadcrumbList\",\"@id\":\"https:\\\/\\\/sub.hr\\\/hr\\\/#breadcrumb\",\"itemListElement\":[{\"@type\":\"ListItem\",\"position\":1,\"name\":\"Po\u010detna stranica\",\"item\":\"https:\\\/\\\/sub.hr\\\/hr\\\/\"},{\"@type\":\"ListItem\",\"position\":2,\"name\":\"Naslovna &#8211; SUB\"}]},{\"@type\":\"WebSite\",\"@id\":\"https:\\\/\\\/sub.hr\\\/#website\",\"url\":\"https:\\\/\\\/sub.hr\\\/\",\"name\":\"SUB.hr - Dozvola za ribolov 2026\",\"description\":\"Dozvola za ribolov Hrvatska - Fishing license Croatia - Permesso di Pesca Croazia\",\"potentialAction\":[{\"@type\":\"SearchAction\",\"target\":{\"@type\":\"EntryPoint\",\"urlTemplate\":\"https:\\\/\\\/sub.hr\\\/?s={search_term_string}\"},\"query-input\":{\"@type\":\"PropertyValueSpecification\",\"valueRequired\":true,\"valueName\":\"search_term_string\"}}],\"inLanguage\":\"sl-SI\"}]}<\/script>\n<!-- \/ Yoast SEO plugin. -->","yoast_head_json":{"title":"Domov - SUB - SUB.hr - Ribolovno dovoljenje 2026","robots":{"index":"index","follow":"follow","max-snippet":"max-snippet:-1","max-image-preview":"max-image-preview:large","max-video-preview":"max-video-preview:-1"},"canonical":"https:\/\/sub.hr\/sl\/","og_locale":"sl_SI","og_type":"article","og_title":"Naslovna - SUB - SUB.hr - Dozvola za ribolov 2026","og_description":"Na SUB.hr razumijemo koliko je va\u017eno imati sve potrebne informacije na dohvat ruke. Na\u0161a platforma je dizajnirana kako bi vam olak\u0161ala proces naru\u010divanja dozvola za ribolov. Uz jednostavno su\u010delje i brzu podr\u0161ku, mo\u017eete se usredoto\u010diti na ono \u0161to volite - ribolov. Pridru\u017eite se na\u0161oj zajednici i otkrijte raznolikost ribolovnih mogu\u0107nosti koje Hrvatska nudi. Bez obzira [&hellip;]","og_url":"https:\/\/sub.hr\/sl\/","og_site_name":"SUB.hr - Dozvola za ribolov 2026","article_modified_time":"2026-03-04T07:45:41+00:00","twitter_card":"summary_large_image","twitter_misc":{"Est. reading time":"3 minute"},"schema":{"@context":"https:\/\/schema.org","@graph":[{"@type":"WebPage","@id":"https:\/\/sub.hr\/hr\/","url":"https:\/\/sub.hr\/hr\/","name":"Domov - SUB - SUB.hr - Ribolovno dovoljenje 2026","isPartOf":{"@id":"https:\/\/sub.hr\/#website"},"datePublished":"2024-12-19T13:20:37+00:00","dateModified":"2026-03-04T07:45:41+00:00","breadcrumb":{"@id":"https:\/\/sub.hr\/hr\/#breadcrumb"},"inLanguage":"sl-SI","potentialAction":[{"@type":"ReadAction","target":["https:\/\/sub.hr\/hr\/"]}]},{"@type":"BreadcrumbList","@id":"https:\/\/sub.hr\/hr\/#breadcrumb","itemListElement":[{"@type":"ListItem","position":1,"name":"Po\u010detna stranica","item":"https:\/\/sub.hr\/hr\/"},{"@type":"ListItem","position":2,"name":"Naslovna &#8211; SUB"}]},{"@type":"WebSite","@id":"https:\/\/sub.hr\/#website","url":"https:\/\/sub.hr\/","name":"SUB.hr - Ribolovno dovoljenje 2026","description":"Dovoljenje za ribolov Hrva\u0161ka - Permesso di Pesca Croazia","potentialAction":[{"@type":"SearchAction","target":{"@type":"EntryPoint","urlTemplate":"https:\/\/sub.hr\/?s={search_term_string}"},"query-input":{"@type":"PropertyValueSpecification","valueRequired":true,"valueName":"search_term_string"}}],"inLanguage":"sl-SI"}]}},"_links":{"self":[{"href":"https:\/\/sub.hr\/sl\/wp-json\/wp\/v2\/pages\/227865","targetHints":{"allow":["GET"]}}],"collection":[{"href":"https:\/\/sub.hr\/sl\/wp-json\/wp\/v2\/pages"}],"about":[{"href":"https:\/\/sub.hr\/sl\/wp-json\/wp\/v2\/types\/page"}],"author":[{"embeddable":true,"href":"https:\/\/sub.hr\/sl\/wp-json\/wp\/v2\/users\/2985"}],"replies":[{"embeddable":true,"href":"https:\/\/sub.hr\/sl\/wp-json\/wp\/v2\/comments?post=227865"}],"version-history":[{"count":19,"href":"https:\/\/sub.hr\/sl\/wp-json\/wp\/v2\/pages\/227865\/revisions"}],"predecessor-version":[{"id":235424,"href":"https:\/\/sub.hr\/sl\/wp-json\/wp\/v2\/pages\/227865\/revisions\/235424"}],"wp:attachment":[{"href":"https:\/\/sub.hr\/sl\/wp-json\/wp\/v2\/media?parent=227865"}],"curies":[{"name":"delovni list","href":"https:\/\/api.w.org\/{rel}","templated":true}]}}