{"id":100255,"date":"2025-12-01T21:30:27","date_gmt":"2025-12-01T20:30:27","guid":{"rendered":"https:\/\/sub.hr\/?post_type=product&#038;p=100255"},"modified":"2026-03-02T00:18:20","modified_gmt":"2026-03-01T23:18:20","slug":"godisnje-dozvole-za-sportski-ribolov-2026","status":"publish","type":"product","link":"https:\/\/sub.hr\/it\/product\/permessi-annuali-per-la-pesca-sportiva-nel-2024\/","title":{"rendered":"Licenze annuali di pesca SPORTIVA \u2013 2026"},"content":{"rendered":"<p><strong>Il prezzo del permesso\/licenza annuale per la pesca sportiva comprende*:<\/strong><\/p>\n<ul>\n<li>permesso\/licenza annuale per la pesca sportiva in mare nella Repubblica di Croazia,<\/li>\n<li>quota associativa dell\u2019Associazione croata per la pesca sportiva in mare (HSSRM),<\/li>\n<li>Quota di iscrizione al club SUB,<\/li>\n<li>tutti i costi e le commissioni di pagamento (commissioni) dei pagamenti (banca\/PayPal e altri).<\/li>\n<\/ul>\n<p>*(il titolare del permesso\/licenza \u00e8 tenuto a portare con s\u00e9 solo il documento personale indicato nel permesso\/licenza di pesca)<\/p>\n<p><strong>Strumenti e attrezzature per la pesca disponibili con licenza BASIC ANNUALE o giornaliera\/licenza di pesca sportiva*:<\/strong><\/p>\n<ul>\n<li>un massimo di due fucili da pesca subacquea;<\/li>\n<li>un massimo di due corde (gancio libero), (in croato: ODMET);<\/li>\n<li>massimo due lenze (in croato: KAN\u010cENICA);<\/li>\n<li>un massimo di due lenze per la pesca alla panula (in croato: PANULA);<\/li>\n<li>un massimo di due lenze per la pesca alla panula, con ami su ciascuna lenza per la pesca ai cefalopodi;<\/li>\n<li>grande dispositivo per la caccia ai vermi marini (trappole), fino a due (2) pezzi.<\/li>\n<\/ul>\n<p>*(Questo permesso\/licenza riguarda la pesca subacquea e altri strumenti di pesca).<\/p>\n<p><strong>Licenze speciali o speciali per la pesca:<\/strong><\/p>\n<p>*Le licenze speciali per i pesci grossi (Big fishing) possono essere acquistate solo dopo aver acquistato una licenza base (annuale o giornaliera) nella categoria di et\u00e0 appropriata.<\/p>\n<p>licenze. Il permesso speciale giornaliero per la pesca sportiva ai pesci di grossa taglia deve essere valido entro il periodo (stessi giorni) del permesso base per la pesca sportiva.<\/p>\n<p><strong>Altre note:<\/strong><\/p>\n<p>La cattura massima giornaliera \u00e8 di 5 kg di pesci o organismi marini. I pesci catturati nella pesca sportiva devono essere contrassegnati dopo la cattura (ad esempio tagliando una parte della coda).<\/p>\n<p>Tutti i tipi di permessi\/licenze di pesca sono validi fino alla loro scadenza o fino alla fine di quest&#039;anno e non sono trasferibili all&#039;anno successivo.<\/p>\n<p>Esempio: un permesso\/licenza fino a 150 giorni significa che \u00e8 valido per un massimo di 150 giorni o fino alla fine di quest&#039;anno e non \u00e8 valido per l&#039;anno successivo.<\/p>\n<p>Il permesso\/licenza ANNUALE primaria pu\u00f2 essere acquistato solo fino al 1 marzo dell&#039;anno in corso.<\/p>\n<p>Dopo il tuo ordine e quando riceviamo il pagamento, ti invieremo il permesso\/licenza via e-mail.<\/p>\n<p>I permessi\/licenze vengono rilasciati e inviati pi\u00f9 volte al giorno, non immediatamente dopo l&#039;effettuazione dell&#039;ordine.<\/p>","protected":false},"excerpt":{"rendered":"<p>Cijena godi\u0161nje dozvole\/licence za sportski ribolov uklju\u010duje*: godi\u0161nju dozvolu\/licencu za \u0161portski ribolov na moru u RH, \u010dlanarinu Hrvatskog saveza za sportski ribolov na moru (HSSRM), \u010dlanarinu kluba SUB, svi tro\u0161kovi i naknade pla\u0107anja (fee) pla\u0107anja (banka\/PayPal i drugo). *(vlasnik dozvole\/licence je samo du\u017ean kod sebe imati osobni dokument koji je naveden u dozvoli\/licenci za ribolov) [&hellip;]<\/p>\n","protected":false},"featured_media":226064,"comment_status":"closed","ping_status":"closed","template":"","meta":{"_et_pb_use_builder":"","_et_pb_old_content":"","_et_gb_content_width":""},"product_brand":[],"product_cat":[46,45],"product_tag":[],"class_list":{"0":"post-100255","1":"product","2":"type-product","3":"status-publish","4":"has-post-thumbnail","6":"product_cat-godisnje-dozvole-sportski-ribolov","7":"product_cat-dozvole-za-sportski-ribolov","9":"first","10":"outofstock","11":"shipping-taxable","12":"product-type-grouped"},"yoast_head":"<!-- This site is optimized with the Yoast SEO plugin v27.3 - https:\/\/yoast.com\/product\/yoast-seo-wordpress\/ -->\n<title>Godi\u0161nje dozvole za SPORTSKI ribolov - 2026 - SUB.hr - Dozvola za ribolov 2026<\/title>\n<meta name=\"robots\" content=\"index, follow, max-snippet:-1, max-image-preview:large, max-video-preview:-1\" \/>\n<link rel=\"canonical\" href=\"https:\/\/sub.hr\/it\/product\/permessi-annuali-per-la-pesca-sportiva-nel-2024\/\" \/>\n<meta property=\"og:locale\" content=\"it_IT\" \/>\n<meta property=\"og:type\" content=\"article\" \/>\n<meta property=\"og:title\" content=\"Godi\u0161nje dozvole za SPORTSKI ribolov - 2026 - SUB.hr - Dozvola za ribolov 2026\" \/>\n<meta property=\"og:description\" content=\"Cijena godi\u0161nje dozvole\/licence za sportski ribolov uklju\u010duje*: godi\u0161nju dozvolu\/licencu za \u0161portski ribolov na moru u RH, \u010dlanarinu Hrvatskog saveza za sportski ribolov na moru (HSSRM), \u010dlanarinu kluba SUB, svi tro\u0161kovi i naknade pla\u0107anja (fee) pla\u0107anja (banka\/PayPal i drugo). *(vlasnik dozvole\/licence je samo du\u017ean kod sebe imati osobni dokument koji je naveden u dozvoli\/licenci za ribolov) [&hellip;]\" \/>\n<meta property=\"og:url\" content=\"https:\/\/sub.hr\/it\/product\/permessi-annuali-per-la-pesca-sportiva-nel-2024\/\" \/>\n<meta property=\"og:site_name\" content=\"SUB.hr - Dozvola za ribolov 2026\" \/>\n<meta property=\"article:modified_time\" content=\"2026-03-01T23:18:20+00:00\" \/>\n<meta property=\"og:image\" content=\"https:\/\/sub.hr\/wp-content\/uploads\/2024\/02\/Dozvola-za-sportski-ribolov-namoru-1000x1000-web.jpg\" \/>\n\t<meta property=\"og:image:width\" content=\"1000\" \/>\n\t<meta property=\"og:image:height\" content=\"1000\" \/>\n\t<meta property=\"og:image:type\" content=\"image\/jpeg\" \/>\n<meta name=\"twitter:card\" content=\"summary_large_image\" \/>\n<meta name=\"twitter:label1\" content=\"Tempo di lettura stimato\" \/>\n\t<meta name=\"twitter:data1\" content=\"2 minuti\" \/>\n<script type=\"application\/ld+json\" class=\"yoast-schema-graph\">{\"@context\":\"https:\\\/\\\/schema.org\",\"@graph\":[{\"@type\":\"WebPage\",\"@id\":\"https:\\\/\\\/sub.hr\\\/product\\\/godisnje-dozvole-za-sportski-ribolov-2026\\\/\",\"url\":\"https:\\\/\\\/sub.hr\\\/product\\\/godisnje-dozvole-za-sportski-ribolov-2026\\\/\",\"name\":\"Godi\u0161nje dozvole za SPORTSKI ribolov - 2026 - SUB.hr - Dozvola za ribolov 2026\",\"isPartOf\":{\"@id\":\"https:\\\/\\\/sub.hr\\\/#website\"},\"primaryImageOfPage\":{\"@id\":\"https:\\\/\\\/sub.hr\\\/product\\\/godisnje-dozvole-za-sportski-ribolov-2026\\\/#primaryimage\"},\"image\":{\"@id\":\"https:\\\/\\\/sub.hr\\\/product\\\/godisnje-dozvole-za-sportski-ribolov-2026\\\/#primaryimage\"},\"thumbnailUrl\":\"https:\\\/\\\/sub.hr\\\/wp-content\\\/uploads\\\/2024\\\/02\\\/Dozvola-za-sportski-ribolov-namoru-1000x1000-web.jpg\",\"datePublished\":\"2025-12-01T20:30:27+00:00\",\"dateModified\":\"2026-03-01T23:18:20+00:00\",\"breadcrumb\":{\"@id\":\"https:\\\/\\\/sub.hr\\\/product\\\/godisnje-dozvole-za-sportski-ribolov-2026\\\/#breadcrumb\"},\"inLanguage\":\"it-IT\",\"potentialAction\":[{\"@type\":\"ReadAction\",\"target\":[\"https:\\\/\\\/sub.hr\\\/product\\\/godisnje-dozvole-za-sportski-ribolov-2026\\\/\"]}]},{\"@type\":\"ImageObject\",\"inLanguage\":\"it-IT\",\"@id\":\"https:\\\/\\\/sub.hr\\\/product\\\/godisnje-dozvole-za-sportski-ribolov-2026\\\/#primaryimage\",\"url\":\"https:\\\/\\\/sub.hr\\\/wp-content\\\/uploads\\\/2024\\\/02\\\/Dozvola-za-sportski-ribolov-namoru-1000x1000-web.jpg\",\"contentUrl\":\"https:\\\/\\\/sub.hr\\\/wp-content\\\/uploads\\\/2024\\\/02\\\/Dozvola-za-sportski-ribolov-namoru-1000x1000-web.jpg\",\"width\":1000,\"height\":1000},{\"@type\":\"BreadcrumbList\",\"@id\":\"https:\\\/\\\/sub.hr\\\/product\\\/godisnje-dozvole-za-sportski-ribolov-2026\\\/#breadcrumb\",\"itemListElement\":[{\"@type\":\"ListItem\",\"position\":1,\"name\":\"Po\u010detna stranica\",\"item\":\"https:\\\/\\\/sub.hr\\\/hr\\\/\"},{\"@type\":\"ListItem\",\"position\":2,\"name\":\"NARUD\u017dBA DOZVOLA\",\"item\":\"https:\\\/\\\/sub.hr\\\/hr\\\/narudzba-dozvola-za-ribolov\\\/\"},{\"@type\":\"ListItem\",\"position\":3,\"name\":\"Godi\u0161nje dozvole za SPORTSKI ribolov &#8211; 2026\"}]},{\"@type\":\"WebSite\",\"@id\":\"https:\\\/\\\/sub.hr\\\/#website\",\"url\":\"https:\\\/\\\/sub.hr\\\/\",\"name\":\"SUB.hr - Dozvola za ribolov 2026\",\"description\":\"Dozvola za ribolov Hrvatska - Fishing license Croatia - Permesso di Pesca Croazia\",\"potentialAction\":[{\"@type\":\"SearchAction\",\"target\":{\"@type\":\"EntryPoint\",\"urlTemplate\":\"https:\\\/\\\/sub.hr\\\/?s={search_term_string}\"},\"query-input\":{\"@type\":\"PropertyValueSpecification\",\"valueRequired\":true,\"valueName\":\"search_term_string\"}}],\"inLanguage\":\"it-IT\"}]}<\/script>\n<!-- \/ Yoast SEO plugin. -->","yoast_head_json":{"title":"Licenze annuali di pesca SPORTIVA - 2026 - SUB.hr - Licenza di pesca 2026","robots":{"index":"index","follow":"follow","max-snippet":"max-snippet:-1","max-image-preview":"max-image-preview:large","max-video-preview":"max-video-preview:-1"},"canonical":"https:\/\/sub.hr\/it\/product\/permessi-annuali-per-la-pesca-sportiva-nel-2024\/","og_locale":"it_IT","og_type":"article","og_title":"Godi\u0161nje dozvole za SPORTSKI ribolov - 2026 - SUB.hr - Dozvola za ribolov 2026","og_description":"Cijena godi\u0161nje dozvole\/licence za sportski ribolov uklju\u010duje*: godi\u0161nju dozvolu\/licencu za \u0161portski ribolov na moru u RH, \u010dlanarinu Hrvatskog saveza za sportski ribolov na moru (HSSRM), \u010dlanarinu kluba SUB, svi tro\u0161kovi i naknade pla\u0107anja (fee) pla\u0107anja (banka\/PayPal i drugo). *(vlasnik dozvole\/licence je samo du\u017ean kod sebe imati osobni dokument koji je naveden u dozvoli\/licenci za ribolov) [&hellip;]","og_url":"https:\/\/sub.hr\/it\/product\/permessi-annuali-per-la-pesca-sportiva-nel-2024\/","og_site_name":"SUB.hr - Dozvola za ribolov 2026","article_modified_time":"2026-03-01T23:18:20+00:00","og_image":[{"width":1000,"height":1000,"url":"https:\/\/sub.hr\/wp-content\/uploads\/2024\/02\/Dozvola-za-sportski-ribolov-namoru-1000x1000-web.jpg","type":"image\/jpeg"}],"twitter_card":"summary_large_image","twitter_misc":{"Tempo di lettura stimato":"2 minuti"},"schema":{"@context":"https:\/\/schema.org","@graph":[{"@type":"WebPage","@id":"https:\/\/sub.hr\/product\/godisnje-dozvole-za-sportski-ribolov-2026\/","url":"https:\/\/sub.hr\/product\/godisnje-dozvole-za-sportski-ribolov-2026\/","name":"Licenze annuali di pesca SPORTIVA - 2026 - SUB.hr - Licenza di pesca 2026","isPartOf":{"@id":"https:\/\/sub.hr\/#website"},"primaryImageOfPage":{"@id":"https:\/\/sub.hr\/product\/godisnje-dozvole-za-sportski-ribolov-2026\/#primaryimage"},"image":{"@id":"https:\/\/sub.hr\/product\/godisnje-dozvole-za-sportski-ribolov-2026\/#primaryimage"},"thumbnailUrl":"https:\/\/sub.hr\/wp-content\/uploads\/2024\/02\/Dozvola-za-sportski-ribolov-namoru-1000x1000-web.jpg","datePublished":"2025-12-01T20:30:27+00:00","dateModified":"2026-03-01T23:18:20+00:00","breadcrumb":{"@id":"https:\/\/sub.hr\/product\/godisnje-dozvole-za-sportski-ribolov-2026\/#breadcrumb"},"inLanguage":"it-IT","potentialAction":[{"@type":"ReadAction","target":["https:\/\/sub.hr\/product\/godisnje-dozvole-za-sportski-ribolov-2026\/"]}]},{"@type":"ImageObject","inLanguage":"it-IT","@id":"https:\/\/sub.hr\/product\/godisnje-dozvole-za-sportski-ribolov-2026\/#primaryimage","url":"https:\/\/sub.hr\/wp-content\/uploads\/2024\/02\/Dozvola-za-sportski-ribolov-namoru-1000x1000-web.jpg","contentUrl":"https:\/\/sub.hr\/wp-content\/uploads\/2024\/02\/Dozvola-za-sportski-ribolov-namoru-1000x1000-web.jpg","width":1000,"height":1000},{"@type":"BreadcrumbList","@id":"https:\/\/sub.hr\/product\/godisnje-dozvole-za-sportski-ribolov-2026\/#breadcrumb","itemListElement":[{"@type":"ListItem","position":1,"name":"Po\u010detna stranica","item":"https:\/\/sub.hr\/hr\/"},{"@type":"ListItem","position":2,"name":"NARUD\u017dBA DOZVOLA","item":"https:\/\/sub.hr\/hr\/narudzba-dozvola-za-ribolov\/"},{"@type":"ListItem","position":3,"name":"Godi\u0161nje dozvole za SPORTSKI ribolov &#8211; 2026"}]},{"@type":"WebSite","@id":"https:\/\/sub.hr\/#website","url":"https:\/\/sub.hr\/","name":"SUB.hr - Licenza di pesca 2026","description":"Licenza di pesca Croazia - Permesso di Pesca Croazia","potentialAction":[{"@type":"SearchAction","target":{"@type":"EntryPoint","urlTemplate":"https:\/\/sub.hr\/?s={search_term_string}"},"query-input":{"@type":"PropertyValueSpecification","valueRequired":true,"valueName":"search_term_string"}}],"inLanguage":"it-IT"}]}},"_links":{"self":[{"href":"https:\/\/sub.hr\/it\/wp-json\/wp\/v2\/product\/100255","targetHints":{"allow":["GET"]}}],"collection":[{"href":"https:\/\/sub.hr\/it\/wp-json\/wp\/v2\/product"}],"about":[{"href":"https:\/\/sub.hr\/it\/wp-json\/wp\/v2\/types\/product"}],"replies":[{"embeddable":true,"href":"https:\/\/sub.hr\/it\/wp-json\/wp\/v2\/comments?post=100255"}],"wp:featuredmedia":[{"embeddable":true,"href":"https:\/\/sub.hr\/it\/wp-json\/wp\/v2\/media\/226064"}],"wp:attachment":[{"href":"https:\/\/sub.hr\/it\/wp-json\/wp\/v2\/media?parent=100255"}],"wp:term":[{"taxonomy":"product_brand","embeddable":true,"href":"https:\/\/sub.hr\/it\/wp-json\/wp\/v2\/product_brand?post=100255"},{"taxonomy":"product_cat","embeddable":true,"href":"https:\/\/sub.hr\/it\/wp-json\/wp\/v2\/product_cat?post=100255"},{"taxonomy":"product_tag","embeddable":true,"href":"https:\/\/sub.hr\/it\/wp-json\/wp\/v2\/product_tag?post=100255"}],"curies":[{"name":"parola chiave","href":"https:\/\/api.w.org\/{rel}","templated":true}]}}