{"id":100092,"date":"2025-12-01T21:30:10","date_gmt":"2025-12-01T20:30:10","guid":{"rendered":"https:\/\/sub.hr\/?post_type=product&#038;p=100092"},"modified":"2026-03-15T21:27:21","modified_gmt":"2026-03-15T20:27:21","slug":"dozvole-za-sportski-ribolov-2026","status":"publish","type":"product","link":"https:\/\/sub.hr\/it\/product\/licenze-per-la-pesca-sportiva-nel-2025\/","title":{"rendered":"Licenze di pesca SPORTIVA \u2013 2026"},"content":{"rendered":"<p><strong>Strumenti e attrezzature per la pesca disponibili con licenza BASIC ANNUALE o giornaliera\/licenza di pesca sportiva*:<\/strong><\/p>\n<ul>\n<li>un massimo di due fucili da pesca subacquea;<\/li>\n<li>un massimo di due corde (gancio libero), (in croato: ODMET);<\/li>\n<li>massimo due lenze (in croato: KAN\u010cENICA);<\/li>\n<li>un massimo di due lenze per la pesca alla panula (in croato: PANULA);<\/li>\n<li>un massimo di due lenze per la pesca alla panula, con ami su ciascuna lenza per la pesca ai cefalopodi;<\/li>\n<li>grande dispositivo per la caccia ai vermi marini (trappole), fino a due (2) pezzi.<\/li>\n<\/ul>\n<p>*(Questo permesso\/licenza riguarda la pesca subacquea e altri strumenti di pesca). <strong>Licenze speciali o speciali per la pesca:<\/strong> *Le licenze speciali per i pesci grossi (Big fishing) possono essere acquistate solo dopo aver acquistato una licenza base (annuale o giornaliera) nella categoria di et\u00e0 appropriata. licenze. Il permesso speciale giornaliero per la pesca sportiva ai pesci di grossa taglia deve essere valido entro il periodo (stessi giorni) del permesso base per la pesca sportiva. <strong>Altre note:<\/strong> Il titolare del permesso\/licenza \u00e8 tenuto ad avere con s\u00e9 il documento personale indicato nel permesso\/licenza di pesca. La cattura massima giornaliera \u00e8 di 5 kg di pesci o organismi marini. I pesci catturati nella pesca sportiva devono essere contrassegnati come prescritto dopo la cattura (ad esempio tagliando una parte della coda). Tutti i tipi di permessi\/licenze di pesca sono validi fino alla loro scadenza o fino alla fine di quest&#039;anno e non sono trasferibili all&#039;anno successivo. Esempio: un permesso\/licenza fino a 150 giorni significa che \u00e8 valido per un massimo di 150 giorni o fino alla fine di quest&#039;anno e non \u00e8 valido per l&#039;anno successivo. Il permesso\/licenza ANNUALE primaria pu\u00f2 essere acquistato solo fino al 1 marzo dell&#039;anno in corso. Dopo il tuo ordine e quando riceviamo il pagamento, ti invieremo il permesso\/licenza via e-mail. I permessi\/licenze vengono rilasciati e inviati pi\u00f9 volte al giorno, non immediatamente dopo l&#039;effettuazione dell&#039;ordine.<\/p>","protected":false},"excerpt":{"rendered":"<p>Nella pesca SPORTIVA sono disponibili permessi\/licenze per:<\/p>\n<p>\u2013 persone di et\u00e0 compresa tra 18 e 65 anni (nate tra il 1962 e il 2008),<\/p>\n<p>\u2013 persone di et\u00e0 superiore ai 65 anni (nate nel 1961 e oltre)<\/p>\n<p>\u2013 persone di et\u00e0 inferiore ai 18 anni (nati nel 2009 e pi\u00f9 giovani)<\/p>","protected":false},"featured_media":226064,"comment_status":"closed","ping_status":"closed","template":"","meta":{"_et_pb_use_builder":"off","_et_pb_old_content":"<strong>Ribolovni alati i oprema dostupni uz OSNOVNU GODI\u0160NJU ili dnevnu dozvolu\/licencu za sportski ribolov*:<\/strong>\r\n<ul>\r\n \t<li>najvi\u0161e dvije pu\u0161ke za podvodni ribolov;<\/li>\r\n \t<li>maksimalno dva struna (slobodna udica), (na hrvatskom: ODMET);<\/li>\r\n \t<li>najvi\u0161e dva struna za pecanje (na hrvatskom: KAN\u010cENICA);<\/li>\r\n \t<li>maksimalno dva struna za ribolov panulom (na hrvatskom: PANULA);<\/li>\r\n \t<li>maksimalno dva struna za lov na panulu, s udicama na svakoj struni za lov\u00a0 glavono\u017eaca;<\/li>\r\n \t<li>velika sprava za lov na morske crve (klopke), do dva (2) komada.<\/li>\r\n<\/ul>\r\n*(Ova dozvola\/licenca je za podvodni ribolov i druge ribolovne alate). <strong>Posebne ili specijalne dozvole za ribolov:<\/strong> *Posebne\/specijalne dozvole na veliku ribu (Big fishing) mogu se kupiti samo nakon kupnje osnovne (godi\u0161nje ili dnevne) dozvole u odgovaraju\u0107oj dobnoj kategoriji. licence. Posebna dnevna dozvola za \u0161portski ribolov na veliku ribu mora biti unutar vremenskog perioda (istih dana) va\u017eenja osnovne dozvole za \u0161portski ribolov. <strong>Ostale napomene:<\/strong> Vlasnik dozvole\/licence je du\u017ean kod sebe imati osobni dokument koji je naveden u dozvoli\/licenci za ribolov. Maksimalni dopu\u0161teni dnevni ulov je 5 kg ribe ili morskih organizama. Ribe ulovljene u sportskom ribolovu se obavezno propisano ozna\u010davaju nakon ulova (npr. odsjecanjem dijela repa). Sve vrste dozvola\/licenci za ribolov va\u017ee\u0107e su do isteka ili do kraja ove godine i nisu prenosive u slijede\u0107u godinu. Primjer: dozvola\/licenca na do 150 dana zna\u010di kako va\u017ei maksimalno do 150 dana ili do kraja ove godine i ne vrijedi u slijede\u0107oj godini. Primarnu GODI\u0160NJU dozvolu\/licencu mogu\u0107e je kupiti samo do 1. o\u017eujka teku\u0107e godine. Nakon va\u0161e narud\u017ebe i kada primimo va\u0161u uplatu, \u0161aljemo vam dozvolu\/licencu na e-mail. Dozvole\/licence se rade i \u0161alju nekoliko puta na dan, a ne odmah nakon zaklju\u010denja narud\u017ebe.","_et_gb_content_width":""},"product_brand":[],"product_cat":[54,46,58,45],"product_tag":[],"class_list":{"0":"post-100092","1":"product","2":"type-product","3":"status-publish","4":"has-post-thumbnail","6":"product_cat-dnevne-dozvole-za-sportski-ribolov","7":"product_cat-godisnje-dozvole-sportski-ribolov","8":"product_cat-posebne-dozvole-sport","9":"product_cat-dozvole-za-sportski-ribolov","11":"first","12":"instock","13":"shipping-taxable","14":"product-type-grouped"},"yoast_head":"<!-- This site is optimized with the Yoast SEO plugin v27.3 - https:\/\/yoast.com\/product\/yoast-seo-wordpress\/ -->\n<title>Dozvole za SPORTSKI ribolov - 2026 - SUB.hr - Dozvola za ribolov 2026<\/title>\n<meta name=\"robots\" content=\"index, follow, max-snippet:-1, max-image-preview:large, max-video-preview:-1\" \/>\n<link rel=\"canonical\" href=\"https:\/\/sub.hr\/it\/product\/licenze-per-la-pesca-sportiva-nel-2025\/\" \/>\n<meta property=\"og:locale\" content=\"it_IT\" \/>\n<meta property=\"og:type\" content=\"article\" \/>\n<meta property=\"og:title\" content=\"Dozvole za SPORTSKI ribolov - 2026 - SUB.hr - Dozvola za ribolov 2026\" \/>\n<meta property=\"og:description\" content=\"U SPORTSKOM ribolovu dostupne su dozvole\/licence za:  - osobe od 18 do 65 godina (od 1962. do 2008. godi\u0161te),  - osobe preko 65 godina (1961. godi\u0161te i stariji)  - osobe do 18 godina (2009. godi\u0161te i mla\u0111i)\" \/>\n<meta property=\"og:url\" content=\"https:\/\/sub.hr\/it\/product\/licenze-per-la-pesca-sportiva-nel-2025\/\" \/>\n<meta property=\"og:site_name\" content=\"SUB.hr - Dozvola za ribolov 2026\" \/>\n<meta property=\"article:modified_time\" content=\"2026-03-15T20:27:21+00:00\" \/>\n<meta property=\"og:image\" content=\"https:\/\/sub.hr\/wp-content\/uploads\/2024\/02\/Dozvola-za-sportski-ribolov-namoru-1000x1000-web.jpg\" \/>\n\t<meta property=\"og:image:width\" content=\"1000\" \/>\n\t<meta property=\"og:image:height\" content=\"1000\" \/>\n\t<meta property=\"og:image:type\" content=\"image\/jpeg\" \/>\n<meta name=\"twitter:card\" content=\"summary_large_image\" \/>\n<meta name=\"twitter:label1\" content=\"Tempo di lettura stimato\" \/>\n\t<meta name=\"twitter:data1\" content=\"2 minuti\" \/>\n<script type=\"application\/ld+json\" class=\"yoast-schema-graph\">{\"@context\":\"https:\\\/\\\/schema.org\",\"@graph\":[{\"@type\":\"WebPage\",\"@id\":\"https:\\\/\\\/sub.hr\\\/product\\\/dozvole-za-sportski-ribolov-2026\\\/\",\"url\":\"https:\\\/\\\/sub.hr\\\/product\\\/dozvole-za-sportski-ribolov-2026\\\/\",\"name\":\"Dozvole za SPORTSKI ribolov - 2026 - SUB.hr - Dozvola za ribolov 2026\",\"isPartOf\":{\"@id\":\"https:\\\/\\\/sub.hr\\\/#website\"},\"primaryImageOfPage\":{\"@id\":\"https:\\\/\\\/sub.hr\\\/product\\\/dozvole-za-sportski-ribolov-2026\\\/#primaryimage\"},\"image\":{\"@id\":\"https:\\\/\\\/sub.hr\\\/product\\\/dozvole-za-sportski-ribolov-2026\\\/#primaryimage\"},\"thumbnailUrl\":\"https:\\\/\\\/sub.hr\\\/wp-content\\\/uploads\\\/2024\\\/02\\\/Dozvola-za-sportski-ribolov-namoru-1000x1000-web.jpg\",\"datePublished\":\"2025-12-01T20:30:10+00:00\",\"dateModified\":\"2026-03-15T20:27:21+00:00\",\"breadcrumb\":{\"@id\":\"https:\\\/\\\/sub.hr\\\/product\\\/dozvole-za-sportski-ribolov-2026\\\/#breadcrumb\"},\"inLanguage\":\"it-IT\",\"potentialAction\":[{\"@type\":\"ReadAction\",\"target\":[\"https:\\\/\\\/sub.hr\\\/product\\\/dozvole-za-sportski-ribolov-2026\\\/\"]}]},{\"@type\":\"ImageObject\",\"inLanguage\":\"it-IT\",\"@id\":\"https:\\\/\\\/sub.hr\\\/product\\\/dozvole-za-sportski-ribolov-2026\\\/#primaryimage\",\"url\":\"https:\\\/\\\/sub.hr\\\/wp-content\\\/uploads\\\/2024\\\/02\\\/Dozvola-za-sportski-ribolov-namoru-1000x1000-web.jpg\",\"contentUrl\":\"https:\\\/\\\/sub.hr\\\/wp-content\\\/uploads\\\/2024\\\/02\\\/Dozvola-za-sportski-ribolov-namoru-1000x1000-web.jpg\",\"width\":1000,\"height\":1000},{\"@type\":\"BreadcrumbList\",\"@id\":\"https:\\\/\\\/sub.hr\\\/product\\\/dozvole-za-sportski-ribolov-2026\\\/#breadcrumb\",\"itemListElement\":[{\"@type\":\"ListItem\",\"position\":1,\"name\":\"Po\u010detna stranica\",\"item\":\"https:\\\/\\\/sub.hr\\\/hr\\\/\"},{\"@type\":\"ListItem\",\"position\":2,\"name\":\"NARUD\u017dBA DOZVOLA\",\"item\":\"https:\\\/\\\/sub.hr\\\/hr\\\/narudzba-dozvola-za-ribolov\\\/\"},{\"@type\":\"ListItem\",\"position\":3,\"name\":\"Dozvole za SPORTSKI ribolov &#8211; 2026\"}]},{\"@type\":\"WebSite\",\"@id\":\"https:\\\/\\\/sub.hr\\\/#website\",\"url\":\"https:\\\/\\\/sub.hr\\\/\",\"name\":\"SUB.hr - Dozvola za ribolov 2026\",\"description\":\"Dozvola za ribolov Hrvatska - Fishing license Croatia - Permesso di Pesca Croazia\",\"potentialAction\":[{\"@type\":\"SearchAction\",\"target\":{\"@type\":\"EntryPoint\",\"urlTemplate\":\"https:\\\/\\\/sub.hr\\\/?s={search_term_string}\"},\"query-input\":{\"@type\":\"PropertyValueSpecification\",\"valueRequired\":true,\"valueName\":\"search_term_string\"}}],\"inLanguage\":\"it-IT\"}]}<\/script>\n<!-- \/ Yoast SEO plugin. -->","yoast_head_json":{"title":"Permessi di pesca SPORTIVA - 2026 - SUB.hr - Permesso di pesca 2026","robots":{"index":"index","follow":"follow","max-snippet":"max-snippet:-1","max-image-preview":"max-image-preview:large","max-video-preview":"max-video-preview:-1"},"canonical":"https:\/\/sub.hr\/it\/product\/licenze-per-la-pesca-sportiva-nel-2025\/","og_locale":"it_IT","og_type":"article","og_title":"Dozvole za SPORTSKI ribolov - 2026 - SUB.hr - Dozvola za ribolov 2026","og_description":"U SPORTSKOM ribolovu dostupne su dozvole\/licence za:  - osobe od 18 do 65 godina (od 1962. do 2008. godi\u0161te),  - osobe preko 65 godina (1961. godi\u0161te i stariji)  - osobe do 18 godina (2009. godi\u0161te i mla\u0111i)","og_url":"https:\/\/sub.hr\/it\/product\/licenze-per-la-pesca-sportiva-nel-2025\/","og_site_name":"SUB.hr - Dozvola za ribolov 2026","article_modified_time":"2026-03-15T20:27:21+00:00","og_image":[{"width":1000,"height":1000,"url":"https:\/\/sub.hr\/wp-content\/uploads\/2024\/02\/Dozvola-za-sportski-ribolov-namoru-1000x1000-web.jpg","type":"image\/jpeg"}],"twitter_card":"summary_large_image","twitter_misc":{"Tempo di lettura stimato":"2 minuti"},"schema":{"@context":"https:\/\/schema.org","@graph":[{"@type":"WebPage","@id":"https:\/\/sub.hr\/product\/dozvole-za-sportski-ribolov-2026\/","url":"https:\/\/sub.hr\/product\/dozvole-za-sportski-ribolov-2026\/","name":"Permessi di pesca SPORTIVA - 2026 - SUB.hr - Permesso di pesca 2026","isPartOf":{"@id":"https:\/\/sub.hr\/#website"},"primaryImageOfPage":{"@id":"https:\/\/sub.hr\/product\/dozvole-za-sportski-ribolov-2026\/#primaryimage"},"image":{"@id":"https:\/\/sub.hr\/product\/dozvole-za-sportski-ribolov-2026\/#primaryimage"},"thumbnailUrl":"https:\/\/sub.hr\/wp-content\/uploads\/2024\/02\/Dozvola-za-sportski-ribolov-namoru-1000x1000-web.jpg","datePublished":"2025-12-01T20:30:10+00:00","dateModified":"2026-03-15T20:27:21+00:00","breadcrumb":{"@id":"https:\/\/sub.hr\/product\/dozvole-za-sportski-ribolov-2026\/#breadcrumb"},"inLanguage":"it-IT","potentialAction":[{"@type":"ReadAction","target":["https:\/\/sub.hr\/product\/dozvole-za-sportski-ribolov-2026\/"]}]},{"@type":"ImageObject","inLanguage":"it-IT","@id":"https:\/\/sub.hr\/product\/dozvole-za-sportski-ribolov-2026\/#primaryimage","url":"https:\/\/sub.hr\/wp-content\/uploads\/2024\/02\/Dozvola-za-sportski-ribolov-namoru-1000x1000-web.jpg","contentUrl":"https:\/\/sub.hr\/wp-content\/uploads\/2024\/02\/Dozvola-za-sportski-ribolov-namoru-1000x1000-web.jpg","width":1000,"height":1000},{"@type":"BreadcrumbList","@id":"https:\/\/sub.hr\/product\/dozvole-za-sportski-ribolov-2026\/#breadcrumb","itemListElement":[{"@type":"ListItem","position":1,"name":"Po\u010detna stranica","item":"https:\/\/sub.hr\/hr\/"},{"@type":"ListItem","position":2,"name":"NARUD\u017dBA DOZVOLA","item":"https:\/\/sub.hr\/hr\/narudzba-dozvola-za-ribolov\/"},{"@type":"ListItem","position":3,"name":"Dozvole za SPORTSKI ribolov &#8211; 2026"}]},{"@type":"WebSite","@id":"https:\/\/sub.hr\/#website","url":"https:\/\/sub.hr\/","name":"SUB.hr - Licenza di pesca 2026","description":"Licenza di pesca Croazia - Permesso di Pesca Croazia","potentialAction":[{"@type":"SearchAction","target":{"@type":"EntryPoint","urlTemplate":"https:\/\/sub.hr\/?s={search_term_string}"},"query-input":{"@type":"PropertyValueSpecification","valueRequired":true,"valueName":"search_term_string"}}],"inLanguage":"it-IT"}]}},"_links":{"self":[{"href":"https:\/\/sub.hr\/it\/wp-json\/wp\/v2\/product\/100092","targetHints":{"allow":["GET"]}}],"collection":[{"href":"https:\/\/sub.hr\/it\/wp-json\/wp\/v2\/product"}],"about":[{"href":"https:\/\/sub.hr\/it\/wp-json\/wp\/v2\/types\/product"}],"replies":[{"embeddable":true,"href":"https:\/\/sub.hr\/it\/wp-json\/wp\/v2\/comments?post=100092"}],"wp:featuredmedia":[{"embeddable":true,"href":"https:\/\/sub.hr\/it\/wp-json\/wp\/v2\/media\/226064"}],"wp:attachment":[{"href":"https:\/\/sub.hr\/it\/wp-json\/wp\/v2\/media?parent=100092"}],"wp:term":[{"taxonomy":"product_brand","embeddable":true,"href":"https:\/\/sub.hr\/it\/wp-json\/wp\/v2\/product_brand?post=100092"},{"taxonomy":"product_cat","embeddable":true,"href":"https:\/\/sub.hr\/it\/wp-json\/wp\/v2\/product_cat?post=100092"},{"taxonomy":"product_tag","embeddable":true,"href":"https:\/\/sub.hr\/it\/wp-json\/wp\/v2\/product_tag?post=100092"}],"curies":[{"name":"parola chiave","href":"https:\/\/api.w.org\/{rel}","templated":true}]}}