{"id":228600,"date":"2025-01-28T23:55:26","date_gmt":"2025-01-28T22:55:26","guid":{"rendered":"https:\/\/sub.hr\/?page_id=228600"},"modified":"2026-01-10T22:46:18","modified_gmt":"2026-01-10T21:46:18","slug":"pravila-ribolova","status":"publish","type":"page","link":"https:\/\/sub.hr\/it\/regole-per-la-pesca\/","title":{"rendered":"Regole di pesca in breve"},"content":{"rendered":"<p>[et_pb_section fb_built=&#8221;1&#8243; _builder_version=&#8221;4.27.4&#8243; _module_preset=&#8221;default&#8221; custom_padding=&#8221;|0px||||&#8221; global_colors_info=&#8221;{}&#8221;][et_pb_row _builder_version=&#8221;4.27.4&#8243; _module_preset=&#8221;default&#8221; global_colors_info=&#8221;{}&#8221;][et_pb_column type=&#8221;4_4&#8243; _builder_version=&#8221;4.27.4&#8243; _module_preset=&#8221;default&#8221; global_colors_info=&#8221;{}&#8221;][et_pb_text _builder_version=&#8221;4.27.4&#8243; _module_preset=&#8221;default&#8221; global_colors_info=&#8221;{}&#8221;]<\/p>\n<p>\u00a0<strong>DOPU\u0160TENE VRSTE ALATA U REKREACIJSKOM I SPORTSKOM RIBOLOVU<\/strong><\/p>\n<p><strong><\/strong><\/p>\n<p>\u00a0<strong>Rekreacijski ribolov s dozvolom<\/strong><\/p>\n<p>&#8211; \u00a0\u00a0\u00a0\u00a0\u00a0 odmet, ukupno do dva (2) komada<\/p>\n<p>&#8211; \u00a0\u00a0\u00a0\u00a0\u00a0 kan\u010denica, ukupno do dva (2) komada<\/p>\n<p>&#8211; \u00a0\u00a0\u00a0\u00a0\u00a0 povla\u010dni povraz (panula), ukupno do dva (2) komada<\/p>\n<p>&#8211; \u00a0\u00a0\u00a0\u00a0\u00a0 povraz s kukom za lov glavono\u017eaca, ukupno do dva (2) komada<\/p>\n<p>&#8211; \u00a0\u00a0\u00a0\u00a0\u00a0 naprava za lov velikog morskog crva (trapula), ukupno do dva (2) komada.<\/p>\n<p>&nbsp;<\/p>\n<p>\u00a0<strong>\u0160<\/strong><strong>p<\/strong><strong>o<\/strong><strong>r<\/strong><strong>t<\/strong><strong>s<\/strong><strong>k<\/strong><strong>i ribolov s dozvolom <\/strong>isklju\u010divo \u00a0uz posjedovanje \u00a0odgovaraju\u0107e \u00a0\u0161portske dozvole koju izdaje SUB.hr,<\/p>\n<p>\u00a0&#8211; \u00a0\u00a0\u00a0\u00a0\u00a0 podvodna pu\u0161kom, ukupno do dva (2) komada,<\/p>\n<p>&#8211;\u00a0 \u00a0 \u00a0 \u00a0 odmet, ukupno do dva (2) komada<\/p>\n<p>&#8211; \u00a0\u00a0\u00a0\u00a0\u00a0 kan\u010denica, ukupno do dva (2) komada<\/p>\n<p>&#8211; \u00a0\u00a0\u00a0\u00a0\u00a0 povla\u010dni povraz (panula), ukupno do dva (2) komada<\/p>\n<p>&#8211; \u00a0\u00a0\u00a0\u00a0\u00a0 povraz s kukom za lov glavono\u017eaca, ukupno do dva (2) komada<\/p>\n<p>&#8211; \u00a0\u00a0\u00a0\u00a0\u00a0 naprava za lov velikog morskog crva (trapula), ukupno do dva (2) komada<\/p>\n<p>&nbsp;<\/p>\n<p><strong><\/strong><\/p>\n<p><strong>Posebne \u00a0godi\u0161nje \u00a0dozvole \u00a0za kori\u0161tenje \u00a0dodatnih \u00a0ribolovnih \u00a0alata \u00a0i opreme, \u00a0a koje se izdaju \u00a0za ribolov:<\/strong><\/p>\n<p>\u00a0&#8211; \u00a0\u00a0\u00a0\u00a0\u00a0 staja\u0107im parangalom, jedan ili vi\u0161e njih s ukupno do 100 udica,<\/p>\n<p>&#8211; \u00a0\u00a0\u00a0\u00a0\u00a0 vr\u0161ama za lov ribe, ukupno do tri (3) komada,<\/p>\n<p>&#8211; \u00a0\u00a0\u00a0\u00a0\u00a0 uz upotrebu umjetne rasvjete (feral), odnosno jedno rasvjetno tijelo ja\u010dine do najvi\u0161e 40 W za \u017earulju sa \u017earnom niti, 30 W za halogenu \u017earulju i 10 W za LED \u017earulju po plovilu, isklju\u010divo kod ribolova ostima ili povrazima s kukom za lov glavono\u017eaca,<\/p>\n<p>&#8211; \u00a0\u00a0\u00a0\u00a0\u00a0 ostima, ukupno jedan (1) komad,<\/p>\n<p>&#8211; \u00a0\u00a0\u00a0\u00a0\u00a0 udi\u010darskim \u00a0alatima za veliku ribu, najvi\u0161e tri pribora (\u0161tap s rolom) s po jednom udicom na svakom priboru, ili jednom varalicom na svakom priboru.<\/p>\n<p>&nbsp;<\/p>\n<p>Posebna \u00a0dozvola \u00a0se izdaje \u00a0vlasniku \u00a0dozvole \u00a0i neprenosiva \u00a0je. Posebne \u00a0dozvole \u00a0se izdaju\u00a0 \u00a0<u>isklju\u010divo<\/u> temeljem prethodno izdane godi\u0161nje dozvole.<\/p>\n<p>&nbsp;<\/p>\n<p>[\/et_pb_text][\/et_pb_column][\/et_pb_row][et_pb_row _builder_version=&#8221;4.27.4&#8243; _module_preset=&#8221;default&#8221; custom_margin=&#8221;|44px||auto||&#8221; custom_padding=&#8221;|||0px||&#8221; global_colors_info=&#8221;{}&#8221;][et_pb_column type=&#8221;4_4&#8243; _builder_version=&#8221;4.27.4&#8243; _module_preset=&#8221;default&#8221; global_colors_info=&#8221;{}&#8221;][et_pb_text _builder_version=&#8221;4.27.4&#8243; _module_preset=&#8221;default&#8221; global_colors_info=&#8221;{}&#8221;]<\/p>\n<p><strong>DOPU\u0160TENA DNEVNA KOLI\u010cINA ULOVA<\/strong><\/p>\n<p>U rekreacijskom \u00a0i \u0161portskom \u00a0ribolovu \u00a0dopu\u0161teno \u00a0je dnevno \u00a0uloviti i sakupiti \u00a0do pet kg riba i drugih morskih organizama, a dopu\u0161tena dnevna koli\u010dina ulova mo\u017ee biti ve\u0107a za masu jedne ribe ili drugoga morskog organizma kojim se prema\u0161uje dopu\u0161tenih pet kilograma (trofej).<\/p>\n<p>U ukupnom dozvoljenom dnevnom ulovu masa \u017eivih \u0161koljka\u0161a i pu\u017eeva smije biti do 2 kg, osim dagnji\u00a0kojih smije biti do 5 kg.<\/p>\n<p>Stavljanje na tr\u017ei\u0161te ulova iz \u0161portskog i rekreacijskog ribolova je zabranjeno.<\/p>\n<p><strong>LOVOSTAJ<\/strong><\/p>\n<p>Vrijeme lovostaja, odnosno razdoblje u godini, u kojem se ribe ili drugi morski organizmi ne smiju loviti niti stavljati u promet, bilo \u017eivi ili u svje\u017eem stanju je:<\/p>\n<p>&nbsp;<\/p>\n<table>\n<tbody>\n<tr>\n<td width=\"189\">\n<p>ZNANSTVENI NAZIV<\/p>\n<\/td>\n<td width=\"190\">\n<p>HRVATSKI NAZIV<\/p>\n<\/td>\n<td width=\"190\">\n<p>Lovostaj<\/p>\n<\/td>\n<\/tr>\n<tr>\n<td width=\"189\">\n<p>PISCES<\/p>\n<\/td>\n<td width=\"190\">\n<p>RIBE<\/p>\n<\/td>\n<td width=\"190\">\n<p>&nbsp;<\/p>\n<\/td>\n<\/tr>\n<tr>\n<td width=\"189\">\n<p><em>S<\/em><em>ciena umbra<\/em><\/p>\n<\/td>\n<td width=\"190\">\n<p>Kavala<\/p>\n<\/td>\n<td width=\"190\">\n<p>od 15. svibnja do 15. srpnja<\/p>\n<\/td>\n<\/tr>\n<tr>\n<td width=\"189\">\n<p><em>E<\/em><em>p<\/em><em>in<\/em><em>e<\/em><em>ph<\/em><em>e<\/em><em>lu<\/em><em>s spp<\/em><\/p>\n<\/td>\n<td width=\"190\">\n<p>Kirnje<\/p>\n<\/td>\n<td width=\"190\">\n<p>od 01. srpnja do 31. kolovoza<\/p>\n<\/td>\n<\/tr>\n<tr>\n<td width=\"189\">\n<p><em>P<\/em><em>o<\/em><em>lyprion americanus<\/em><\/p>\n<\/td>\n<td width=\"190\">\n<p>Kirnja glavulja<\/p>\n<\/td>\n<td width=\"190\">\n<p>od 01. srpnja do 31. kolovoza<\/p>\n<\/td>\n<\/tr>\n<\/tbody>\n<\/table>\n<p>Lov glavono\u017eaca povrazom s kukom uz umjetnu rasvjetu u \u0161portskom i rekreacijskom ribolovu zabranjen je od 1. o\u017eujka do 30. rujna, neovisno o posjedovanju posebne dozvole za umjetnu rasvjetu.<\/p>\n<p>&nbsp;<\/p>\n<p><strong>Oz<\/strong><strong>n<\/strong><strong>a<\/strong><strong>\u010d<\/strong><strong>a<\/strong><strong>v<\/strong><strong>an<\/strong><strong>j<\/strong><strong>e ulova<\/strong><\/p>\n<p>Ribe ulovljene u \u0161portskom i rekreacijskom ribolovu moraju se ozna\u010diti odsijecanjem donjeg dijela repne peraje, glavono\u0161ci ulovljeni u \u0161portskom i rekreacijskom ribolovu moraju biti ozna\u010deni dubokim zarezivanjem glave u predjelu izme\u0111u o\u010diju, osim kod liganja namijenjenih za \u017eive mamce. Duljina pla\u0161ta lignje namijenjene za \u017eivi mamac ne smije biti ve\u0107a od 20 cm.<\/p>\n<p>Jedinke odre\u0111enih vrsta riba\u00a0 \u00a0ulovljenih u \u0161portskom \u00a0i rekreacijskom \u00a0ribolovu moraju biti ozna\u010dene\u00a0neposredno nakon ulova, a najkasnije prije napu\u0161tanja mjesta ulova su:<\/p>\n<p>&nbsp;<\/p>\n<table>\n<tbody>\n<tr>\n<td width=\"134\">\n<p>ZNANSTVENI NAZIV<\/p>\n<\/td>\n<td width=\"151\">\n<p>HRVATSKI NAZIV<\/p>\n<\/td>\n<td width=\"142\">\n<p>ZNANSTVENI NAZIV<\/p>\n<\/td>\n<td width=\"142\">\n<p>HRVATSKI NAZIV<\/p>\n<\/td>\n<\/tr>\n<tr>\n<td width=\"134\">\n<p>PISCES<\/p>\n<\/td>\n<td width=\"151\">\n<p>RIBE<\/p>\n<\/td>\n<td width=\"142\">\n<p>PISCES<\/p>\n<\/td>\n<td width=\"142\">\n<p>RIBE<\/p>\n<\/td>\n<\/tr>\n<tr>\n<td width=\"134\">\n<p><em>D<\/em><em>entex dentex<\/em><\/p>\n<\/td>\n<td width=\"151\">\n<p>zubatac<\/p>\n<\/td>\n<td width=\"142\">\n<p><em>P<\/em><em>ag<\/em><em>r<\/em><em>u<\/em><em>s pagrus<\/em><\/p>\n<\/td>\n<td width=\"142\">\n<p>pagar<\/p>\n<\/td>\n<\/tr>\n<tr>\n<td width=\"134\">\n<p><em>Di<\/em><em>centrarchus labrax<\/em><\/p>\n<\/td>\n<td width=\"151\">\n<p>lubin (brancin)<\/p>\n<\/td>\n<td width=\"142\">\n<p><em>P<\/em><em>ol<\/em><em>yprion americanus<\/em><\/p>\n<\/td>\n<td width=\"142\">\n<p>kirnja glavulja<\/p>\n<\/td>\n<\/tr>\n<tr>\n<td width=\"134\">\n<p><em>Dip<\/em><em>lodus puntazzo<\/em><\/p>\n<\/td>\n<td width=\"151\">\n<p>pic<\/p>\n<\/td>\n<td width=\"142\">\n<p><em>Sa<\/em><em>r<\/em><em>d<\/em><em>a sarda<\/em><\/p>\n<\/td>\n<td width=\"142\">\n<p>palamida<\/p>\n<\/td>\n<\/tr>\n<tr>\n<td width=\"134\">\n<p><em>Dip<\/em><em>lodus sargus<\/em><\/p>\n<\/td>\n<td width=\"151\">\n<p>\u0161arag<\/p>\n<\/td>\n<td width=\"142\">\n<p><em>S<\/em><em>ciaena umbra<\/em><\/p>\n<\/td>\n<td width=\"142\">\n<p>kavala<\/p>\n<\/td>\n<\/tr>\n<tr>\n<td width=\"134\">\n<p><em>Dip<\/em><em>lodus vulgaris<\/em><\/p>\n<\/td>\n<td width=\"151\">\n<p>fratar<\/p>\n<\/td>\n<td width=\"142\">\n<p><em>S<\/em><em>eriola dumerili<\/em><\/p>\n<\/td>\n<td width=\"142\">\n<p>gof<\/p>\n<\/td>\n<\/tr>\n<tr>\n<td width=\"134\">\n<p><em>E<\/em><em>p<\/em><em>in<\/em><em>e<\/em><em>ph<\/em><em>e<\/em><em>lu<\/em><em>s spp.<\/em><\/p>\n<\/td>\n<td width=\"151\">\n<p>kirnja<\/p>\n<\/td>\n<td width=\"142\">\n<p><em>S<\/em><em>c<\/em><em>o<\/em><em>rpaena scrofa<\/em><\/p>\n<\/td>\n<td width=\"142\">\n<p>\u0161krpina<\/p>\n<\/td>\n<\/tr>\n<tr>\n<td width=\"134\">\n<p><em>Lithognathus mormyrus<\/em><\/p>\n<\/td>\n<td width=\"151\">\n<p>ov\u010dica<\/p>\n<\/td>\n<td width=\"142\">\n<p><em>S<\/em><em>parus aurata<\/em><\/p>\n<\/td>\n<td width=\"142\">\n<p>komar\u010da (orada, podlanica)<\/p>\n<\/td>\n<\/tr>\n<tr>\n<td width=\"134\">\n<p><em>M<\/em><em>erluccius merluccius<\/em><\/p>\n<\/td>\n<td width=\"151\">\n<p>osli\u0107<\/p>\n<\/td>\n<td width=\"142\">\n<p><em>S<\/em><em>pondyliosoma cantharus<\/em><\/p>\n<\/td>\n<td width=\"142\">\n<p>kantar<\/p>\n<\/td>\n<\/tr>\n<tr>\n<td width=\"134\">\n<p><em>P<\/em><em>ag<\/em><em>ellus erythrinus<\/em><\/p>\n<\/td>\n<td width=\"151\">\n<p>arbun<\/p>\n<\/td>\n<td width=\"142\">\n<p><em>Z<\/em><em>eus faber<\/em><\/p>\n<\/td>\n<td width=\"142\">\n<p>kova\u010d<\/p>\n<\/td>\n<\/tr>\n<\/tbody>\n<\/table>\n<p>&nbsp;<\/p>\n<p>[\/et_pb_text][\/et_pb_column][\/et_pb_row][et_pb_row _builder_version=&#8221;4.27.4&#8243; _module_preset=&#8221;default&#8221; global_colors_info=&#8221;{}&#8221;][et_pb_column type=&#8221;4_4&#8243; _builder_version=&#8221;4.27.4&#8243; _module_preset=&#8221;default&#8221; global_colors_info=&#8221;{}&#8221;][et_pb_image src=&#8221;https:\/\/sub.hr\/wp-content\/uploads\/2025\/01\/oznacavanje-ulova-u-sportskom-i-rekreacijskom-ribolovu-web.jpg&#8221; title_text=&#8221;ozna\u010davanje-ulova-u-sportskom-i-rekreacijskom-ribolovu-web&#8221; align=&#8221;center&#8221; src_tablet=&#8221;https:\/\/sub.hr\/wp-content\/uploads\/2025\/01\/oznacavanje-ulova-u-sportskom-i-rekreacijskom-ribolovu-web.jpg&#8221; src_phone=&#8221;https:\/\/sub.hr\/wp-content\/uploads\/2025\/01\/oznacavanje-ulova-u-sportskom-i-rekreacijskom-ribolovu-web.jpg&#8221; src_last_edited=&#8221;on|desktop&#8221; _builder_version=&#8221;4.27.4&#8243; _module_preset=&#8221;default&#8221; global_colors_info=&#8221;{}&#8221;][\/et_pb_image][\/et_pb_column][\/et_pb_row][et_pb_row _builder_version=&#8221;4.27.4&#8243; _module_preset=&#8221;default&#8221; width=&#8221;79.8%&#8221; global_colors_info=&#8221;{}&#8221;][et_pb_column type=&#8221;4_4&#8243; _builder_version=&#8221;4.27.4&#8243; _module_preset=&#8221;default&#8221; global_colors_info=&#8221;{}&#8221;][et_pb_text _builder_version=&#8221;4.27.4&#8243; _module_preset=&#8221;default&#8221; global_colors_info=&#8221;{}&#8221;]<\/p>\n<p><strong>Lov na veliku ribu<\/strong><\/p>\n<p>Alat za lov na veliku ribu je sistem koji \u010dini ribolovni \u0161tap, rola i osnova (najlona ili upredenica) od kojeg svaki dio sustava ima nosivost od najmanje 30 lb ili vi\u0161e. Udica za lov velike ribe udi\u010darskim alatima za veliku ribu mora biti kru\u017ena (tzv. circle hook), a udica i svi metalni dijelovi koji slu\u017ee za spajanje osnova ili predveza (vrtilice, kop\u010de i sl.) ne smiju biti od nehr\u0111aju\u0107eg materijala. Iznimno, prilikom upotrebe varalica smije se upotrebljavati klasi\u010dna jednokuka udica (tzv. J-klasi\u010dna udica). Prilikom lova na veliku ribu zabranjena \u00a0je uporaba borbenih stupova\u00a0 i privla\u010denje \u00a0ribe uporabom \u00a0dr\u017ea\u010da \u0161tapa pri\u010dvr\u0161\u0107enog na trupu plovila. Ribolov udi\u010darskim alatima za veliku ribu dozvoljeno\u00a0 je obavljati isklju\u010divo sa plovila koje je upisano u dozvoli za ribolov udi\u010darskim alatima za veliku ribu.<\/p>\n<p>U \u0161portskom i rekreacijskom ribolovu plavoperajne tune i igluna dozvoljeno je obavljati ribolov samo na na\u010din ulovi i pusti, tako da se ulovljena tuna ili iglun mora pustiti prije izvla\u010denja na plovilo. Iznimno, ulovljenu plavoperajnu tunu dozvoljeno je izvu\u0107i na plovilo isklju\u010divo u sklopu rekreacijskog ribolova trofejnih primjeraka tune, u skladu sa posebnim propisom koji regulira rekreacijski ribolov trofejnih primjeraka tune.<\/p>\n<p>Ribolov tune u \u0161portskom i rekreacijskom ribolovu dozvoljen je od 1. svibnja u 00:00 sati do 1. studenog u 24:00 sata.<\/p>\n<p>&nbsp;<\/p>\n<p><strong>N<\/strong><strong>a<\/strong><strong>j<\/strong><strong>manje veli\u010dine<\/strong><\/p>\n<p>Najmanje \u00a0veli\u010dine \u00a0vrsta \u00a0riba \u00a0i \u00a0drugih \u00a0morskih \u00a0organizama \u00a0koje \u00a0je \u00a0dozvoljeno \u00a0loviti \u00a0i \u00a0sakupljati \u00a0u \u0161portskom i rekreacijskom ribolovu, te zadr\u017eavati na plovilu i iskrcavati su:<\/p>\n<p>&nbsp;<\/p>\n<table>\n<tbody>\n<tr>\n<td width=\"189\">Znanstveni naziv<\/td>\n<td width=\"190\">Hrvatski naziv<\/td>\n<td width=\"190\">Najmanja veli\u010dina<\/td>\n<\/tr>\n<tr>\n<td width=\"189\"><strong>1. PISCES<\/strong><\/td>\n<td width=\"190\"><strong>RIBE<\/strong><\/td>\n<td width=\"190\">\u00a0<\/td>\n<\/tr>\n<tr>\n<td width=\"189\"><em>D<\/em><em>entex dentex<\/em><\/td>\n<td width=\"190\">zubatac<\/td>\n<td width=\"190\">30 cm<\/td>\n<\/tr>\n<tr>\n<td width=\"189\"><em>Mu<\/em><em>stelus asterias<\/em><\/td>\n<td width=\"190\">pas meka\u0161<\/td>\n<td width=\"190\">80 cm<\/td>\n<\/tr>\n<tr>\n<td width=\"189\"><em>S<\/em><em>e<\/em><em>riola dumerili<\/em><\/td>\n<td width=\"190\">gof<\/td>\n<td width=\"190\">45 cm<\/td>\n<\/tr>\n<tr>\n<td width=\"189\"><em>Sa<\/em><em>r<\/em><em>d<\/em><em>a sarda<\/em><\/td>\n<td width=\"190\">palamida<\/td>\n<td width=\"190\">45 cm<\/td>\n<\/tr>\n<tr>\n<td width=\"189\"><em>S<\/em><em>ciaena umbra<\/em><\/td>\n<td width=\"190\">kavala<\/td>\n<td width=\"190\">30 cm<\/td>\n<\/tr>\n<tr>\n<td width=\"189\"><em>S<\/em><em>c<\/em><em>o<\/em><em>rpaena scrofa<\/em><\/td>\n<td width=\"190\">\u0161krpina<\/td>\n<td width=\"190\">30 cm<\/td>\n<\/tr>\n<tr>\n<td width=\"189\"><em>S<\/em><em>pondyliosoma cantharus<\/em><\/td>\n<td width=\"190\">kantar<\/td>\n<td width=\"190\">18 cm<\/td>\n<\/tr>\n<tr>\n<td width=\"189\"><em>S<\/em><em>qualus acanthias<\/em><\/td>\n<td width=\"190\">kostelj<\/td>\n<td width=\"190\">66 cm<\/td>\n<\/tr>\n<tr>\n<td width=\"189\"><em>Di<\/em><em>centrarchus labrax<\/em><\/td>\n<td width=\"190\">lubin<\/td>\n<td width=\"190\">25 cm<\/td>\n<\/tr>\n<tr>\n<td width=\"189\"><em>Dip<\/em><em>lodus annularis<\/em><\/td>\n<td width=\"190\">\u0161par<\/td>\n<td width=\"190\">12 cm<\/td>\n<\/tr>\n<tr>\n<td width=\"189\"><em>Dip<\/em><em>lodus puntazzo<\/em><\/td>\n<td width=\"190\">pic<\/td>\n<td width=\"190\">18 cm<\/td>\n<\/tr>\n<tr>\n<td width=\"189\"><em>Dip<\/em><em>lodus sargus<\/em><\/td>\n<td width=\"190\">\u0161arag<\/td>\n<td width=\"190\">23 cm<\/td>\n<\/tr>\n<tr>\n<td width=\"189\"><em>Dip<\/em><em>lodus vulgaris<\/em><\/td>\n<td width=\"190\">fratar<\/td>\n<td width=\"190\">18 cm<\/td>\n<\/tr>\n<tr>\n<td width=\"189\"><em>E<\/em><em>ng<\/em><em>r<\/em><em>aulis encrasicolus<\/em><\/td>\n<td width=\"190\">in\u0107un<\/td>\n<td width=\"190\">9 cm<\/td>\n<\/tr>\n<tr>\n<td width=\"189\"><em>E<\/em><em>p<\/em><em>in<\/em><em>e<\/em><em>ph<\/em><em>e<\/em><em>lu<\/em><em>s spp.<\/em><\/td>\n<td width=\"190\">kirnje<\/td>\n<td width=\"190\">45 cm<\/td>\n<\/tr>\n<tr>\n<td width=\"189\"><em>Lithognathus mormyrus<\/em><\/td>\n<td width=\"190\">ov\u010dica<\/td>\n<td width=\"190\">20 cm<\/td>\n<\/tr>\n<tr>\n<td width=\"189\"><em>M<\/em><em>erluccius merluccius<\/em><\/td>\n<td width=\"190\">osli\u0107<\/td>\n<td width=\"190\">20 cm<\/td>\n<\/tr>\n<tr>\n<td width=\"189\"><em>Mul<\/em><em>lus spp.<\/em><\/td>\n<td width=\"190\">trlja<\/td>\n<td width=\"190\">11 cm<\/td>\n<\/tr>\n<tr>\n<td width=\"189\"><em>P<\/em><em>ag<\/em><em>ellus acarne<\/em><\/td>\n<td width=\"190\">batoglavac<\/td>\n<td width=\"190\">17 cm<\/td>\n<\/tr>\n<tr>\n<td width=\"189\"><em>P<\/em><em>ag<\/em><em>ellus bogaraveo<\/em><\/td>\n<td width=\"190\">rumenac okan<\/td>\n<td width=\"190\">33 cm<\/td>\n<\/tr>\n<tr>\n<td width=\"189\"><em>P<\/em><em>ag<\/em><em>ellus erythrinus<\/em><\/td>\n<td width=\"190\">arbun<\/td>\n<td width=\"190\">15 cm<\/td>\n<\/tr>\n<tr>\n<td width=\"189\"><em>P<\/em><em>ag<\/em><em>r<\/em><em>u<\/em><em>s pagrus<\/em><\/td>\n<td width=\"190\">pagar<\/td>\n<td width=\"190\">18 cm<\/td>\n<\/tr>\n<tr>\n<td width=\"189\"><em>P<\/em><em>o<\/em><em>lyprion americanus<\/em><\/td>\n<td width=\"190\">kirnja glavulja<\/td>\n<td width=\"190\">45 cm<\/td>\n<\/tr>\n<tr>\n<td width=\"189\"><em>Sa<\/em><em>r<\/em><em>d<\/em><em>in<\/em><em>a pilchardus<\/em><\/td>\n<td width=\"190\">srdela<\/td>\n<td width=\"190\">11 cm<\/td>\n<\/tr>\n<tr>\n<td width=\"189\"><em>S<\/em><em>c<\/em><em>o<\/em><em>m<\/em><em>b<\/em><em>er spp.<\/em><\/td>\n<td width=\"190\">sku\u0161a<\/td>\n<td width=\"190\">18 cm<\/td>\n<\/tr>\n<tr>\n<td width=\"189\"><em>S<\/em><em>o<\/em><em>lea vulgaris<\/em><\/td>\n<td width=\"190\">list<\/td>\n<td width=\"190\">20 cm<\/td>\n<\/tr>\n<tr>\n<td width=\"189\"><em>S<\/em><em>parus aurata<\/em><\/td>\n<td width=\"190\">podlanica, komar\u010da<\/td>\n<td width=\"190\">20 cm<\/td>\n<\/tr>\n<tr>\n<td width=\"189\"><em>T<\/em><em>rachurus spp.<\/em><\/td>\n<td width=\"190\">\u0161arun,\u0161njur<\/td>\n<td width=\"190\">15 cm<\/td>\n<\/tr>\n<tr>\n<td width=\"189\"><strong>2. BIVALVIA<\/strong><\/td>\n<td width=\"190\"><strong>\u0160<\/strong><strong>K<\/strong><strong>O<\/strong><strong>L<\/strong><strong>J<\/strong><strong>K<\/strong><strong>A<\/strong><strong>\u0160<\/strong><strong>I<\/strong><\/td>\n<td width=\"190\">\u00a0<\/td>\n<\/tr>\n<tr>\n<td width=\"189\"><em>Arca noe<\/em><\/td>\n<td width=\"190\">kunjka<\/td>\n<td width=\"190\">5 cm<\/td>\n<\/tr>\n<tr>\n<td width=\"189\"><em>M<\/em><em>y<\/em><em>tilu<\/em><em>s galloprovincialis<\/em><\/td>\n<td width=\"190\">dagnje<\/td>\n<td width=\"190\">6 cm<\/td>\n<\/tr>\n<tr>\n<td width=\"189\"><em>Ostrea edulis<\/em><\/td>\n<td width=\"190\">kamenica<\/td>\n<td width=\"190\">7 cm<\/td>\n<\/tr>\n<tr>\n<td width=\"189\"><em>P<\/em><em>ecten jacobeus<\/em><\/td>\n<td width=\"190\">Jakovljeva kapica<\/td>\n<td width=\"190\">10 cm<\/td>\n<\/tr>\n<tr>\n<td width=\"189\"><em>Venerupis spp.<\/em><\/td>\n<td width=\"190\">ku\u0107ice<\/td>\n<td width=\"190\">25 mm<\/td>\n<\/tr>\n<tr>\n<td width=\"189\"><em>Venus spp.<\/em><\/td>\n<td width=\"190\">koko\u0161, prnjavica<\/td>\n<td width=\"190\">25 mm<\/td>\n<\/tr>\n<tr>\n<td width=\"189\"><strong>3<\/strong><strong>. CEPHALOPODA<\/strong><\/td>\n<td width=\"190\"><strong>G<\/strong><strong>L<\/strong><strong>AV<\/strong><strong>O<\/strong><strong>N<\/strong><strong>O<\/strong><strong>\u0160<\/strong><strong>CI<\/strong><\/td>\n<td width=\"190\">\u00a0<\/td>\n<\/tr>\n<tr>\n<td width=\"189\"><em>Octopus vulgaris<\/em><\/td>\n<td width=\"190\">hobotnica<\/td>\n<td width=\"190\">1 kg<\/td>\n<\/tr>\n<\/tbody>\n<\/table>\n<p>&nbsp;<\/p>\n<p>[\/et_pb_text][\/et_pb_column][\/et_pb_row][\/et_pb_section]<\/p>\n","protected":false},"excerpt":{"rendered":"<p>\u00a0DOPU\u0160TENE VRSTE ALATA U REKREACIJSKOM I SPORTSKOM RIBOLOVU \u00a0Rekreacijski ribolov s dozvolom &#8211; \u00a0\u00a0\u00a0\u00a0\u00a0 odmet, ukupno do dva (2) komada &#8211; \u00a0\u00a0\u00a0\u00a0\u00a0 kan\u010denica, ukupno do dva (2) komada &#8211; \u00a0\u00a0\u00a0\u00a0\u00a0 povla\u010dni povraz (panula), ukupno do dva (2) komada &#8211; \u00a0\u00a0\u00a0\u00a0\u00a0 povraz s kukom za lov glavono\u017eaca, ukupno do dva (2) komada &#8211; \u00a0\u00a0\u00a0\u00a0\u00a0 naprava za [&hellip;]<\/p>\n","protected":false},"author":2985,"featured_media":0,"parent":0,"menu_order":0,"comment_status":"closed","ping_status":"closed","template":"","meta":{"_et_pb_use_builder":"on","_et_pb_old_content":"","_et_gb_content_width":"","footnotes":""},"class_list":["post-228600","page","type-page","status-publish","hentry"],"yoast_head":"<!-- This site is optimized with the Yoast SEO plugin v27.4 - https:\/\/yoast.com\/product\/yoast-seo-wordpress\/ -->\n<title>Ukratko pravila ribolova - SUB.hr - Dozvola za ribolov 2026<\/title>\n<meta name=\"robots\" content=\"index, follow, max-snippet:-1, max-image-preview:large, max-video-preview:-1\" \/>\n<link rel=\"canonical\" href=\"https:\/\/sub.hr\/it\/regole-per-la-pesca\/\" \/>\n<meta property=\"og:locale\" content=\"it_IT\" \/>\n<meta property=\"og:type\" content=\"article\" \/>\n<meta property=\"og:title\" content=\"Ukratko pravila ribolova - SUB.hr - Dozvola za ribolov 2026\" \/>\n<meta property=\"og:description\" content=\"\u00a0DOPU\u0160TENE VRSTE ALATA U REKREACIJSKOM I SPORTSKOM RIBOLOVU \u00a0Rekreacijski ribolov s dozvolom - \u00a0\u00a0\u00a0\u00a0\u00a0 odmet, ukupno do dva (2) komada - \u00a0\u00a0\u00a0\u00a0\u00a0 kan\u010denica, ukupno do dva (2) komada - \u00a0\u00a0\u00a0\u00a0\u00a0 povla\u010dni povraz (panula), ukupno do dva (2) komada - \u00a0\u00a0\u00a0\u00a0\u00a0 povraz s kukom za lov glavono\u017eaca, ukupno do dva (2) komada - \u00a0\u00a0\u00a0\u00a0\u00a0 naprava za [&hellip;]\" \/>\n<meta property=\"og:url\" content=\"https:\/\/sub.hr\/it\/regole-per-la-pesca\/\" \/>\n<meta property=\"og:site_name\" content=\"SUB.hr - Dozvola za ribolov 2026\" \/>\n<meta property=\"article:modified_time\" content=\"2026-01-10T21:46:18+00:00\" \/>\n<meta name=\"twitter:card\" content=\"summary_large_image\" \/>\n<script type=\"application\/ld+json\" class=\"yoast-schema-graph\">{\"@context\":\"https:\\\/\\\/schema.org\",\"@graph\":[{\"@type\":\"WebPage\",\"@id\":\"https:\\\/\\\/sub.hr\\\/pravila-ribolova\\\/\",\"url\":\"https:\\\/\\\/sub.hr\\\/pravila-ribolova\\\/\",\"name\":\"Ukratko pravila ribolova - SUB.hr - Dozvola za ribolov 2026\",\"isPartOf\":{\"@id\":\"https:\\\/\\\/sub.hr\\\/#website\"},\"datePublished\":\"2025-01-28T22:55:26+00:00\",\"dateModified\":\"2026-01-10T21:46:18+00:00\",\"breadcrumb\":{\"@id\":\"https:\\\/\\\/sub.hr\\\/pravila-ribolova\\\/#breadcrumb\"},\"inLanguage\":\"it-IT\",\"potentialAction\":[{\"@type\":\"ReadAction\",\"target\":[\"https:\\\/\\\/sub.hr\\\/pravila-ribolova\\\/\"]}]},{\"@type\":\"BreadcrumbList\",\"@id\":\"https:\\\/\\\/sub.hr\\\/pravila-ribolova\\\/#breadcrumb\",\"itemListElement\":[{\"@type\":\"ListItem\",\"position\":1,\"name\":\"Po\u010detna stranica\",\"item\":\"https:\\\/\\\/sub.hr\\\/hr\\\/\"},{\"@type\":\"ListItem\",\"position\":2,\"name\":\"Ukratko pravila ribolova\"}]},{\"@type\":\"WebSite\",\"@id\":\"https:\\\/\\\/sub.hr\\\/#website\",\"url\":\"https:\\\/\\\/sub.hr\\\/\",\"name\":\"SUB.hr - Dozvola za ribolov 2026\",\"description\":\"Dozvola za ribolov Hrvatska - Fishing license Croatia - Permesso di Pesca Croazia\",\"potentialAction\":[{\"@type\":\"SearchAction\",\"target\":{\"@type\":\"EntryPoint\",\"urlTemplate\":\"https:\\\/\\\/sub.hr\\\/?s={search_term_string}\"},\"query-input\":{\"@type\":\"PropertyValueSpecification\",\"valueRequired\":true,\"valueName\":\"search_term_string\"}}],\"inLanguage\":\"it-IT\"}]}<\/script>\n<!-- \/ Yoast SEO plugin. -->","yoast_head_json":{"title":"Regole di pesca in breve - SUB.hr - Licenza di pesca 2026","robots":{"index":"index","follow":"follow","max-snippet":"max-snippet:-1","max-image-preview":"max-image-preview:large","max-video-preview":"max-video-preview:-1"},"canonical":"https:\/\/sub.hr\/it\/regole-per-la-pesca\/","og_locale":"it_IT","og_type":"article","og_title":"Ukratko pravila ribolova - SUB.hr - Dozvola za ribolov 2026","og_description":"\u00a0DOPU\u0160TENE VRSTE ALATA U REKREACIJSKOM I SPORTSKOM RIBOLOVU \u00a0Rekreacijski ribolov s dozvolom - \u00a0\u00a0\u00a0\u00a0\u00a0 odmet, ukupno do dva (2) komada - \u00a0\u00a0\u00a0\u00a0\u00a0 kan\u010denica, ukupno do dva (2) komada - \u00a0\u00a0\u00a0\u00a0\u00a0 povla\u010dni povraz (panula), ukupno do dva (2) komada - \u00a0\u00a0\u00a0\u00a0\u00a0 povraz s kukom za lov glavono\u017eaca, ukupno do dva (2) komada - \u00a0\u00a0\u00a0\u00a0\u00a0 naprava za [&hellip;]","og_url":"https:\/\/sub.hr\/it\/regole-per-la-pesca\/","og_site_name":"SUB.hr - Dozvola za ribolov 2026","article_modified_time":"2026-01-10T21:46:18+00:00","twitter_card":"summary_large_image","schema":{"@context":"https:\/\/schema.org","@graph":[{"@type":"WebPage","@id":"https:\/\/sub.hr\/pravila-ribolova\/","url":"https:\/\/sub.hr\/pravila-ribolova\/","name":"Regole di pesca in breve - SUB.hr - Licenza di pesca 2026","isPartOf":{"@id":"https:\/\/sub.hr\/#website"},"datePublished":"2025-01-28T22:55:26+00:00","dateModified":"2026-01-10T21:46:18+00:00","breadcrumb":{"@id":"https:\/\/sub.hr\/pravila-ribolova\/#breadcrumb"},"inLanguage":"it-IT","potentialAction":[{"@type":"ReadAction","target":["https:\/\/sub.hr\/pravila-ribolova\/"]}]},{"@type":"BreadcrumbList","@id":"https:\/\/sub.hr\/pravila-ribolova\/#breadcrumb","itemListElement":[{"@type":"ListItem","position":1,"name":"Po\u010detna stranica","item":"https:\/\/sub.hr\/hr\/"},{"@type":"ListItem","position":2,"name":"Ukratko pravila ribolova"}]},{"@type":"WebSite","@id":"https:\/\/sub.hr\/#website","url":"https:\/\/sub.hr\/","name":"SUB.hr - Licenza di pesca 2026","description":"Licenza di pesca Croazia - Permesso di Pesca Croazia","potentialAction":[{"@type":"SearchAction","target":{"@type":"EntryPoint","urlTemplate":"https:\/\/sub.hr\/?s={search_term_string}"},"query-input":{"@type":"PropertyValueSpecification","valueRequired":true,"valueName":"search_term_string"}}],"inLanguage":"it-IT"}]}},"_links":{"self":[{"href":"https:\/\/sub.hr\/it\/wp-json\/wp\/v2\/pages\/228600","targetHints":{"allow":["GET"]}}],"collection":[{"href":"https:\/\/sub.hr\/it\/wp-json\/wp\/v2\/pages"}],"about":[{"href":"https:\/\/sub.hr\/it\/wp-json\/wp\/v2\/types\/page"}],"author":[{"embeddable":true,"href":"https:\/\/sub.hr\/it\/wp-json\/wp\/v2\/users\/2985"}],"replies":[{"embeddable":true,"href":"https:\/\/sub.hr\/it\/wp-json\/wp\/v2\/comments?post=228600"}],"version-history":[{"count":1,"href":"https:\/\/sub.hr\/it\/wp-json\/wp\/v2\/pages\/228600\/revisions"}],"predecessor-version":[{"id":231786,"href":"https:\/\/sub.hr\/it\/wp-json\/wp\/v2\/pages\/228600\/revisions\/231786"}],"wp:attachment":[{"href":"https:\/\/sub.hr\/it\/wp-json\/wp\/v2\/media?parent=228600"}],"curies":[{"name":"parola chiave","href":"https:\/\/api.w.org\/{rel}","templated":true}]}}