{"id":100260,"date":"2024-02-04T21:35:41","date_gmt":"2024-02-04T20:35:41","guid":{"rendered":"https:\/\/sub.hr\/?post_type=product&#038;p=100260"},"modified":"2026-03-02T00:44:08","modified_gmt":"2026-03-01T23:44:08","slug":"dnevne-dozvole-za-rekreacijski-ribolov","status":"publish","type":"product","link":"https:\/\/sub.hr\/hr\/product\/dnevne-dozvole-za-rekreacijski-ribolov\/","title":{"rendered":"Dnevne dozvole za REKREACIJSKI ribolov &#8211; 2025"},"content":{"rendered":"<p>Napomene prije narud\u017ebe:<\/p>\n<p>Dozvole\/licence do 150 dana za osobe od 18-65 godina i za osobe do 18 godina imaju istu cijenu za SPORT i\/ili REKREACIJSKU dozvolu\/licencu.<\/p>\n<p style=\"text-align: left;\">Dozvole\/Licence nisu dostupne odmah nakon napravljene narud\u017ebe.<\/p>\n<p style=\"text-align: left;\">Dozvole\/Licence izdajemo nekoliko puta dnevno i \u0161aljemo na email naru\u010ditelja.<\/p>\n<p style=\"text-align: left;\">Nakon narud\u017ebe i provedenog pla\u0107anja na na\u0161 ra\u010dun Dozvole\/Licence izdajemo tijekom dana (u roku od 24h).<\/p>\n<p style=\"text-align: left;\">Molimo naru\u010dite Dozvole\/Licence na vrijeme. Nismo du\u017eni izdati Dozvole\/Licence u trenutku zavr\u0161ene narud\u017ebe ili odmah.<\/p>\n<p>&#8212;-EN&#8212;-<\/p>\n<p>It&#8217;s all at one price. Featured payment includes all fees for RECREATIONAL Fishing in Croatia. Only take your ID card and you do not need additional documents for RECREATIONAL fishing. After your order and when we receive your payment, we send the license to your email.<\/p>\n<p><strong><span style=\"color: #ff0000;\">Licenses are valid until the expiration date or the end of this year.<\/span><\/strong><\/p>\n<p><span style=\"color: #ff0000;\"><a style=\"color: #ff0000;\" href=\"https:\/\/sub.hr\/product\/2022-sport-fishing-licenses\/\"><strong>Recommendation: For people from 18 to 65 years of age until March 1, it is most cost-effective to buy an ANNUAL SPORTS FISHING LICENSE &#8211; LINK.<\/strong><\/a><\/span><\/p>\n<p><strong>This license is <em>NOT FOR SPEARFISHING<\/em>\u00a0&#8211; <a href=\"https:\/\/sub.hr\/product\/godisnje-dozvole-za-sportski-ribolov-2024\/\">see sport fishing license &#8211; LINK.<\/a><\/strong><\/p>\n<p><strong>Questo permesso NON \u00c8 PER LA PESCA SUBACQUEA &#8211; <a href=\"https:\/\/sub.hr\/product\/godisnje-dozvole-za-sportski-ribolov-2024\/\">vedi permesso di pesca sportiva &#8211; LINK.<\/a><\/strong><\/p>\n<p><span style=\"color: #0000ff;\">\u21d2 Important Notice \u21d0<\/span><br \/>\nBy the decision of the Fisheries Administration of the Republic of Croatia, licenses for recreational fishing ordered today are issued for tomorrow or later. Therefore, it is not possible to order and issue a permit on the same day.<\/p>\n<p>* special annual licenses can only be purchased with a PRIMARY ANNUAL LICENSE (A primary annual license can be purchased only until March 1 of the current year).<\/p>\n<p>**A 150-day fishing license is a maximum of 150 days or until the end of this year. Not valid in the following year.<\/p>\n<p>The annual recreational fishing license fee includes:<br \/>\n&#8211; An annual license for recreational fishing at sea in the Republic of Croatia,<br \/>\n&#8211; PayPal\/Bank fee,<\/p>\n<p>Fishing tools and gear that are allowed to be used in <strong>RECREATIONAL<\/strong>\u00a0fishing:<\/p>\n<ol>\n<li>maximum of two fishing lines, with a max. 3 hooks on each line (in Croatian: ODMET);<\/li>\n<li>maximum of two fishing lines, with a max. 3 hooks on each line (in Croatian: KAN\u010cENICA);<\/li>\n<li>maximum of two trolling fishing lines, with a max. 3 hooks on each line (in Croatian: PANULA);<\/li>\n<li>maximum two trolling lines, with hooks on each line for catching\u00a0 Cephalopods;<\/li>\n<li>a large sea worm (trap) hunting device, up to two (2) pieces.<\/li>\n<\/ol>\n<p>The maximum allowed daily catch is 5 kg of fish and marine organisms.<\/p>\n","protected":false},"excerpt":{"rendered":"<p style=\"text-align: center;\">MOLIMO VAS PRO\u010cITAJTE OPIS PRIJE NARUD\u017dBE!<\/p>\n","protected":false},"featured_media":226065,"comment_status":"closed","ping_status":"closed","template":"","meta":{"_et_pb_use_builder":"","_et_pb_old_content":"","_et_gb_content_width":""},"product_brand":[],"product_cat":[48,47],"product_tag":[],"class_list":{"0":"post-100260","1":"product","2":"type-product","3":"status-publish","4":"has-post-thumbnail","6":"product_cat-dnevne-dozvole-za-rekreacijski-ribolov","7":"product_cat-dozvole-za-rekreacijski-ribolov-2026","9":"first","10":"outofstock","11":"shipping-taxable","12":"product-type-grouped"},"yoast_head":"<!-- This site is optimized with the Yoast SEO plugin v27.3 - https:\/\/yoast.com\/product\/yoast-seo-wordpress\/ -->\n<title>Dnevne dozvole za REKREACIJSKI ribolov - 2025 - SUB.hr - Dozvola za ribolov 2026<\/title>\n<meta name=\"robots\" content=\"index, follow, max-snippet:-1, max-image-preview:large, max-video-preview:-1\" \/>\n<link rel=\"canonical\" href=\"https:\/\/sub.hr\/hr\/product\/dnevne-dozvole-za-rekreacijski-ribolov\/\" \/>\n<meta property=\"og:locale\" content=\"hr_HR\" \/>\n<meta property=\"og:type\" content=\"article\" \/>\n<meta property=\"og:title\" content=\"Dnevne dozvole za REKREACIJSKI ribolov - 2025 - SUB.hr - Dozvola za ribolov 2026\" \/>\n<meta property=\"og:description\" content=\"MOLIMO VAS PRO\u010cITAJTE OPIS PRIJE NARUD\u017dBE!\" \/>\n<meta property=\"og:url\" content=\"https:\/\/sub.hr\/hr\/product\/dnevne-dozvole-za-rekreacijski-ribolov\/\" \/>\n<meta property=\"og:site_name\" content=\"SUB.hr - Dozvola za ribolov 2026\" \/>\n<meta property=\"article:modified_time\" content=\"2026-03-01T23:44:08+00:00\" \/>\n<meta property=\"og:image\" content=\"https:\/\/sub.hr\/wp-content\/uploads\/2024\/02\/Dozvola-za-rekreacijski-ribolov-ribolov-na-moru-1000x1000-web.jpg\" \/>\n\t<meta property=\"og:image:width\" content=\"1000\" \/>\n\t<meta property=\"og:image:height\" content=\"1000\" \/>\n\t<meta property=\"og:image:type\" content=\"image\/jpeg\" \/>\n<meta name=\"twitter:card\" content=\"summary_large_image\" \/>\n<meta name=\"twitter:label1\" content=\"Procijenjeno vrijeme \u010ditanja\" \/>\n\t<meta name=\"twitter:data1\" content=\"3 minute\" \/>\n<script type=\"application\/ld+json\" class=\"yoast-schema-graph\">{\"@context\":\"https:\\\/\\\/schema.org\",\"@graph\":[{\"@type\":\"WebPage\",\"@id\":\"https:\\\/\\\/sub.hr\\\/product\\\/dnevne-dozvole-za-rekreacijski-ribolov\\\/\",\"url\":\"https:\\\/\\\/sub.hr\\\/product\\\/dnevne-dozvole-za-rekreacijski-ribolov\\\/\",\"name\":\"Dnevne dozvole za REKREACIJSKI ribolov - 2025 - SUB.hr - Dozvola za ribolov 2026\",\"isPartOf\":{\"@id\":\"https:\\\/\\\/sub.hr\\\/#website\"},\"primaryImageOfPage\":{\"@id\":\"https:\\\/\\\/sub.hr\\\/product\\\/dnevne-dozvole-za-rekreacijski-ribolov\\\/#primaryimage\"},\"image\":{\"@id\":\"https:\\\/\\\/sub.hr\\\/product\\\/dnevne-dozvole-za-rekreacijski-ribolov\\\/#primaryimage\"},\"thumbnailUrl\":\"https:\\\/\\\/sub.hr\\\/wp-content\\\/uploads\\\/2024\\\/02\\\/Dozvola-za-rekreacijski-ribolov-ribolov-na-moru-1000x1000-web.jpg\",\"datePublished\":\"2024-02-04T20:35:41+00:00\",\"dateModified\":\"2026-03-01T23:44:08+00:00\",\"breadcrumb\":{\"@id\":\"https:\\\/\\\/sub.hr\\\/product\\\/dnevne-dozvole-za-rekreacijski-ribolov\\\/#breadcrumb\"},\"inLanguage\":\"hr\",\"potentialAction\":[{\"@type\":\"ReadAction\",\"target\":[\"https:\\\/\\\/sub.hr\\\/product\\\/dnevne-dozvole-za-rekreacijski-ribolov\\\/\"]}]},{\"@type\":\"ImageObject\",\"inLanguage\":\"hr\",\"@id\":\"https:\\\/\\\/sub.hr\\\/product\\\/dnevne-dozvole-za-rekreacijski-ribolov\\\/#primaryimage\",\"url\":\"https:\\\/\\\/sub.hr\\\/wp-content\\\/uploads\\\/2024\\\/02\\\/Dozvola-za-rekreacijski-ribolov-ribolov-na-moru-1000x1000-web.jpg\",\"contentUrl\":\"https:\\\/\\\/sub.hr\\\/wp-content\\\/uploads\\\/2024\\\/02\\\/Dozvola-za-rekreacijski-ribolov-ribolov-na-moru-1000x1000-web.jpg\",\"width\":1000,\"height\":1000},{\"@type\":\"BreadcrumbList\",\"@id\":\"https:\\\/\\\/sub.hr\\\/product\\\/dnevne-dozvole-za-rekreacijski-ribolov\\\/#breadcrumb\",\"itemListElement\":[{\"@type\":\"ListItem\",\"position\":1,\"name\":\"Po\u010detna stranica\",\"item\":\"https:\\\/\\\/sub.hr\\\/hr\\\/\"},{\"@type\":\"ListItem\",\"position\":2,\"name\":\"NARUD\u017dBA DOZVOLA\",\"item\":\"https:\\\/\\\/sub.hr\\\/hr\\\/narudzba-dozvola-za-ribolov\\\/\"},{\"@type\":\"ListItem\",\"position\":3,\"name\":\"Dnevne dozvole za REKREACIJSKI ribolov &#8211; 2025\"}]},{\"@type\":\"WebSite\",\"@id\":\"https:\\\/\\\/sub.hr\\\/#website\",\"url\":\"https:\\\/\\\/sub.hr\\\/\",\"name\":\"SUB.hr - Dozvola za ribolov 2026\",\"description\":\"Dozvola za ribolov Hrvatska - Fishing license Croatia - Permesso di Pesca Croazia\",\"potentialAction\":[{\"@type\":\"SearchAction\",\"target\":{\"@type\":\"EntryPoint\",\"urlTemplate\":\"https:\\\/\\\/sub.hr\\\/?s={search_term_string}\"},\"query-input\":{\"@type\":\"PropertyValueSpecification\",\"valueRequired\":true,\"valueName\":\"search_term_string\"}}],\"inLanguage\":\"hr\"}]}<\/script>\n<!-- \/ Yoast SEO plugin. -->","yoast_head_json":{"title":"Dnevne dozvole za REKREACIJSKI ribolov - 2025 - SUB.hr - Dozvola za ribolov 2026","robots":{"index":"index","follow":"follow","max-snippet":"max-snippet:-1","max-image-preview":"max-image-preview:large","max-video-preview":"max-video-preview:-1"},"canonical":"https:\/\/sub.hr\/hr\/product\/dnevne-dozvole-za-rekreacijski-ribolov\/","og_locale":"hr_HR","og_type":"article","og_title":"Dnevne dozvole za REKREACIJSKI ribolov - 2025 - SUB.hr - Dozvola za ribolov 2026","og_description":"MOLIMO VAS PRO\u010cITAJTE OPIS PRIJE NARUD\u017dBE!","og_url":"https:\/\/sub.hr\/hr\/product\/dnevne-dozvole-za-rekreacijski-ribolov\/","og_site_name":"SUB.hr - Dozvola za ribolov 2026","article_modified_time":"2026-03-01T23:44:08+00:00","og_image":[{"width":1000,"height":1000,"url":"https:\/\/sub.hr\/wp-content\/uploads\/2024\/02\/Dozvola-za-rekreacijski-ribolov-ribolov-na-moru-1000x1000-web.jpg","type":"image\/jpeg"}],"twitter_card":"summary_large_image","twitter_misc":{"Procijenjeno vrijeme \u010ditanja":"3 minute"},"schema":{"@context":"https:\/\/schema.org","@graph":[{"@type":"WebPage","@id":"https:\/\/sub.hr\/product\/dnevne-dozvole-za-rekreacijski-ribolov\/","url":"https:\/\/sub.hr\/product\/dnevne-dozvole-za-rekreacijski-ribolov\/","name":"Dnevne dozvole za REKREACIJSKI ribolov - 2025 - SUB.hr - Dozvola za ribolov 2026","isPartOf":{"@id":"https:\/\/sub.hr\/#website"},"primaryImageOfPage":{"@id":"https:\/\/sub.hr\/product\/dnevne-dozvole-za-rekreacijski-ribolov\/#primaryimage"},"image":{"@id":"https:\/\/sub.hr\/product\/dnevne-dozvole-za-rekreacijski-ribolov\/#primaryimage"},"thumbnailUrl":"https:\/\/sub.hr\/wp-content\/uploads\/2024\/02\/Dozvola-za-rekreacijski-ribolov-ribolov-na-moru-1000x1000-web.jpg","datePublished":"2024-02-04T20:35:41+00:00","dateModified":"2026-03-01T23:44:08+00:00","breadcrumb":{"@id":"https:\/\/sub.hr\/product\/dnevne-dozvole-za-rekreacijski-ribolov\/#breadcrumb"},"inLanguage":"hr","potentialAction":[{"@type":"ReadAction","target":["https:\/\/sub.hr\/product\/dnevne-dozvole-za-rekreacijski-ribolov\/"]}]},{"@type":"ImageObject","inLanguage":"hr","@id":"https:\/\/sub.hr\/product\/dnevne-dozvole-za-rekreacijski-ribolov\/#primaryimage","url":"https:\/\/sub.hr\/wp-content\/uploads\/2024\/02\/Dozvola-za-rekreacijski-ribolov-ribolov-na-moru-1000x1000-web.jpg","contentUrl":"https:\/\/sub.hr\/wp-content\/uploads\/2024\/02\/Dozvola-za-rekreacijski-ribolov-ribolov-na-moru-1000x1000-web.jpg","width":1000,"height":1000},{"@type":"BreadcrumbList","@id":"https:\/\/sub.hr\/product\/dnevne-dozvole-za-rekreacijski-ribolov\/#breadcrumb","itemListElement":[{"@type":"ListItem","position":1,"name":"Po\u010detna stranica","item":"https:\/\/sub.hr\/hr\/"},{"@type":"ListItem","position":2,"name":"NARUD\u017dBA DOZVOLA","item":"https:\/\/sub.hr\/hr\/narudzba-dozvola-za-ribolov\/"},{"@type":"ListItem","position":3,"name":"Dnevne dozvole za REKREACIJSKI ribolov &#8211; 2025"}]},{"@type":"WebSite","@id":"https:\/\/sub.hr\/#website","url":"https:\/\/sub.hr\/","name":"SUB.hr - Dozvola za ribolov 2026","description":"Dozvola za ribolov Hrvatska - Fishing license Croatia - Permesso di Pesca Croazia","potentialAction":[{"@type":"SearchAction","target":{"@type":"EntryPoint","urlTemplate":"https:\/\/sub.hr\/?s={search_term_string}"},"query-input":{"@type":"PropertyValueSpecification","valueRequired":true,"valueName":"search_term_string"}}],"inLanguage":"hr"}]}},"_links":{"self":[{"href":"https:\/\/sub.hr\/hr\/wp-json\/wp\/v2\/product\/100260","targetHints":{"allow":["GET"]}}],"collection":[{"href":"https:\/\/sub.hr\/hr\/wp-json\/wp\/v2\/product"}],"about":[{"href":"https:\/\/sub.hr\/hr\/wp-json\/wp\/v2\/types\/product"}],"replies":[{"embeddable":true,"href":"https:\/\/sub.hr\/hr\/wp-json\/wp\/v2\/comments?post=100260"}],"wp:featuredmedia":[{"embeddable":true,"href":"https:\/\/sub.hr\/hr\/wp-json\/wp\/v2\/media\/226065"}],"wp:attachment":[{"href":"https:\/\/sub.hr\/hr\/wp-json\/wp\/v2\/media?parent=100260"}],"wp:term":[{"taxonomy":"product_brand","embeddable":true,"href":"https:\/\/sub.hr\/hr\/wp-json\/wp\/v2\/product_brand?post=100260"},{"taxonomy":"product_cat","embeddable":true,"href":"https:\/\/sub.hr\/hr\/wp-json\/wp\/v2\/product_cat?post=100260"},{"taxonomy":"product_tag","embeddable":true,"href":"https:\/\/sub.hr\/hr\/wp-json\/wp\/v2\/product_tag?post=100260"}],"curies":[{"name":"wp","href":"https:\/\/api.w.org\/{rel}","templated":true}]}}