{"id":15,"date":"2024-02-02T21:25:24","date_gmt":"2024-02-02T20:25:24","guid":{"rendered":"https:\/\/sub.hr\/?page_id=15"},"modified":"2026-03-04T23:13:25","modified_gmt":"2026-03-04T22:13:25","slug":"refund_returns","status":"publish","type":"page","link":"https:\/\/sub.hr\/hr\/refund_returns\/","title":{"rendered":"UVJETI NARUD\u017dBE I PLA\u0106ANJA"},"content":{"rendered":"<p>[et_pb_section fb_built=&#8221;1&#8243; _builder_version=&#8221;4.16&#8243; global_colors_info=&#8221;{}&#8221;][et_pb_row _builder_version=&#8221;4.27.6&#8243; background_size=&#8221;initial&#8221; background_position=&#8221;top_left&#8221; background_repeat=&#8221;repeat&#8221; hover_enabled=&#8221;0&#8243; global_colors_info=&#8221;{}&#8221; sticky_enabled=&#8221;0&#8243;][et_pb_column type=&#8221;4_4&#8243; _builder_version=&#8221;4.27.6&#8243; custom_padding=&#8221;|||&#8221; hover_enabled=&#8221;0&#8243; global_colors_info=&#8221;{}&#8221; custom_padding__hover=&#8221;|||&#8221; sticky_enabled=&#8221;0&#8243;][et_pb_text _builder_version=&#8221;4.27.6&#8243; background_size=&#8221;initial&#8221; background_position=&#8221;top_left&#8221; background_repeat=&#8221;repeat&#8221; hover_enabled=&#8221;0&#8243; global_colors_info=&#8221;{}&#8221; sticky_enabled=&#8221;0&#8243;]<\/p>\n<p><strong>UVJETI NARUD\u017dBE I PLA\u0106ANJA ROBE<\/strong><\/p>\n<p>Ugovor o daljini i\/ili Ugovor sklopljen izvan Poslovnih prostorija (u daljnjem tekstu: Ugovor) KPA SUB i Pru\u017eatelj mogu sklopiti kao ISKLJU\u010cIVI POSLOVNI PREDSTAVNIK. Ugovore u ime i za ra\u010dun maloljetne ili potpuno poslovno nesposobne osobe mogu sklapati samo njezini zakonski zastupnici, odnosno djelomi\u010dno poslovno sposobne osobe mogu sklapati ugovore samo uz suglasnost svog zakonskog zastupnika. Na potro\u0161a\u010du je da \u017eeljene artikle i njihovu koli\u010dinu stavi u ko\u0161aricu, zavr\u0161i narud\u017ebu nakon \u010dega \u0107e se generirati UMETNUTA ponuda \u2013 Narud\u017eba za naru\u010divanje. Naru\u010ditelji, kupci i\/ili potro\u0161a\u010di u ovim uvjetima narud\u017ebi i pla\u0107anja imaju isto zna\u010denje.<\/p>\n<p>&nbsp;<\/p>\n<p><strong>METODE PLA\u0106ANJA<\/strong><\/p>\n<p>Pla\u0107anje mo\u017eete izvr\u0161iti uplatom na transakcijski bankovni ra\u010dun KPA SUB ra\u010dun ili transakcijski PayPal ra\u010dun.<\/p>\n<p>Transakcijski poslovni ra\u010dun banke:<\/p>\n<p>ERSTE&amp;STEIERM\u00c4RKISCHE BANK d.d.<\/p>\n<p>Jadranski trg 3a, 51000 Rijeka, REPUBLIKA HRVATSKA<\/p>\n<p>IBAN: HR6524020061101256251<\/p>\n<p>SWIFT: ESBCHR22<\/p>\n<p>Transakcijski PayPal ra\u010dun:\u00a0<span><a href=\"mailto:kpasub@gmail.com\">kpasub@gmail.com<\/a><\/span><\/p>\n<p>&nbsp;<\/p>\n<p><strong>DOSTAVA<\/strong><\/p>\n<p>Prije isporuke uslugu je potrebno platiti. Vrijeme isporuke po\u010dinje primitkom uplate na bankovni ra\u010dun KPA SUB. Uslugu ne isporu\u010dujemo na temelju potvrde o uplati, ve\u0107 tek nakon \u0161to je uplata vidljiva na na\u0161em bankovnom ra\u010dunu. Kod pla\u0107anja u hrvatskim poslovnim bankama to je naj\u010de\u0161\u0107e sljede\u0107i radni dan, a u ve\u0107ini slu\u010dajeva dva radna dana od dana uplate, a kod pla\u0107anja u poslovnicama Hrvatske po\u0161te najmanje dva radna dana od uplate.<\/p>\n<p>Za uplate iz inozemstva to je dva do tri dana. Ako \u017eelite primiti svoju po\u0161iljku \u0161to je prije mogu\u0107e, navedite ispravne podatke o pla\u0107anju na svom elektroni\u010dkom pla\u0107anju, kreditnoj kartici ili op\u0107em pla\u0107anju i provjerite jeste li unijeli va\u017ee\u0107i poziv na broj odobrenja jer to mo\u017ee zna\u010dajno utjecati na brzinu isporuke i izvr\u0161ite uplatu u svojoj banci do 12.00 sati. Za sve uplate primljene do 12:00 sati, a vidljive su na na\u0161em ra\u010dunu, dostava je u roku od 24 sata. Za sve uplate zaprimljene nakon 12.00 sati, otprema po\u010dinje najranije sljede\u0107eg radnog dana.<\/p>\n<p>Isporuka usluge je isklju\u010divo elektroni\u010dkim putem.<\/p>\n<p>&nbsp;<\/p>\n<p><strong>\u00a0POLITIKA KOLA\u010cI\u0106A<\/strong><\/p>\n<p>Kako bi ova stranica ispravno radila, kako bismo mogli dodatno pobolj\u0161ati stranicu, pobolj\u0161ati va\u0161e iskustvo pregledavanja, ova stranica mora na va\u0161e ra\u010dunalo spremiti malu koli\u010dinu informacija (kola\u010di\u0107e). Vi\u0161e od 90% svih web stranica koristi ovu praksu, ali prema propisima EU od 25. o\u017eujka 2011. du\u017eni smo zatra\u017eiti va\u0161 pristanak prije spremanja kola\u010di\u0107a. Kori\u0161tenjem web stranice pristajete na kori\u0161tenje kola\u010di\u0107a. Blokiranjem kola\u010di\u0107a i dalje mo\u017eete pregledavati stranicu, ali neke njezine zna\u010dajke ne\u0107e biti dostupne \u2013 op\u0161irnije.<\/p>\n<p><strong>\u00a0<\/strong><\/p>\n<p><strong>PRIVATNOST<\/strong><\/p>\n<p>KPA SUB je du\u017ean pru\u017eiti za\u0161titu va\u0161im osobnim podacima prikupljaju\u0107i samo bitne, osnovne podatke o kupcima\/kupcima koji su potrebni za ispunjavanje na\u0161ih obveza; obavje\u0161tavaju\u0107i kupce o tome kako koriste podatke koje prikupljaju, redovito daje kupcima izbor kori\u0161tenja njihovih podataka, uklju\u010duju\u0107i mogu\u0107nost odluke ho\u0107e li ili ne ukloniti svoje ime s popisa koji se koriste za marketin\u0161ke kampanje. Svi podaci o kupcima se strogo \u010duvaju i dostupni su samo djelatnicima koji su to du\u017eni \u010diniti. Svi ovla\u0161teni \u010dlanovi KPA SUB i poslovni partneri odgovorni su za po\u0161tivanje na\u010dela privatnosti.<\/p>\n<p><strong>\u00a0<\/strong><\/p>\n<p><strong>POVRAT ROBE \/ OGLA\u0160AVANJE<\/strong><\/p>\n<p>Sve vrste ribolovnih dozvola ili dozvola za rekreacijski ribolov smatraju se kupnjom \u201erobe po narud\u017ebi potro\u0161a\u010da\u201c \u0161to zna\u010di negotove robe izra\u0111ene na temelju individualnog izbora ili odluke potro\u0161a\u010da. To zna\u010di da pri kupnji bilo koje vrste dozvole za sportski ili rekreacijski ribolov na moru, izuze\u0107e od prava potro\u0161a\u010da na odustanak regulirano je DIREKTIVOM 2011\/83 \/ EU EUROPSKOG PARLAMENTA I VIJE\u0106A od 25. listopada 2011. o prava potro\u0161a\u010da i mo\u017ee se pogledati na slu\u017ebenim jezicima dr\u017eava \u010dlanica EU \u2013 poveznica.<\/p>\n<p>Sukladno gore navedenoj DIREKTIVI 2011\/83 za sve vrste dozvola za ribolov, nema ovlasti jednostrano raskinuti ugovor bez obrazlo\u017eenja u roku od 14 dana od dana isporuke usluge. Tro\u0161ak reklamacije snosi kupac ukoliko je prilikom odabira i kupnje robe naru\u010dio pogre\u0161nu uslugu u bilo kojoj opciji ili kategoriji, te navedenom opisu usluge.<\/p>\n<p>U slu\u010daju jednostranog raskida ugovora postupat \u0107emo prema SMJERNICAMA 2011\/83 za sve vrste ribolovnih dozvola i prema Zakonu o za\u0161titi potro\u0161a\u010da i\/ili prema odredbama Zakona o obveznim odnosima. Nije mogu\u0107e izvr\u0161iti povrat upla\u0107enih sredstava za sve vrste ribolovnih dozvola.<\/p>\n<p>KPA SUB omogu\u0107uje svim kupcima da sve upite, sporove i reklamacije upute na gore navedenu adresu ili na mail adresu kpasub@gmail.com kako bi dobili informacije o na\u010dinu, mogu\u0107nostima i rokovima povrata robe od strane KPA SUB. Usmene i telefonske primjedbe i reklamacije vezane uz povrat robe ne\u0107e se uva\u017eiti.<\/p>\n<p><strong>\u00a0<\/strong><\/p>\n<p><strong>PRAVO NA RASKID UGOVORA\/NARUD\u017dBE I PLA\u0106ANJE<\/strong><\/p>\n<p><strong>Pravo na jednostrani raskid ugovora<\/strong><\/p>\n<p>U skladu s potro\u0161a\u010devim pravom na odustanak ure\u0111enim DIREKTIVOM 2011\/83 \/ EU EUROPSKOG PARLAMENTA I VIJE\u0106A od 25. listopada 2011., potro\u0161a\u010d ne mo\u017ee jednostrano raskinuti ovaj ugovor u roku od 14 dana od datuma sklapanja ugovora ili nakon isporuka robe. Pravo na jednostrani raskid ugovora ne po\u010dinje te\u0107i od dana isporuke.<\/p>\n<p><strong>Pla\u0107anje<\/strong><\/p>\n<p>KPA SUB isporu\u010duje svoje usluge tek nakon \u0161to je usluga pla\u0107ena. Web stranica\u00a0<span><a href=\"https:\/\/sub.hr\/\">https:\/\/sub.hr<\/a><\/span>\u00a0je platforma preko koje se dozvole mogu naru\u010diti i ne radi kao tzv. \u201cweb shop\u201d. Po narud\u017ebi usluge ista se ne napla\u0107uje ve\u0107 se naru\u010ditelju \u0161alje ponuda sa svim navedenim stavkama usluge.\u00a0 Isporuka usluge je u digitalnom obliku, za uslugu isporuke mo\u017ee se pla\u0107ati provizija u korist KPA SUB, a u koju su uklju\u010deni tro\u0161kovi bankovnih transakcija, PayPal naknada i drugog. Naru\u010ditelj ili kupac pla\u0107a naknade koje su navedene u ponudi ili ispostavljenom ra\u010dunu. Naru\u010ditelj mo\u017ee odustati od ponude i po narud\u017ebi nema obvezu pla\u0107anja. Nakon \u0161to je usluga pla\u0107ena i vidljiva na na\u0161em transakcijskom ra\u010dunu KPA SUB dostavlja naru\u010ditelju uslugu koju je platio i prihvatio po prije dostavljenoj ponudi. KPA SUB zadr\u017eava pravo odustati od isporuke usluge uz obvezu povrata pla\u0107enog iznosa za uslugu.\u00a0\u00a0<\/p>\n<p><strong>ISPU\u0160TANJE OTPADA<\/strong><\/p>\n<p>KPA SUB pru\u017ea uslugu koja ne sadr\u017ei EE otpad.<\/p>\n<p><!-- \/divi:paragraph --><\/p>\n<p>[\/et_pb_text][\/et_pb_column][\/et_pb_row][\/et_pb_section]<\/p>\n","protected":false},"excerpt":{"rendered":"<p>UVJETI NARUD\u017dBE I PLA\u0106ANJA ROBE Ugovor o daljini i\/ili Ugovor sklopljen izvan Poslovnih prostorija (u daljnjem tekstu: Ugovor) KPA SUB i Pru\u017eatelj mogu sklopiti kao ISKLJU\u010cIVI POSLOVNI PREDSTAVNIK. Ugovore u ime i za ra\u010dun maloljetne ili potpuno poslovno nesposobne osobe mogu sklapati samo njezini zakonski zastupnici, odnosno djelomi\u010dno poslovno sposobne osobe mogu sklapati ugovore samo [&hellip;]<\/p>\n","protected":false},"author":1,"featured_media":0,"parent":0,"menu_order":0,"comment_status":"closed","ping_status":"closed","template":"","meta":{"_et_pb_use_builder":"on","_et_pb_old_content":"<!-- wp:paragraph -->\n<p><strong>UVJETI NARUD\u017dBE I PLA\u0106ANJA ROBE<\/strong><\/p>\n<!-- \/wp:paragraph -->\n\n<!-- wp:paragraph -->\n<p>Ugovor o daljini i\/ili Ugovor sklopljen izvan Poslovnih prostorija (u daljnjem tekstu: Ugovor) KPA SUB i Pru\u017eatelj mogu sklopiti kao ISKLJU\u010cIVI POSLOVNI PREDSTAVNIK. Ugovore u ime i za ra\u010dun maloljetne ili potpuno poslovno nesposobne osobe mogu sklapati samo njezini zakonski zastupnici, odnosno djelomi\u010dno poslovno sposobne osobe mogu sklapati ugovore samo uz suglasnost svog zakonskog zastupnika. Na potro\u0161a\u010du je da \u017eeljene artikle i njihovu koli\u010dinu stavi u ko\u0161aricu, zavr\u0161i narud\u017ebu nakon \u010dega \u0107e se generirati UMETNUTA ponuda \u2013 Narud\u017eba za naru\u010divanje. Naru\u010ditelji, kupci i\/ili potro\u0161a\u010di u ovim uvjetima narud\u017ebi i pla\u0107anja imaju isto zna\u010denje.<\/p>\n<!-- \/wp:paragraph -->\n\n<!-- wp:paragraph -->\n<p><strong>METODE PLA\u0106ANJA<\/strong><\/p>\n<!-- \/wp:paragraph -->\n\n<!-- wp:paragraph -->\n<p>Pla\u0107anje mo\u017eete izvr\u0161iti uplatom na transakcijski bankovni ra\u010dun KPA SUB ra\u010dun ili transakcijski PayPal ra\u010dun.<\/p>\n<!-- \/wp:paragraph -->\n\n<!-- wp:paragraph -->\n<p>Transakcijski poslovni ra\u010dun banke:<\/p>\n<!-- \/wp:paragraph -->\n\n<!-- wp:paragraph -->\n<p>ERSTE&amp;STEIERM\u00c4RKISCHE BANK d.d.<\/p>\n<!-- \/wp:paragraph -->\n\n<!-- wp:paragraph -->\n<p>Jadranski trg 3a, 51000 Rijeka, REPUBLIKA HRVATSKA<\/p>\n<!-- \/wp:paragraph -->\n\n<!-- wp:paragraph -->\n<p>IBAN: HR6524020061101256251<\/p>\n<!-- \/wp:paragraph -->\n\n<!-- wp:paragraph -->\n<p>SWIFT: ESBCHR22<\/p>\n<!-- \/wp:paragraph -->\n\n<!-- wp:paragraph -->\n<p>Transakcijski PayPal ra\u010dun:&nbsp;<a href=\"mailto:kpasub@gmail.com\">kpasub@gmail.com<\/a><\/p>\n<!-- \/wp:paragraph -->\n\n<!-- wp:paragraph -->\n<p><strong>DOSTAVA<\/strong><\/p>\n<!-- \/wp:paragraph -->\n\n<!-- wp:paragraph -->\n<p>Prije isporuke uslugu je potrebno platiti. Vrijeme isporuke po\u010dinje primitkom uplate na bankovni ra\u010dun KPA SUB. Uslugu ne isporu\u010dujemo na temelju potvrde o uplati, ve\u0107 tek nakon \u0161to je uplata vidljiva na na\u0161em bankovnom ra\u010dunu. Kod pla\u0107anja u hrvatskim poslovnim bankama to je naj\u010de\u0161\u0107e sljede\u0107i radni dan, a u ve\u0107ini slu\u010dajeva dva radna dana od dana uplate, a kod pla\u0107anja u poslovnicama Hrvatske po\u0161te najmanje dva radna dana od uplate.<\/p>\n<!-- \/wp:paragraph -->\n\n<!-- wp:paragraph -->\n<p>Za uplate iz inozemstva to je dva do tri dana. Ako \u017eelite primiti svoju po\u0161iljku \u0161to je prije mogu\u0107e, navedite ispravne podatke o pla\u0107anju na svom elektroni\u010dkom pla\u0107anju, kreditnoj kartici ili op\u0107em pla\u0107anju i provjerite jeste li unijeli va\u017ee\u0107i poziv na broj odobrenja jer to mo\u017ee zna\u010dajno utjecati na brzinu isporuke i izvr\u0161ite uplatu u svojoj banci do 12.00 sati. Za sve uplate primljene do 12:00 sati, a vidljive su na na\u0161em ra\u010dunu, dostava je u roku od 24 sata. Za sve uplate zaprimljene nakon 12.00 sati, otprema po\u010dinje najranije sljede\u0107eg radnog dana.<\/p>\n<!-- \/wp:paragraph -->\n\n<!-- wp:paragraph -->\n<p>Isporuka usluge je isklju\u010divo elektroni\u010dkim putem.<\/p>\n<!-- \/wp:paragraph -->\n\n<!-- wp:paragraph -->\n<p><strong>&nbsp;POLITIKA KOLA\u010cI\u0106A<\/strong><\/p>\n<!-- \/wp:paragraph -->\n\n<!-- wp:paragraph -->\n<p>Kako bi ova stranica ispravno radila, kako bismo mogli dodatno pobolj\u0161ati stranicu, pobolj\u0161ati va\u0161e iskustvo pregledavanja, ova stranica mora na va\u0161e ra\u010dunalo spremiti malu koli\u010dinu informacija (kola\u010di\u0107e). Vi\u0161e od 90% svih web stranica koristi ovu praksu, ali prema propisima EU od 25. o\u017eujka 2011. du\u017eni smo zatra\u017eiti va\u0161 pristanak prije spremanja kola\u010di\u0107a. Kori\u0161tenjem web stranice pristajete na kori\u0161tenje kola\u010di\u0107a. Blokiranjem kola\u010di\u0107a i dalje mo\u017eete pregledavati stranicu, ali neke njezine zna\u010dajke ne\u0107e biti dostupne \u2013 op\u0161irnije.<\/p>\n<!-- \/wp:paragraph -->\n\n<!-- wp:paragraph -->\n<p><strong>PRIVATNOST<\/strong><\/p>\n<!-- \/wp:paragraph -->\n\n<!-- wp:paragraph -->\n<p>KPA SUB je du\u017ean pru\u017eiti za\u0161titu va\u0161im osobnim podacima prikupljaju\u0107i samo bitne, osnovne podatke o kupcima\/kupcima koji su potrebni za ispunjavanje na\u0161ih obveza; obavje\u0161tavaju\u0107i kupce o tome kako koriste podatke koje prikupljaju, redovito daje kupcima izbor kori\u0161tenja njihovih podataka, uklju\u010duju\u0107i mogu\u0107nost odluke ho\u0107e li ili ne ukloniti svoje ime s popisa koji se koriste za marketin\u0161ke kampanje. Svi podaci o kupcima se strogo \u010duvaju i dostupni su samo djelatnicima koji su to du\u017eni \u010diniti. Svi ovla\u0161teni \u010dlanovi KPA SUB i poslovni partneri odgovorni su za po\u0161tivanje na\u010dela privatnosti.<\/p>\n<!-- \/wp:paragraph -->\n\n<!-- wp:paragraph -->\n<p><strong>POVRAT ROBE \/ OGLA\u0160AVANJE<\/strong><\/p>\n<!-- \/wp:paragraph -->\n\n<!-- wp:paragraph -->\n<p>Sve vrste ribolovnih dozvola ili dozvola za rekreacijski ribolov smatraju se kupnjom \u201erobe po narud\u017ebi potro\u0161a\u010da\u201c \u0161to zna\u010di negotove robe izra\u0111ene na temelju individualnog izbora ili odluke potro\u0161a\u010da. To zna\u010di da pri kupnji bilo koje vrste dozvole za sportski ili rekreacijski ribolov na moru, izuze\u0107e od prava potro\u0161a\u010da na odustanak regulirano je DIREKTIVOM 2011\/83 \/ EU EUROPSKOG PARLAMENTA I VIJE\u0106A od 25. listopada 2011. o prava potro\u0161a\u010da i mo\u017ee se pogledati na slu\u017ebenim jezicima dr\u017eava \u010dlanica EU \u2013 poveznica.<\/p>\n<!-- \/wp:paragraph -->\n\n<!-- wp:paragraph -->\n<p>Sukladno gore navedenoj DIREKTIVI 2011\/83 za sve vrste dozvola za ribolov, nema ovlasti jednostrano raskinuti ugovor bez obrazlo\u017eenja u roku od 14 dana od dana isporuke usluge. Tro\u0161ak reklamacije snosi kupac ukoliko je prilikom odabira i kupnje robe naru\u010dio pogre\u0161nu uslugu u bilo kojoj opciji ili kategoriji, te navedenom opisu usluge.<\/p>\n<!-- \/wp:paragraph -->\n\n<!-- wp:paragraph -->\n<p>U slu\u010daju jednostranog raskida ugovora postupat \u0107emo prema SMJERNICAMA 2011\/83 za sve vrste ribolovnih dozvola i prema Zakonu o za\u0161titi potro\u0161a\u010da i\/ili prema odredbama Zakona o obveznim odnosima. Nije mogu\u0107e izvr\u0161iti povrat upla\u0107enih sredstava za sve vrste ribolovnih dozvola.<\/p>\n<!-- \/wp:paragraph -->\n\n<!-- wp:paragraph -->\n<p>KPA SUB omogu\u0107uje svim kupcima da sve upite, sporove i reklamacije upute na gore navedenu adresu ili na mail adresu kpasub@gmail.com kako bi dobili informacije o na\u010dinu, mogu\u0107nostima i rokovima povrata robe od strane KPA SUB. Usmene i telefonske primjedbe i reklamacije vezane uz povrat robe ne\u0107e se uva\u017eiti.<\/p>\n<!-- \/wp:paragraph -->\n\n<!-- wp:paragraph -->\n<p><strong>PRAVO NA RASKID UGOVORA\/NARUD\u017dBE I PLA\u0106ANJE<\/strong><\/p>\n<!-- \/wp:paragraph -->\n\n<!-- wp:paragraph -->\n<p><strong>Pravo na jednostrani raskid ugovora<\/strong><\/p>\n<!-- \/wp:paragraph -->\n\n<!-- wp:paragraph -->\n<p>U skladu s potro\u0161a\u010devim pravom na odustanak ure\u0111enim DIREKTIVOM 2011\/83 \/ EU EUROPSKOG PARLAMENTA I VIJE\u0106A od 25. listopada 2011., potro\u0161a\u010d ne mo\u017ee jednostrano raskinuti ovaj ugovor u roku od 14 dana od datuma sklapanja ugovora ili nakon isporuka robe. Pravo na jednostrani raskid ugovora ne po\u010dinje te\u0107i od dana isporuke.<\/p>\n<!-- \/wp:paragraph -->\n\n<!-- wp:paragraph -->\n<p><strong>Pla\u0107anje<\/strong><\/p>\n<!-- \/wp:paragraph -->\n\n<!-- wp:paragraph -->\n<p>KPA SUB isporu\u010duje svoje usluge tek nakon \u0161to je usluga pla\u0107ena. Web stranica&nbsp;<a href=\"https:\/\/sub.hr\/\">https:\/\/sub.hr<\/a>&nbsp;je platforma preko koje se dozvole mogu naru\u010diti i ne radi kao tzv. \u201cweb shop\u201d. Po narud\u017ebi usluge ista se ne napla\u0107uje ve\u0107 se naru\u010ditelju \u0161alje ponuda sa svim navedenim stavkama usluge.&nbsp; Isporuka usluge je u digitalnom obliku, za uslugu isporuke mo\u017ee se pla\u0107ati provizija u korist KPA SUB, a u koju su uklju\u010deni tro\u0161kovi bankovnih transakcija, PayPal naknada i drugog. Naru\u010ditelj ili kupac pla\u0107a naknade koje su navedene u ponudi ili ispostavljenom ra\u010dunu. Naru\u010ditelj mo\u017ee odustati od ponude i po narud\u017ebi nema obvezu pla\u0107anja. Nakon \u0161to je usluga pla\u0107ena i vidljiva na na\u0161em transakcijskom ra\u010dunu KPA SUB dostavlja naru\u010ditelju uslugu koju je platio i prihvatio po prije dostavljenoj ponudi. KPA SUB zadr\u017eava pravo odustati od isporuke usluge uz obvezu povrata pla\u0107enog iznosa za uslugu.&nbsp;&nbsp;<\/p>\n<!-- \/wp:paragraph -->\n\n<!-- wp:paragraph -->\n<p><strong>ISPU\u0160TANJE OTPADA<\/strong><\/p>\n<!-- \/wp:paragraph -->\n\n<!-- wp:paragraph -->\n<p>KPA SUB pru\u017ea uslugu koja ne sadr\u017ei EE otpad.<\/p>\n<!-- \/wp:paragraph -->","_et_gb_content_width":"","footnotes":""},"class_list":["post-15","page","type-page","status-publish","hentry"],"yoast_head":"<!-- This site is optimized with the Yoast SEO plugin v27.3 - https:\/\/yoast.com\/product\/yoast-seo-wordpress\/ -->\n<title>UVJETI NARUD\u017dBE I PLA\u0106ANJA - SUB.hr - Dozvola za ribolov 2026<\/title>\n<meta name=\"robots\" content=\"index, follow, max-snippet:-1, max-image-preview:large, max-video-preview:-1\" \/>\n<link rel=\"canonical\" href=\"https:\/\/sub.hr\/hr\/refund_returns\/\" \/>\n<meta property=\"og:locale\" content=\"hr_HR\" \/>\n<meta property=\"og:type\" content=\"article\" \/>\n<meta property=\"og:title\" content=\"UVJETI NARUD\u017dBE I PLA\u0106ANJA - SUB.hr - Dozvola za ribolov 2026\" \/>\n<meta property=\"og:description\" content=\"UVJETI NARUD\u017dBE I PLA\u0106ANJA ROBE Ugovor o daljini i\/ili Ugovor sklopljen izvan Poslovnih prostorija (u daljnjem tekstu: Ugovor) KPA SUB i Pru\u017eatelj mogu sklopiti kao ISKLJU\u010cIVI POSLOVNI PREDSTAVNIK. Ugovore u ime i za ra\u010dun maloljetne ili potpuno poslovno nesposobne osobe mogu sklapati samo njezini zakonski zastupnici, odnosno djelomi\u010dno poslovno sposobne osobe mogu sklapati ugovore samo [&hellip;]\" \/>\n<meta property=\"og:url\" content=\"https:\/\/sub.hr\/hr\/refund_returns\/\" \/>\n<meta property=\"og:site_name\" content=\"SUB.hr - Dozvola za ribolov 2026\" \/>\n<meta property=\"article:modified_time\" content=\"2026-03-04T22:13:25+00:00\" \/>\n<meta name=\"twitter:card\" content=\"summary_large_image\" \/>\n<meta name=\"twitter:label1\" content=\"Procijenjeno vrijeme \u010ditanja\" \/>\n\t<meta name=\"twitter:data1\" content=\"5 minuta\" \/>\n<script type=\"application\/ld+json\" class=\"yoast-schema-graph\">{\"@context\":\"https:\\\/\\\/schema.org\",\"@graph\":[{\"@type\":\"WebPage\",\"@id\":\"https:\\\/\\\/sub.hr\\\/hr\\\/refund_returns\\\/\",\"url\":\"https:\\\/\\\/sub.hr\\\/hr\\\/refund_returns\\\/\",\"name\":\"UVJETI NARUD\u017dBE I PLA\u0106ANJA - SUB.hr - Dozvola za ribolov 2026\",\"isPartOf\":{\"@id\":\"https:\\\/\\\/sub.hr\\\/#website\"},\"datePublished\":\"2024-02-02T20:25:24+00:00\",\"dateModified\":\"2026-03-04T22:13:25+00:00\",\"breadcrumb\":{\"@id\":\"https:\\\/\\\/sub.hr\\\/hr\\\/refund_returns\\\/#breadcrumb\"},\"inLanguage\":\"hr\",\"potentialAction\":[{\"@type\":\"ReadAction\",\"target\":[\"https:\\\/\\\/sub.hr\\\/hr\\\/refund_returns\\\/\"]}]},{\"@type\":\"BreadcrumbList\",\"@id\":\"https:\\\/\\\/sub.hr\\\/hr\\\/refund_returns\\\/#breadcrumb\",\"itemListElement\":[{\"@type\":\"ListItem\",\"position\":1,\"name\":\"Po\u010detna stranica\",\"item\":\"https:\\\/\\\/sub.hr\\\/hr\\\/\"},{\"@type\":\"ListItem\",\"position\":2,\"name\":\"UVJETI NARUD\u017dBE I PLA\u0106ANJA\"}]},{\"@type\":\"WebSite\",\"@id\":\"https:\\\/\\\/sub.hr\\\/#website\",\"url\":\"https:\\\/\\\/sub.hr\\\/\",\"name\":\"SUB.hr - Dozvola za ribolov 2026\",\"description\":\"Dozvola za ribolov Hrvatska - Fishing license Croatia - Permesso di Pesca Croazia\",\"potentialAction\":[{\"@type\":\"SearchAction\",\"target\":{\"@type\":\"EntryPoint\",\"urlTemplate\":\"https:\\\/\\\/sub.hr\\\/?s={search_term_string}\"},\"query-input\":{\"@type\":\"PropertyValueSpecification\",\"valueRequired\":true,\"valueName\":\"search_term_string\"}}],\"inLanguage\":\"hr\"}]}<\/script>\n<!-- \/ Yoast SEO plugin. -->","yoast_head_json":{"title":"UVJETI NARUD\u017dBE I PLA\u0106ANJA - SUB.hr - Dozvola za ribolov 2026","robots":{"index":"index","follow":"follow","max-snippet":"max-snippet:-1","max-image-preview":"max-image-preview:large","max-video-preview":"max-video-preview:-1"},"canonical":"https:\/\/sub.hr\/hr\/refund_returns\/","og_locale":"hr_HR","og_type":"article","og_title":"UVJETI NARUD\u017dBE I PLA\u0106ANJA - SUB.hr - Dozvola za ribolov 2026","og_description":"UVJETI NARUD\u017dBE I PLA\u0106ANJA ROBE Ugovor o daljini i\/ili Ugovor sklopljen izvan Poslovnih prostorija (u daljnjem tekstu: Ugovor) KPA SUB i Pru\u017eatelj mogu sklopiti kao ISKLJU\u010cIVI POSLOVNI PREDSTAVNIK. Ugovore u ime i za ra\u010dun maloljetne ili potpuno poslovno nesposobne osobe mogu sklapati samo njezini zakonski zastupnici, odnosno djelomi\u010dno poslovno sposobne osobe mogu sklapati ugovore samo [&hellip;]","og_url":"https:\/\/sub.hr\/hr\/refund_returns\/","og_site_name":"SUB.hr - Dozvola za ribolov 2026","article_modified_time":"2026-03-04T22:13:25+00:00","twitter_card":"summary_large_image","twitter_misc":{"Procijenjeno vrijeme \u010ditanja":"5 minuta"},"schema":{"@context":"https:\/\/schema.org","@graph":[{"@type":"WebPage","@id":"https:\/\/sub.hr\/hr\/refund_returns\/","url":"https:\/\/sub.hr\/hr\/refund_returns\/","name":"UVJETI NARUD\u017dBE I PLA\u0106ANJA - SUB.hr - Dozvola za ribolov 2026","isPartOf":{"@id":"https:\/\/sub.hr\/#website"},"datePublished":"2024-02-02T20:25:24+00:00","dateModified":"2026-03-04T22:13:25+00:00","breadcrumb":{"@id":"https:\/\/sub.hr\/hr\/refund_returns\/#breadcrumb"},"inLanguage":"hr","potentialAction":[{"@type":"ReadAction","target":["https:\/\/sub.hr\/hr\/refund_returns\/"]}]},{"@type":"BreadcrumbList","@id":"https:\/\/sub.hr\/hr\/refund_returns\/#breadcrumb","itemListElement":[{"@type":"ListItem","position":1,"name":"Po\u010detna stranica","item":"https:\/\/sub.hr\/hr\/"},{"@type":"ListItem","position":2,"name":"UVJETI NARUD\u017dBE I PLA\u0106ANJA"}]},{"@type":"WebSite","@id":"https:\/\/sub.hr\/#website","url":"https:\/\/sub.hr\/","name":"SUB.hr - Dozvola za ribolov 2026","description":"Dozvola za ribolov Hrvatska - Fishing license Croatia - Permesso di Pesca Croazia","potentialAction":[{"@type":"SearchAction","target":{"@type":"EntryPoint","urlTemplate":"https:\/\/sub.hr\/?s={search_term_string}"},"query-input":{"@type":"PropertyValueSpecification","valueRequired":true,"valueName":"search_term_string"}}],"inLanguage":"hr"}]}},"_links":{"self":[{"href":"https:\/\/sub.hr\/hr\/wp-json\/wp\/v2\/pages\/15","targetHints":{"allow":["GET"]}}],"collection":[{"href":"https:\/\/sub.hr\/hr\/wp-json\/wp\/v2\/pages"}],"about":[{"href":"https:\/\/sub.hr\/hr\/wp-json\/wp\/v2\/types\/page"}],"author":[{"embeddable":true,"href":"https:\/\/sub.hr\/hr\/wp-json\/wp\/v2\/users\/1"}],"replies":[{"embeddable":true,"href":"https:\/\/sub.hr\/hr\/wp-json\/wp\/v2\/comments?post=15"}],"version-history":[{"count":10,"href":"https:\/\/sub.hr\/hr\/wp-json\/wp\/v2\/pages\/15\/revisions"}],"predecessor-version":[{"id":235449,"href":"https:\/\/sub.hr\/hr\/wp-json\/wp\/v2\/pages\/15\/revisions\/235449"}],"wp:attachment":[{"href":"https:\/\/sub.hr\/hr\/wp-json\/wp\/v2\/media?parent=15"}],"curies":[{"name":"wp","href":"https:\/\/api.w.org\/{rel}","templated":true}]}}