{"id":226658,"date":"2024-03-09T17:04:23","date_gmt":"2024-03-09T16:04:23","guid":{"rendered":"https:\/\/sub.hr\/?post_type=product&#038;p=226658"},"modified":"2026-03-02T00:22:26","modified_gmt":"2026-03-01T23:22:26","slug":"150-dana-dozvola-za-sportski-ribolov-za-osobe-preko-65-godina","status":"publish","type":"product","link":"https:\/\/sub.hr\/en\/product\/150-days-sport-fishing-license-for-people-over-65-years-old\/","title":{"rendered":"150 days SPORTS fishing - people over 65 years old"},"content":{"rendered":"","protected":false},"excerpt":{"rendered":"<p>PERMIT \/ LICENSE FOR PERSONS OVER 65 YEARS OF AGE<\/p>\n<p>The age of persons over 65 is determined by taking into account the current calendar year in which the person turns 65 by the end of the same year, regardless of the date of birth.<\/p>","protected":false},"featured_media":100197,"comment_status":"closed","ping_status":"closed","template":"","meta":{"_et_pb_use_builder":"","_et_pb_old_content":"","_et_gb_content_width":""},"product_brand":[],"product_cat":[54,45],"product_tag":[],"class_list":{"0":"post-226658","1":"product","2":"type-product","3":"status-publish","4":"has-post-thumbnail","6":"product_cat-dnevne-dozvole-za-sportski-ribolov","7":"product_cat-dozvole-za-sportski-ribolov","9":"first","10":"instock","11":"sold-individually","12":"shipping-taxable","13":"purchasable","14":"product-type-woosb"},"yoast_head":"<!-- This site is optimized with the Yoast SEO plugin v27.3 - https:\/\/yoast.com\/product\/yoast-seo-wordpress\/ -->\n<title>150 dana SPORTSKI ribolov - osobe preko 65 godina - SUB.hr - Dozvola za ribolov 2026<\/title>\n<meta name=\"robots\" content=\"index, follow, max-snippet:-1, max-image-preview:large, max-video-preview:-1\" \/>\n<link rel=\"canonical\" href=\"https:\/\/sub.hr\/en\/product\/150-days-sport-fishing-license-for-people-over-65-years-old\/\" \/>\n<meta property=\"og:locale\" content=\"en_US\" \/>\n<meta property=\"og:type\" content=\"article\" \/>\n<meta property=\"og:title\" content=\"150 dana SPORTSKI ribolov - osobe preko 65 godina - SUB.hr - Dozvola za ribolov 2026\" \/>\n<meta property=\"og:description\" content=\"DOZVOLA \/ LICENCA ZA OSOBE PREKO 65 GODINA  Dob osoba preko 65 godina odre\u0111uje se na na\u010din da se uzima u obzir teku\u0107a kalendarska godina u kojoj osoba do kraja iste godine navr\u0161ava 65 godina \u017eivota bez obzira na datum ro\u0111enja.\" \/>\n<meta property=\"og:url\" content=\"https:\/\/sub.hr\/en\/product\/150-days-sport-fishing-license-for-people-over-65-years-old\/\" \/>\n<meta property=\"og:site_name\" content=\"SUB.hr - Dozvola za ribolov 2026\" \/>\n<meta property=\"article:modified_time\" content=\"2026-03-01T23:22:26+00:00\" \/>\n<meta property=\"og:image\" content=\"https:\/\/sub.hr\/wp-content\/uploads\/2024\/02\/PERMESSO-DI-PESCA.jpg\" \/>\n\t<meta property=\"og:image:width\" content=\"300\" \/>\n\t<meta property=\"og:image:height\" content=\"300\" \/>\n\t<meta property=\"og:image:type\" content=\"image\/jpeg\" \/>\n<meta name=\"twitter:card\" content=\"summary_large_image\" \/>\n<meta name=\"twitter:label1\" content=\"Est. reading time\" \/>\n\t<meta name=\"twitter:data1\" content=\"1 minute\" \/>\n<script type=\"application\/ld+json\" class=\"yoast-schema-graph\">{\"@context\":\"https:\\\/\\\/schema.org\",\"@graph\":[{\"@type\":\"WebPage\",\"@id\":\"https:\\\/\\\/sub.hr\\\/product\\\/150-dana-dozvola-za-sportski-ribolov-za-osobe-preko-65-godina\\\/\",\"url\":\"https:\\\/\\\/sub.hr\\\/product\\\/150-dana-dozvola-za-sportski-ribolov-za-osobe-preko-65-godina\\\/\",\"name\":\"150 dana SPORTSKI ribolov - osobe preko 65 godina - SUB.hr - Dozvola za ribolov 2026\",\"isPartOf\":{\"@id\":\"https:\\\/\\\/sub.hr\\\/#website\"},\"primaryImageOfPage\":{\"@id\":\"https:\\\/\\\/sub.hr\\\/product\\\/150-dana-dozvola-za-sportski-ribolov-za-osobe-preko-65-godina\\\/#primaryimage\"},\"image\":{\"@id\":\"https:\\\/\\\/sub.hr\\\/product\\\/150-dana-dozvola-za-sportski-ribolov-za-osobe-preko-65-godina\\\/#primaryimage\"},\"thumbnailUrl\":\"https:\\\/\\\/sub.hr\\\/wp-content\\\/uploads\\\/2024\\\/02\\\/PERMESSO-DI-PESCA.jpg\",\"datePublished\":\"2024-03-09T16:04:23+00:00\",\"dateModified\":\"2026-03-01T23:22:26+00:00\",\"breadcrumb\":{\"@id\":\"https:\\\/\\\/sub.hr\\\/product\\\/150-dana-dozvola-za-sportski-ribolov-za-osobe-preko-65-godina\\\/#breadcrumb\"},\"inLanguage\":\"en-US\",\"potentialAction\":[{\"@type\":\"ReadAction\",\"target\":[\"https:\\\/\\\/sub.hr\\\/product\\\/150-dana-dozvola-za-sportski-ribolov-za-osobe-preko-65-godina\\\/\"]}]},{\"@type\":\"ImageObject\",\"inLanguage\":\"en-US\",\"@id\":\"https:\\\/\\\/sub.hr\\\/product\\\/150-dana-dozvola-za-sportski-ribolov-za-osobe-preko-65-godina\\\/#primaryimage\",\"url\":\"https:\\\/\\\/sub.hr\\\/wp-content\\\/uploads\\\/2024\\\/02\\\/PERMESSO-DI-PESCA.jpg\",\"contentUrl\":\"https:\\\/\\\/sub.hr\\\/wp-content\\\/uploads\\\/2024\\\/02\\\/PERMESSO-DI-PESCA.jpg\",\"width\":300,\"height\":300},{\"@type\":\"BreadcrumbList\",\"@id\":\"https:\\\/\\\/sub.hr\\\/product\\\/150-dana-dozvola-za-sportski-ribolov-za-osobe-preko-65-godina\\\/#breadcrumb\",\"itemListElement\":[{\"@type\":\"ListItem\",\"position\":1,\"name\":\"Po\u010detna stranica\",\"item\":\"https:\\\/\\\/sub.hr\\\/hr\\\/\"},{\"@type\":\"ListItem\",\"position\":2,\"name\":\"NARUD\u017dBA DOZVOLA\",\"item\":\"https:\\\/\\\/sub.hr\\\/hr\\\/narudzba-dozvola-za-ribolov\\\/\"},{\"@type\":\"ListItem\",\"position\":3,\"name\":\"150 dana SPORTSKI ribolov &#8211; osobe preko 65 godina\"}]},{\"@type\":\"WebSite\",\"@id\":\"https:\\\/\\\/sub.hr\\\/#website\",\"url\":\"https:\\\/\\\/sub.hr\\\/\",\"name\":\"SUB.hr - Dozvola za ribolov 2026\",\"description\":\"Dozvola za ribolov Hrvatska - Fishing license Croatia - Permesso di Pesca Croazia\",\"potentialAction\":[{\"@type\":\"SearchAction\",\"target\":{\"@type\":\"EntryPoint\",\"urlTemplate\":\"https:\\\/\\\/sub.hr\\\/?s={search_term_string}\"},\"query-input\":{\"@type\":\"PropertyValueSpecification\",\"valueRequired\":true,\"valueName\":\"search_term_string\"}}],\"inLanguage\":\"en-US\"}]}<\/script>\n<!-- \/ Yoast SEO plugin. -->","yoast_head_json":{"title":"150 days SPORT fishing - people over 65 years old - SUB.hr - Fishing license 2026","robots":{"index":"index","follow":"follow","max-snippet":"max-snippet:-1","max-image-preview":"max-image-preview:large","max-video-preview":"max-video-preview:-1"},"canonical":"https:\/\/sub.hr\/en\/product\/150-days-sport-fishing-license-for-people-over-65-years-old\/","og_locale":"en_US","og_type":"article","og_title":"150 dana SPORTSKI ribolov - osobe preko 65 godina - SUB.hr - Dozvola za ribolov 2026","og_description":"DOZVOLA \/ LICENCA ZA OSOBE PREKO 65 GODINA  Dob osoba preko 65 godina odre\u0111uje se na na\u010din da se uzima u obzir teku\u0107a kalendarska godina u kojoj osoba do kraja iste godine navr\u0161ava 65 godina \u017eivota bez obzira na datum ro\u0111enja.","og_url":"https:\/\/sub.hr\/en\/product\/150-days-sport-fishing-license-for-people-over-65-years-old\/","og_site_name":"SUB.hr - Dozvola za ribolov 2026","article_modified_time":"2026-03-01T23:22:26+00:00","og_image":[{"width":300,"height":300,"url":"https:\/\/sub.hr\/wp-content\/uploads\/2024\/02\/PERMESSO-DI-PESCA.jpg","type":"image\/jpeg"}],"twitter_card":"summary_large_image","twitter_misc":{"Est. reading time":"1 minute"},"schema":{"@context":"https:\/\/schema.org","@graph":[{"@type":"WebPage","@id":"https:\/\/sub.hr\/product\/150-dana-dozvola-za-sportski-ribolov-za-osobe-preko-65-godina\/","url":"https:\/\/sub.hr\/product\/150-dana-dozvola-za-sportski-ribolov-za-osobe-preko-65-godina\/","name":"150 days SPORT fishing - people over 65 years old - SUB.hr - Fishing license 2026","isPartOf":{"@id":"https:\/\/sub.hr\/#website"},"primaryImageOfPage":{"@id":"https:\/\/sub.hr\/product\/150-dana-dozvola-za-sportski-ribolov-za-osobe-preko-65-godina\/#primaryimage"},"image":{"@id":"https:\/\/sub.hr\/product\/150-dana-dozvola-za-sportski-ribolov-za-osobe-preko-65-godina\/#primaryimage"},"thumbnailUrl":"https:\/\/sub.hr\/wp-content\/uploads\/2024\/02\/PERMESSO-DI-PESCA.jpg","datePublished":"2024-03-09T16:04:23+00:00","dateModified":"2026-03-01T23:22:26+00:00","breadcrumb":{"@id":"https:\/\/sub.hr\/product\/150-dana-dozvola-za-sportski-ribolov-za-osobe-preko-65-godina\/#breadcrumb"},"inLanguage":"en-US","potentialAction":[{"@type":"ReadAction","target":["https:\/\/sub.hr\/product\/150-dana-dozvola-za-sportski-ribolov-za-osobe-preko-65-godina\/"]}]},{"@type":"ImageObject","inLanguage":"en-US","@id":"https:\/\/sub.hr\/product\/150-dana-dozvola-za-sportski-ribolov-za-osobe-preko-65-godina\/#primaryimage","url":"https:\/\/sub.hr\/wp-content\/uploads\/2024\/02\/PERMESSO-DI-PESCA.jpg","contentUrl":"https:\/\/sub.hr\/wp-content\/uploads\/2024\/02\/PERMESSO-DI-PESCA.jpg","width":300,"height":300},{"@type":"BreadcrumbList","@id":"https:\/\/sub.hr\/product\/150-dana-dozvola-za-sportski-ribolov-za-osobe-preko-65-godina\/#breadcrumb","itemListElement":[{"@type":"ListItem","position":1,"name":"Po\u010detna stranica","item":"https:\/\/sub.hr\/hr\/"},{"@type":"ListItem","position":2,"name":"NARUD\u017dBA DOZVOLA","item":"https:\/\/sub.hr\/hr\/narudzba-dozvola-za-ribolov\/"},{"@type":"ListItem","position":3,"name":"150 dana SPORTSKI ribolov &#8211; osobe preko 65 godina"}]},{"@type":"WebSite","@id":"https:\/\/sub.hr\/#website","url":"https:\/\/sub.hr\/","name":"SUB.hr - Fishing License 2026","description":"Fishing license Croatia - Permesso di Pesca Croazia","potentialAction":[{"@type":"SearchAction","target":{"@type":"EntryPoint","urlTemplate":"https:\/\/sub.hr\/?s={search_term_string}"},"query-input":{"@type":"PropertyValueSpecification","valueRequired":true,"valueName":"search_term_string"}}],"inLanguage":"en-US"}]}},"_links":{"self":[{"href":"https:\/\/sub.hr\/en\/wp-json\/wp\/v2\/product\/226658","targetHints":{"allow":["GET"]}}],"collection":[{"href":"https:\/\/sub.hr\/en\/wp-json\/wp\/v2\/product"}],"about":[{"href":"https:\/\/sub.hr\/en\/wp-json\/wp\/v2\/types\/product"}],"replies":[{"embeddable":true,"href":"https:\/\/sub.hr\/en\/wp-json\/wp\/v2\/comments?post=226658"}],"wp:featuredmedia":[{"embeddable":true,"href":"https:\/\/sub.hr\/en\/wp-json\/wp\/v2\/media\/100197"}],"wp:attachment":[{"href":"https:\/\/sub.hr\/en\/wp-json\/wp\/v2\/media?parent=226658"}],"wp:term":[{"taxonomy":"product_brand","embeddable":true,"href":"https:\/\/sub.hr\/en\/wp-json\/wp\/v2\/product_brand?post=226658"},{"taxonomy":"product_cat","embeddable":true,"href":"https:\/\/sub.hr\/en\/wp-json\/wp\/v2\/product_cat?post=226658"},{"taxonomy":"product_tag","embeddable":true,"href":"https:\/\/sub.hr\/en\/wp-json\/wp\/v2\/product_tag?post=226658"}],"curies":[{"name":"wp","href":"https:\/\/api.w.org\/{rel}","templated":true}]}}