{"id":100092,"date":"2025-12-01T21:30:10","date_gmt":"2025-12-01T20:30:10","guid":{"rendered":"https:\/\/sub.hr\/?post_type=product&#038;p=100092"},"modified":"2026-03-15T21:27:21","modified_gmt":"2026-03-15T20:27:21","slug":"dozvole-za-sportski-ribolov-2026","status":"publish","type":"product","link":"https:\/\/sub.hr\/en\/product\/permits-for-sport-fishing-in-2025\/","title":{"rendered":"SPORTS fishing licenses \u2013 2026"},"content":{"rendered":"<p><strong>Fishing tools and equipment available with a BASIC ANNUAL or daily license\/sports fishing license*:<\/strong><\/p>\n<ul>\n<li>a maximum of two spearfishing guns;<\/li>\n<li>a maximum of two strings (free hook), (in Croatian: ODMET);<\/li>\n<li>a maximum of two fishing lines (in Croatian: KAN\u010cENICA);<\/li>\n<li>a maximum of two lines for panula fishing (in Croatian: PANULA);<\/li>\n<li>a maximum of two lines for panula fishing, with hooks on each line for cephalopod fishing;<\/li>\n<li>large device for hunting sea worms (traps), up to two (2) pieces.<\/li>\n<\/ul>\n<p>*(This permit\/license is for spearfishing and other fishing tools). <strong>Special or special licenses for fishing:<\/strong> *Special licenses for big fish (Big fishing) can only be purchased after purchasing a basic (annual or daily) license in the appropriate age category. licenses. The special daily permit for sport fishing for large fish must be valid within the time period (same days) as the basic permit for sport fishing. <strong>Other notes:<\/strong> The holder of the permit\/license is obliged to have with him the personal document specified in the permit\/license for fishing. The maximum daily catch is 5 kg of fish or marine organisms. Fish caught in sport fishing must be marked after the catch (e.g. by cutting off a part of the tail). All types of fishing permits\/licenses are valid until they expire or until the end of this year and are not transferable to the next year. Example: a permit\/license for up to 150 days means that it is valid for a maximum of 150 days or until the end of this year and is not valid for the next year. The primary ANNUAL permit\/license can only be purchased until March 1 of the current year. After your order and when we receive your payment, we send you the permit\/license by e-mail. Permits\/licenses are made and sent several times a day, not immediately after the order is placed.<\/p>","protected":false},"excerpt":{"rendered":"<p>In SPORT fishing, permits\/licenses are available for:<\/p>\n<p>\u2013 persons aged 18 to 65 (born 1962 to 2008),<\/p>\n<p>\u2013 people over 65 years old (born in 1961 and older)<\/p>\n<p>\u2013 persons under 18 years of age (born in 2009 and younger)<\/p>","protected":false},"featured_media":226064,"comment_status":"closed","ping_status":"closed","template":"","meta":{"_et_pb_use_builder":"off","_et_pb_old_content":"<strong>Ribolovni alati i oprema dostupni uz OSNOVNU GODI\u0160NJU ili dnevnu dozvolu\/licencu za sportski ribolov*:<\/strong>\r\n<ul>\r\n \t<li>najvi\u0161e dvije pu\u0161ke za podvodni ribolov;<\/li>\r\n \t<li>maksimalno dva struna (slobodna udica), (na hrvatskom: ODMET);<\/li>\r\n \t<li>najvi\u0161e dva struna za pecanje (na hrvatskom: KAN\u010cENICA);<\/li>\r\n \t<li>maksimalno dva struna za ribolov panulom (na hrvatskom: PANULA);<\/li>\r\n \t<li>maksimalno dva struna za lov na panulu, s udicama na svakoj struni za lov\u00a0 glavono\u017eaca;<\/li>\r\n \t<li>velika sprava za lov na morske crve (klopke), do dva (2) komada.<\/li>\r\n<\/ul>\r\n*(Ova dozvola\/licenca je za podvodni ribolov i druge ribolovne alate). <strong>Posebne ili specijalne dozvole za ribolov:<\/strong> *Posebne\/specijalne dozvole na veliku ribu (Big fishing) mogu se kupiti samo nakon kupnje osnovne (godi\u0161nje ili dnevne) dozvole u odgovaraju\u0107oj dobnoj kategoriji. licence. Posebna dnevna dozvola za \u0161portski ribolov na veliku ribu mora biti unutar vremenskog perioda (istih dana) va\u017eenja osnovne dozvole za \u0161portski ribolov. <strong>Ostale napomene:<\/strong> Vlasnik dozvole\/licence je du\u017ean kod sebe imati osobni dokument koji je naveden u dozvoli\/licenci za ribolov. Maksimalni dopu\u0161teni dnevni ulov je 5 kg ribe ili morskih organizama. Ribe ulovljene u sportskom ribolovu se obavezno propisano ozna\u010davaju nakon ulova (npr. odsjecanjem dijela repa). Sve vrste dozvola\/licenci za ribolov va\u017ee\u0107e su do isteka ili do kraja ove godine i nisu prenosive u slijede\u0107u godinu. Primjer: dozvola\/licenca na do 150 dana zna\u010di kako va\u017ei maksimalno do 150 dana ili do kraja ove godine i ne vrijedi u slijede\u0107oj godini. Primarnu GODI\u0160NJU dozvolu\/licencu mogu\u0107e je kupiti samo do 1. o\u017eujka teku\u0107e godine. Nakon va\u0161e narud\u017ebe i kada primimo va\u0161u uplatu, \u0161aljemo vam dozvolu\/licencu na e-mail. Dozvole\/licence se rade i \u0161alju nekoliko puta na dan, a ne odmah nakon zaklju\u010denja narud\u017ebe.","_et_gb_content_width":""},"product_brand":[],"product_cat":[54,46,58,45],"product_tag":[],"class_list":{"0":"post-100092","1":"product","2":"type-product","3":"status-publish","4":"has-post-thumbnail","6":"product_cat-dnevne-dozvole-za-sportski-ribolov","7":"product_cat-godisnje-dozvole-sportski-ribolov","8":"product_cat-posebne-dozvole-sport","9":"product_cat-dozvole-za-sportski-ribolov","11":"first","12":"instock","13":"shipping-taxable","14":"product-type-grouped"},"yoast_head":"<!-- This site is optimized with the Yoast SEO plugin v27.4 - https:\/\/yoast.com\/product\/yoast-seo-wordpress\/ -->\n<title>Dozvole za SPORTSKI ribolov - 2026 - SUB.hr - Dozvola za ribolov 2026<\/title>\n<meta name=\"robots\" content=\"index, follow, max-snippet:-1, max-image-preview:large, max-video-preview:-1\" \/>\n<link rel=\"canonical\" href=\"https:\/\/sub.hr\/en\/product\/permits-for-sport-fishing-in-2025\/\" \/>\n<meta property=\"og:locale\" content=\"en_US\" \/>\n<meta property=\"og:type\" content=\"article\" \/>\n<meta property=\"og:title\" content=\"Dozvole za SPORTSKI ribolov - 2026 - SUB.hr - Dozvola za ribolov 2026\" \/>\n<meta property=\"og:description\" content=\"U SPORTSKOM ribolovu dostupne su dozvole\/licence za:  - osobe od 18 do 65 godina (od 1962. do 2008. godi\u0161te),  - osobe preko 65 godina (1961. godi\u0161te i stariji)  - osobe do 18 godina (2009. godi\u0161te i mla\u0111i)\" \/>\n<meta property=\"og:url\" content=\"https:\/\/sub.hr\/en\/product\/permits-for-sport-fishing-in-2025\/\" \/>\n<meta property=\"og:site_name\" content=\"SUB.hr - Dozvola za ribolov 2026\" \/>\n<meta property=\"article:modified_time\" content=\"2026-03-15T20:27:21+00:00\" \/>\n<meta property=\"og:image\" content=\"https:\/\/sub.hr\/wp-content\/uploads\/2024\/02\/Dozvola-za-sportski-ribolov-namoru-1000x1000-web.jpg\" \/>\n\t<meta property=\"og:image:width\" content=\"1000\" \/>\n\t<meta property=\"og:image:height\" content=\"1000\" \/>\n\t<meta property=\"og:image:type\" content=\"image\/jpeg\" \/>\n<meta name=\"twitter:card\" content=\"summary_large_image\" \/>\n<meta name=\"twitter:label1\" content=\"Est. reading time\" \/>\n\t<meta name=\"twitter:data1\" content=\"2 minutes\" \/>\n<script type=\"application\/ld+json\" class=\"yoast-schema-graph\">{\"@context\":\"https:\\\/\\\/schema.org\",\"@graph\":[{\"@type\":\"WebPage\",\"@id\":\"https:\\\/\\\/sub.hr\\\/product\\\/dozvole-za-sportski-ribolov-2026\\\/\",\"url\":\"https:\\\/\\\/sub.hr\\\/product\\\/dozvole-za-sportski-ribolov-2026\\\/\",\"name\":\"Dozvole za SPORTSKI ribolov - 2026 - SUB.hr - Dozvola za ribolov 2026\",\"isPartOf\":{\"@id\":\"https:\\\/\\\/sub.hr\\\/#website\"},\"primaryImageOfPage\":{\"@id\":\"https:\\\/\\\/sub.hr\\\/product\\\/dozvole-za-sportski-ribolov-2026\\\/#primaryimage\"},\"image\":{\"@id\":\"https:\\\/\\\/sub.hr\\\/product\\\/dozvole-za-sportski-ribolov-2026\\\/#primaryimage\"},\"thumbnailUrl\":\"https:\\\/\\\/sub.hr\\\/wp-content\\\/uploads\\\/2024\\\/02\\\/Dozvola-za-sportski-ribolov-namoru-1000x1000-web.jpg\",\"datePublished\":\"2025-12-01T20:30:10+00:00\",\"dateModified\":\"2026-03-15T20:27:21+00:00\",\"breadcrumb\":{\"@id\":\"https:\\\/\\\/sub.hr\\\/product\\\/dozvole-za-sportski-ribolov-2026\\\/#breadcrumb\"},\"inLanguage\":\"en-US\",\"potentialAction\":[{\"@type\":\"ReadAction\",\"target\":[\"https:\\\/\\\/sub.hr\\\/product\\\/dozvole-za-sportski-ribolov-2026\\\/\"]}]},{\"@type\":\"ImageObject\",\"inLanguage\":\"en-US\",\"@id\":\"https:\\\/\\\/sub.hr\\\/product\\\/dozvole-za-sportski-ribolov-2026\\\/#primaryimage\",\"url\":\"https:\\\/\\\/sub.hr\\\/wp-content\\\/uploads\\\/2024\\\/02\\\/Dozvola-za-sportski-ribolov-namoru-1000x1000-web.jpg\",\"contentUrl\":\"https:\\\/\\\/sub.hr\\\/wp-content\\\/uploads\\\/2024\\\/02\\\/Dozvola-za-sportski-ribolov-namoru-1000x1000-web.jpg\",\"width\":1000,\"height\":1000},{\"@type\":\"BreadcrumbList\",\"@id\":\"https:\\\/\\\/sub.hr\\\/product\\\/dozvole-za-sportski-ribolov-2026\\\/#breadcrumb\",\"itemListElement\":[{\"@type\":\"ListItem\",\"position\":1,\"name\":\"Po\u010detna stranica\",\"item\":\"https:\\\/\\\/sub.hr\\\/hr\\\/\"},{\"@type\":\"ListItem\",\"position\":2,\"name\":\"NARUD\u017dBA DOZVOLA\",\"item\":\"https:\\\/\\\/sub.hr\\\/hr\\\/narudzba-dozvola-za-ribolov\\\/\"},{\"@type\":\"ListItem\",\"position\":3,\"name\":\"Dozvole za SPORTSKI ribolov &#8211; 2026\"}]},{\"@type\":\"WebSite\",\"@id\":\"https:\\\/\\\/sub.hr\\\/#website\",\"url\":\"https:\\\/\\\/sub.hr\\\/\",\"name\":\"SUB.hr - Dozvola za ribolov 2026\",\"description\":\"Dozvola za ribolov Hrvatska - Fishing license Croatia - Permesso di Pesca Croazia\",\"potentialAction\":[{\"@type\":\"SearchAction\",\"target\":{\"@type\":\"EntryPoint\",\"urlTemplate\":\"https:\\\/\\\/sub.hr\\\/?s={search_term_string}\"},\"query-input\":{\"@type\":\"PropertyValueSpecification\",\"valueRequired\":true,\"valueName\":\"search_term_string\"}}],\"inLanguage\":\"en-US\"}]}<\/script>\n<!-- \/ Yoast SEO plugin. -->","yoast_head_json":{"title":"SPORTS fishing permits - 2026 - SUB.hr - Fishing permit 2026","robots":{"index":"index","follow":"follow","max-snippet":"max-snippet:-1","max-image-preview":"max-image-preview:large","max-video-preview":"max-video-preview:-1"},"canonical":"https:\/\/sub.hr\/en\/product\/permits-for-sport-fishing-in-2025\/","og_locale":"en_US","og_type":"article","og_title":"Dozvole za SPORTSKI ribolov - 2026 - SUB.hr - Dozvola za ribolov 2026","og_description":"U SPORTSKOM ribolovu dostupne su dozvole\/licence za:  - osobe od 18 do 65 godina (od 1962. do 2008. godi\u0161te),  - osobe preko 65 godina (1961. godi\u0161te i stariji)  - osobe do 18 godina (2009. godi\u0161te i mla\u0111i)","og_url":"https:\/\/sub.hr\/en\/product\/permits-for-sport-fishing-in-2025\/","og_site_name":"SUB.hr - Dozvola za ribolov 2026","article_modified_time":"2026-03-15T20:27:21+00:00","og_image":[{"width":1000,"height":1000,"url":"https:\/\/sub.hr\/wp-content\/uploads\/2024\/02\/Dozvola-za-sportski-ribolov-namoru-1000x1000-web.jpg","type":"image\/jpeg"}],"twitter_card":"summary_large_image","twitter_misc":{"Est. reading time":"2 minutes"},"schema":{"@context":"https:\/\/schema.org","@graph":[{"@type":"WebPage","@id":"https:\/\/sub.hr\/product\/dozvole-za-sportski-ribolov-2026\/","url":"https:\/\/sub.hr\/product\/dozvole-za-sportski-ribolov-2026\/","name":"SPORTS fishing permits - 2026 - SUB.hr - Fishing permit 2026","isPartOf":{"@id":"https:\/\/sub.hr\/#website"},"primaryImageOfPage":{"@id":"https:\/\/sub.hr\/product\/dozvole-za-sportski-ribolov-2026\/#primaryimage"},"image":{"@id":"https:\/\/sub.hr\/product\/dozvole-za-sportski-ribolov-2026\/#primaryimage"},"thumbnailUrl":"https:\/\/sub.hr\/wp-content\/uploads\/2024\/02\/Dozvola-za-sportski-ribolov-namoru-1000x1000-web.jpg","datePublished":"2025-12-01T20:30:10+00:00","dateModified":"2026-03-15T20:27:21+00:00","breadcrumb":{"@id":"https:\/\/sub.hr\/product\/dozvole-za-sportski-ribolov-2026\/#breadcrumb"},"inLanguage":"en-US","potentialAction":[{"@type":"ReadAction","target":["https:\/\/sub.hr\/product\/dozvole-za-sportski-ribolov-2026\/"]}]},{"@type":"ImageObject","inLanguage":"en-US","@id":"https:\/\/sub.hr\/product\/dozvole-za-sportski-ribolov-2026\/#primaryimage","url":"https:\/\/sub.hr\/wp-content\/uploads\/2024\/02\/Dozvola-za-sportski-ribolov-namoru-1000x1000-web.jpg","contentUrl":"https:\/\/sub.hr\/wp-content\/uploads\/2024\/02\/Dozvola-za-sportski-ribolov-namoru-1000x1000-web.jpg","width":1000,"height":1000},{"@type":"BreadcrumbList","@id":"https:\/\/sub.hr\/product\/dozvole-za-sportski-ribolov-2026\/#breadcrumb","itemListElement":[{"@type":"ListItem","position":1,"name":"Po\u010detna stranica","item":"https:\/\/sub.hr\/hr\/"},{"@type":"ListItem","position":2,"name":"NARUD\u017dBA DOZVOLA","item":"https:\/\/sub.hr\/hr\/narudzba-dozvola-za-ribolov\/"},{"@type":"ListItem","position":3,"name":"Dozvole za SPORTSKI ribolov &#8211; 2026"}]},{"@type":"WebSite","@id":"https:\/\/sub.hr\/#website","url":"https:\/\/sub.hr\/","name":"SUB.hr - Fishing License 2026","description":"Fishing license Croatia - Permesso di Pesca Croazia","potentialAction":[{"@type":"SearchAction","target":{"@type":"EntryPoint","urlTemplate":"https:\/\/sub.hr\/?s={search_term_string}"},"query-input":{"@type":"PropertyValueSpecification","valueRequired":true,"valueName":"search_term_string"}}],"inLanguage":"en-US"}]}},"_links":{"self":[{"href":"https:\/\/sub.hr\/en\/wp-json\/wp\/v2\/product\/100092","targetHints":{"allow":["GET"]}}],"collection":[{"href":"https:\/\/sub.hr\/en\/wp-json\/wp\/v2\/product"}],"about":[{"href":"https:\/\/sub.hr\/en\/wp-json\/wp\/v2\/types\/product"}],"replies":[{"embeddable":true,"href":"https:\/\/sub.hr\/en\/wp-json\/wp\/v2\/comments?post=100092"}],"wp:featuredmedia":[{"embeddable":true,"href":"https:\/\/sub.hr\/en\/wp-json\/wp\/v2\/media\/226064"}],"wp:attachment":[{"href":"https:\/\/sub.hr\/en\/wp-json\/wp\/v2\/media?parent=100092"}],"wp:term":[{"taxonomy":"product_brand","embeddable":true,"href":"https:\/\/sub.hr\/en\/wp-json\/wp\/v2\/product_brand?post=100092"},{"taxonomy":"product_cat","embeddable":true,"href":"https:\/\/sub.hr\/en\/wp-json\/wp\/v2\/product_cat?post=100092"},{"taxonomy":"product_tag","embeddable":true,"href":"https:\/\/sub.hr\/en\/wp-json\/wp\/v2\/product_tag?post=100092"}],"curies":[{"name":"wp","href":"https:\/\/api.w.org\/{rel}","templated":true}]}}