{"id":231763,"date":"2026-01-10T22:49:31","date_gmt":"2026-01-10T21:49:31","guid":{"rendered":"https:\/\/sub.hr\/?page_id=231763"},"modified":"2026-01-10T22:49:33","modified_gmt":"2026-01-10T21:49:33","slug":"uvod-kupnja-dozvole","status":"publish","type":"page","link":"https:\/\/sub.hr\/en\/introduction-purchase-of-license\/","title":{"rendered":"Introduction to purchasing a license"},"content":{"rendered":"\n[et_pb_section fb_built=&#8221;1&#8243; _builder_version=&#8221;4.16&#8243; global_colors_info=&#8221;{}&#8221;][et_pb_row _builder_version=&#8221;4.27.5&#8243; background_size=&#8221;initial&#8221; background_position=&#8221;top_left&#8221; background_repeat=&#8221;repeat&#8221; hover_enabled=&#8221;0&#8243; global_colors_info=&#8221;{}&#8221; sticky_enabled=&#8221;0&#8243;][et_pb_column type=&#8221;4_4&#8243; _builder_version=&#8221;4.27.5&#8243; custom_padding=&#8221;|||&#8221; hover_enabled=&#8221;0&#8243; global_colors_info=&#8221;{}&#8221; custom_padding__hover=&#8221;|||&#8221; sticky_enabled=&#8221;0&#8243;][et_pb_text _builder_version=&#8221;4.27.5&#8243; background_size=&#8221;initial&#8221; background_position=&#8221;top_left&#8221; background_repeat=&#8221;repeat&#8221; hover_enabled=&#8221;0&#8243; global_colors_info=&#8221;{}&#8221; sticky_enabled=&#8221;0&#8243; custom_padding=&#8221;||0px|||&#8221; custom_margin=&#8221;-19px||-1px|||&#8221; min_height=&#8221;243.7px&#8221;]<!-- divi:heading {\"level\":1} -->\n<h1 class=\"wp-block-heading\" style=\"text-align: center;\">Dozvole za ribolov u Hrvatskoj<\/h1>\n<p>&nbsp;<\/p>\n<p><span style=\"font-size: 14px;\">Ako \u017eeli\u0161 legalno loviti ribu u Hrvatskoj, <\/span><strong style=\"font-size: 14px;\">mora\u0161 imati va\u017ee\u0107u dozvolu za ribolov<\/strong><span style=\"font-size: 14px;\">. Ne postoji univerzalna dozvola \u2013 izbor naj\u010de\u0161\u0107e ovisi o <\/span><strong style=\"font-size: 14px;\">vrsti ribolova i trajanju dozvole<\/strong><span style=\"font-size: 14px;\">. Za ribolov na rijekama i jezerima, odnosno slatkovodni ribolov, potrebna je posebna dozvola ovisno o mjestu ribolova. Vi\u0161e informacija o slatkovodnom ribolovu potra\u017ei na drugom izvoru informacija. Stranice SUB.hr su specijalizirane za ribolov na moru, davanja korisnih informacija o morskom ribolovu i pru\u017eanja usluge narud\u017ebe i izdavanja svih vrsta dozvola za ribolov na moru. Ovdje dobiva\u0161 jasan i kratak vodi\u010d kako kupiti <\/span><strong style=\"font-size: 14px;\">to\u010dno onu dozvolu koja ti treba<\/strong><span style=\"font-size: 14px;\">.<\/span><\/p>\n<p>&nbsp;<\/p>\n<p>&nbsp;<\/p>\n<!-- \/divi:paragraph -->[\/et_pb_text][et_pb_text _builder_version=&#8221;4.27.5&#8243; _module_preset=&#8221;default&#8221; hover_enabled=&#8221;0&#8243; sticky_enabled=&#8221;0&#8243;]<h2 data-start=\"2075\" data-end=\"2101\">Je li dozvola za ribolov obavezna?<\/h2>\n<p data-start=\"2103\" data-end=\"2301\">Da. <strong data-start=\"2107\" data-end=\"2149\">Ribolov bez va\u017ee\u0107e dozvole je prekr\u0161aj<\/strong>. Pravila i sustav dozvola reguliraju nadle\u017ena tijela, inspektorat Uprave ribarstva, pomorska policija i obalna stra\u017ea.<\/p>\n<p data-start=\"2303\" data-end=\"2328\">Kupnjom slu\u017ebene dozvole:<\/p>\n<ul data-start=\"2329\" data-end=\"2412\">\n<li data-start=\"2329\" data-end=\"2351\">\n<p data-start=\"2331\" data-end=\"2351\">ribolov je zakonit,<\/p>\n<\/li>\n<li data-start=\"2352\" data-end=\"2372\">\n<p data-start=\"2354\" data-end=\"2372\">izbjegava\u0161 kazne,<\/p>\n<\/li>\n<li data-start=\"2373\" data-end=\"2412\">\n<p data-start=\"2375\" data-end=\"2412\">sudjeluje\u0161 u o\u010duvanju razvoja negospodarskog ribolova,<\/p>\n<\/li>\n<\/ul>[\/et_pb_text][et_pb_text _builder_version=&#8221;4.27.5&#8243; _module_preset=&#8221;default&#8221; hover_enabled=&#8221;0&#8243; sticky_enabled=&#8221;0&#8243;]<h2 data-start=\"2075\" data-end=\"2101\">Kako \u0107u znati koja mi dozvola odgovara?<\/h2>\n<p data-start=\"2103\" data-end=\"2301\">Ako \u017eeli\u0161 loviti ribu na moru na pravom si mjestu. SUB.hr ti mo\u017ee ponuditi sve vrste dozvola za ribolov na moru.<\/p>\n<p data-start=\"2103\" data-end=\"2301\">Osnovna podjela ribolovnih dozvola je prema vrsti ribolova tako dijelimo ribolov na:<\/p>\n<h4 data-start=\"2103\" data-end=\"2301\">&#8211; SPORTSKI<\/h4>\n<h4 data-start=\"2103\" data-end=\"2301\">&#8211; REKREACIJSKI<\/h4>\n<p data-start=\"2103\" data-end=\"2301\">Kako bi znao koja vrsta ribolova tebi odgovara prvo treba\u0161 znati koje \u0107e\u0161 ribolovne alate koristiti. Obje vrste ribolova ti omogu\u0107uju kori\u0161tenje standardnih ribolovnih alata, ali kod SPORTSKOG ribolova ih ima vi\u0161e pa tako:<\/p>\n<p data-start=\"2103\" data-end=\"2301\">&#8211; <strong>SPORTSKI<\/strong> ribolov uklju\u010duje standardne ribolovne alate + podvodne pu\u0161ke + mogu\u0107nost kupnje posebne dozvole za lov na veliku ribu (ribolovni alat od 30lbs),<\/p>\n<p data-start=\"2103\" data-end=\"2301\">&#8211; <strong>REKREACIJSKI<\/strong> ribolov uklju\u010duje samo standardne ribolovne alate,<\/p>\n<p data-start=\"2103\" data-end=\"2301\">\n<h3 data-start=\"2103\" data-end=\"2301\">Koji su to standardni ribolovni alati?<\/h3>\n<p data-start=\"2103\" data-end=\"2301\">Standardne ribolovne alate koje je mogu\u0107e koristiti u <strong>REKREACIJSKOM<\/strong> ribolovu:<\/p>\n<p>&#8211; \u00a0\u00a0\u00a0\u00a0\u00a0 odmet, ukupno do dva (2) komada<\/p>\n<p>&#8211; \u00a0\u00a0\u00a0\u00a0\u00a0 kan\u010denica, ukupno do dva (2) komada<\/p>\n<p>&#8211; \u00a0\u00a0\u00a0\u00a0\u00a0 povla\u010dni povraz (panula), ukupno do dva (2) komada<\/p>\n<p>&#8211; \u00a0\u00a0\u00a0\u00a0\u00a0 povraz s kukom za lov glavono\u017eaca, ukupno do dva (2) komada<\/p>\n<p>&#8211; \u00a0\u00a0\u00a0\u00a0\u00a0 naprava za lov velikog morskog crva (trapula), ukupno do dva (2) komada.<\/p>\n<p>&nbsp;<\/p>\n<p data-start=\"2103\" data-end=\"2301\">Koje ribolovne alate je mogu\u0107e koristiti u <strong>SPORTSKOM<\/strong> ribolovu:<\/p>\n<p>&#8211; \u00a0\u00a0\u00a0\u00a0\u00a0 odmet, ukupno do dva (2) komada<\/p>\n<p>&#8211; \u00a0\u00a0\u00a0\u00a0\u00a0 kan\u010denica, ukupno do dva (2) komada<\/p>\n<p>&#8211; \u00a0\u00a0\u00a0\u00a0\u00a0 povla\u010dni povraz (panula), ukupno do dva (2) komada<\/p>\n<p>&#8211; \u00a0\u00a0\u00a0\u00a0\u00a0 povraz s kukom za lov glavono\u017eaca, ukupno do dva (2) komada<\/p>\n<p>&#8211; \u00a0\u00a0\u00a0\u00a0\u00a0 naprava za lov velikog morskog crva (trapula), ukupno do dva (2) komada<\/p>\n<p>&#8211; \u00a0\u00a0\u00a0\u00a0\u00a0 <strong>podvodna pu\u0161kom, ukupno do dva (2) komada.<\/strong><\/p>\n<p><strong><\/strong><\/p>\n<p><strong>Koje su prednosti kupnje dozvole za SPORTSKI ribolov? Za\u0161to je dozvola za SPORTSKI ribolov popularnija od dozvole za REKREACIJSKI ribolov?<\/strong><\/p>\n<p>&#8211; cijena skoro svih dozvola za SPORTSKI ribolov i REKREACIJSKI\u00a0 ribolov je ista,<\/p>\n<p>&#8211; u SPORTSKOM ribolovu mo\u017eu se koristiti vi\u0161e ribolovnih alata,<\/p>\n<p>&#8211; kupnjom dozvole za SPORTSKI ribolov postaje\u0161 \u010dlan Hrvatskog saveza za sportski ribolov na moru i \u010dlan kluba SUB koji je primarno klub sportskih ribolovaca,<\/p>\n<p>&#8211; pla\u0107anjem \u010dlanarine nacionalnom savezu i klubu podupire\u0161 razvoj sportskog ribolova na moru u Republici Hrvatskoj,<\/p>\n<p>&#8211; sredstva koja se prikupljaju prodajom dozvola za sportski ribolov su namjenska i tro\u0161e se za o\u010duvanje morske flore i faune, ekolo\u0161ke akcije \u010di\u0161\u0107enja podmorja, edukaciju u sportskom ribolovu i potporu natjecanja u sportskom ribolovu na moru,<\/p>\n<p>&#8211; sredstva od prodaje dozvola za REKREACIJSKI ribolov su prihod Dr\u017eavnog prora\u010duna Republike Hrvatske,<\/p>\n<p>&#8211; kupnja dozvole za SPORTSKI ribolov na moru omogu\u0107uje ti kupnju posebne dozvole za lov na veliku ribu gdje mo\u017ee\u0161 koristiti ribolovne alate (\u0161tap i rolu) od 30 lbs i vi\u0161e.<\/p>\n<p>&nbsp;<\/p>[\/et_pb_text][\/et_pb_column][\/et_pb_row][et_pb_row _builder_version=&#8221;4.27.5&#8243; _module_preset=&#8221;default&#8221;][et_pb_column _builder_version=&#8221;4.27.5&#8243; _module_preset=&#8221;default&#8221; type=&#8221;4_4&#8243;][et_pb_text _builder_version=&#8221;4.27.5&#8243; _module_preset=&#8221;default&#8221; hover_enabled=&#8221;0&#8243; sticky_enabled=&#8221;0&#8243;]<h3>Koje sve ribolovne alate mogu koristiti u Hrvatskoj?<\/h3>\n<p>&#8211; SPORTSKI ribolov:<\/p>\n<p>&#8211; standardni ribolovni alati + podvodne pu\u0161ke,<\/p>\n<p>&#8211; kupiti posebne dozvole za dodatne ribolovne alate:<\/p>\n<p style=\"padding-left: 40px;\">&#8211; parangal<\/p>\n<p style=\"padding-left: 40px;\">&#8211; vr\u0161e<\/p>\n<p style=\"padding-left: 40px;\">&#8211; osti,<\/p>\n<p style=\"padding-left: 40px;\">&#8211; umjetno svijetlo,<\/p>\n<p style=\"padding-left: 40px;\">&#8211; za lov na veliku ribu.<\/p>\n<p>&nbsp;<\/p>\n<p>&#8211; REKREACIJSKI ribolov:<\/p>\n<p>&#8211; standardne ribolovne alate,<\/p>\n<p>&#8211; kupiti posebne dozvole za dodatne ribolovne alate:\u00a0<\/p>\n<p style=\"padding-left: 40px;\">&#8211; parangal<\/p>\n<p style=\"padding-left: 40px;\">&#8211; vr\u0161e<\/p>\n<p style=\"padding-left: 40px;\">&#8211; osti,<\/p>\n<p style=\"padding-left: 40px;\">&#8211; umjetno svijetlo.<\/p>[\/et_pb_text][\/et_pb_column][\/et_pb_row][et_pb_row _builder_version=&#8221;4.27.5&#8243; _module_preset=&#8221;default&#8221; hover_enabled=&#8221;0&#8243; sticky_enabled=&#8221;0&#8243;][et_pb_column _builder_version=&#8221;4.27.5&#8243; _module_preset=&#8221;default&#8221; type=&#8221;4_4&#8243;][et_pb_text _builder_version=&#8221;4.27.5&#8243; _module_preset=&#8221;default&#8221; hover_enabled=&#8221;0&#8243; sticky_enabled=&#8221;0&#8243;]<p><strong>ZAKLJU\u010cAK<\/strong>: Za ribolov na moru potrebno je imati dozvolu za ribolov koju mo\u017ee\u0161 naru\u010diti preko SUB.hr stranica. Ovisno o vrsti dozvole mogu\u0107e je koristiti vi\u0161e ribolovnih alata, ovisno kojih ta dozvola omogu\u0107uje. Ako znamo koje ribolovne alate \u0107emo koristiti u ribolovu mo\u017eemo krenuti na drugi korak i odabrati ispravnu dozvolu za ribolov. SUB.hr ti omogu\u0107uje narud\u017ebu i u kona\u010dnici uslugu izdavanja svih vrsta dozvola za ribolov.\u00a0<\/p>[\/et_pb_text][\/et_pb_column][\/et_pb_row][\/et_pb_section]\n","protected":false},"excerpt":{"rendered":"<p>Dozvole za ribolov u Hrvatskoj &nbsp; Ako \u017eeli\u0161 legalno loviti ribu u Hrvatskoj, mora\u0161 imati va\u017ee\u0107u dozvolu za ribolov. Ne postoji univerzalna dozvola \u2013 izbor naj\u010de\u0161\u0107e ovisi o vrsti ribolova i trajanju dozvole. Za ribolov na rijekama i jezerima, odnosno slatkovodni ribolov, potrebna je posebna dozvola ovisno o mjestu ribolova. Vi\u0161e informacija o slatkovodnom ribolovu [&hellip;]<\/p>\n","protected":false},"author":2985,"featured_media":231766,"parent":0,"menu_order":0,"comment_status":"closed","ping_status":"closed","template":"","meta":{"_et_pb_use_builder":"on","_et_pb_old_content":"<!-- wp:heading {\"level\":1} -->\n<h1 class=\"wp-block-heading\">Dozvole za ribolov u Hrvatskoj \u2013 kako odabrati pravu dozvolu<\/h1>\n<!-- \/wp:heading -->\n\n<!-- wp:paragraph -->\n<p>Ako \u017eeli\u0161 legalno loviti ribu u Hrvatskoj, <strong>mora\u0161 imati va\u017ee\u0107u dozvolu za ribolov<\/strong>. Ne postoji univerzalna dozvola \u2013 izbor ovisi o <strong>mjestu ribolova, vrsti ribolova i trajanju dozvole<\/strong>. Ovdje dobiva\u0161 jasan i kratak vodi\u010d kako kupiti <strong>to\u010dno onu dozvolu koja ti treba<\/strong>.<\/p>\n<!-- \/wp:paragraph -->\n\n<!-- wp:paragraph -->\n<p><\/p>\n<!-- \/wp:paragraph -->","_et_gb_content_width":"","footnotes":""},"class_list":["post-231763","page","type-page","status-publish","has-post-thumbnail","hentry"],"yoast_head":"<!-- This site is optimized with the Yoast SEO plugin v27.3 - https:\/\/yoast.com\/product\/yoast-seo-wordpress\/ -->\n<title>Uvod u kupnju dozvole - SUB.hr - Dozvola za ribolov 2026<\/title>\n<meta name=\"robots\" content=\"index, follow, max-snippet:-1, max-image-preview:large, max-video-preview:-1\" \/>\n<link rel=\"canonical\" href=\"https:\/\/sub.hr\/en\/introduction-purchase-of-license\/\" \/>\n<meta property=\"og:locale\" content=\"en_US\" \/>\n<meta property=\"og:type\" content=\"article\" \/>\n<meta property=\"og:title\" content=\"Uvod u kupnju dozvole - SUB.hr - Dozvola za ribolov 2026\" \/>\n<meta property=\"og:description\" content=\"Dozvole za ribolov u Hrvatskoj &nbsp; Ako \u017eeli\u0161 legalno loviti ribu u Hrvatskoj, mora\u0161 imati va\u017ee\u0107u dozvolu za ribolov. Ne postoji univerzalna dozvola \u2013 izbor naj\u010de\u0161\u0107e ovisi o vrsti ribolova i trajanju dozvole. Za ribolov na rijekama i jezerima, odnosno slatkovodni ribolov, potrebna je posebna dozvola ovisno o mjestu ribolova. Vi\u0161e informacija o slatkovodnom ribolovu [&hellip;]\" \/>\n<meta property=\"og:url\" content=\"https:\/\/sub.hr\/en\/introduction-purchase-of-license\/\" \/>\n<meta property=\"og:site_name\" content=\"SUB.hr - Dozvola za ribolov 2026\" \/>\n<meta property=\"article:modified_time\" content=\"2026-01-10T21:49:33+00:00\" \/>\n<meta property=\"og:image\" content=\"https:\/\/sub.hr\/wp-content\/uploads\/2026\/01\/flowchart_v8_horizontal_1920_1080.jpg\" \/>\n\t<meta property=\"og:image:width\" content=\"1920\" \/>\n\t<meta property=\"og:image:height\" content=\"1080\" \/>\n\t<meta property=\"og:image:type\" content=\"image\/jpeg\" \/>\n<meta name=\"twitter:card\" content=\"summary_large_image\" \/>\n<meta name=\"twitter:label1\" content=\"Est. reading time\" \/>\n\t<meta name=\"twitter:data1\" content=\"5 minutes\" \/>\n<script type=\"application\/ld+json\" class=\"yoast-schema-graph\">{\"@context\":\"https:\\\/\\\/schema.org\",\"@graph\":[{\"@type\":\"WebPage\",\"@id\":\"https:\\\/\\\/sub.hr\\\/uvod-kupnja-dozvole\\\/\",\"url\":\"https:\\\/\\\/sub.hr\\\/uvod-kupnja-dozvole\\\/\",\"name\":\"Uvod u kupnju dozvole - SUB.hr - Dozvola za ribolov 2026\",\"isPartOf\":{\"@id\":\"https:\\\/\\\/sub.hr\\\/#website\"},\"primaryImageOfPage\":{\"@id\":\"https:\\\/\\\/sub.hr\\\/uvod-kupnja-dozvole\\\/#primaryimage\"},\"image\":{\"@id\":\"https:\\\/\\\/sub.hr\\\/uvod-kupnja-dozvole\\\/#primaryimage\"},\"thumbnailUrl\":\"https:\\\/\\\/sub.hr\\\/wp-content\\\/uploads\\\/2026\\\/01\\\/flowchart_v8_horizontal_1920_1080.jpg\",\"datePublished\":\"2026-01-10T21:49:31+00:00\",\"dateModified\":\"2026-01-10T21:49:33+00:00\",\"breadcrumb\":{\"@id\":\"https:\\\/\\\/sub.hr\\\/uvod-kupnja-dozvole\\\/#breadcrumb\"},\"inLanguage\":\"en-US\",\"potentialAction\":[{\"@type\":\"ReadAction\",\"target\":[\"https:\\\/\\\/sub.hr\\\/uvod-kupnja-dozvole\\\/\"]}]},{\"@type\":\"ImageObject\",\"inLanguage\":\"en-US\",\"@id\":\"https:\\\/\\\/sub.hr\\\/uvod-kupnja-dozvole\\\/#primaryimage\",\"url\":\"https:\\\/\\\/sub.hr\\\/wp-content\\\/uploads\\\/2026\\\/01\\\/flowchart_v8_horizontal_1920_1080.jpg\",\"contentUrl\":\"https:\\\/\\\/sub.hr\\\/wp-content\\\/uploads\\\/2026\\\/01\\\/flowchart_v8_horizontal_1920_1080.jpg\",\"width\":1920,\"height\":1080,\"caption\":\"Dozvola za ribolov - dijagram za kupnju\"},{\"@type\":\"BreadcrumbList\",\"@id\":\"https:\\\/\\\/sub.hr\\\/uvod-kupnja-dozvole\\\/#breadcrumb\",\"itemListElement\":[{\"@type\":\"ListItem\",\"position\":1,\"name\":\"Po\u010detna stranica\",\"item\":\"https:\\\/\\\/sub.hr\\\/hr\\\/\"},{\"@type\":\"ListItem\",\"position\":2,\"name\":\"Uvod u kupnju dozvole\"}]},{\"@type\":\"WebSite\",\"@id\":\"https:\\\/\\\/sub.hr\\\/#website\",\"url\":\"https:\\\/\\\/sub.hr\\\/\",\"name\":\"SUB.hr - Dozvola za ribolov 2026\",\"description\":\"Dozvola za ribolov Hrvatska - Fishing license Croatia - Permesso di Pesca Croazia\",\"potentialAction\":[{\"@type\":\"SearchAction\",\"target\":{\"@type\":\"EntryPoint\",\"urlTemplate\":\"https:\\\/\\\/sub.hr\\\/?s={search_term_string}\"},\"query-input\":{\"@type\":\"PropertyValueSpecification\",\"valueRequired\":true,\"valueName\":\"search_term_string\"}}],\"inLanguage\":\"en-US\"}]}<\/script>\n<!-- \/ Yoast SEO plugin. -->","yoast_head_json":{"title":"Introduction to purchasing a license - SUB.hr - Fishing License 2026","robots":{"index":"index","follow":"follow","max-snippet":"max-snippet:-1","max-image-preview":"max-image-preview:large","max-video-preview":"max-video-preview:-1"},"canonical":"https:\/\/sub.hr\/en\/introduction-purchase-of-license\/","og_locale":"en_US","og_type":"article","og_title":"Uvod u kupnju dozvole - SUB.hr - Dozvola za ribolov 2026","og_description":"Dozvole za ribolov u Hrvatskoj &nbsp; Ako \u017eeli\u0161 legalno loviti ribu u Hrvatskoj, mora\u0161 imati va\u017ee\u0107u dozvolu za ribolov. Ne postoji univerzalna dozvola \u2013 izbor naj\u010de\u0161\u0107e ovisi o vrsti ribolova i trajanju dozvole. Za ribolov na rijekama i jezerima, odnosno slatkovodni ribolov, potrebna je posebna dozvola ovisno o mjestu ribolova. Vi\u0161e informacija o slatkovodnom ribolovu [&hellip;]","og_url":"https:\/\/sub.hr\/en\/introduction-purchase-of-license\/","og_site_name":"SUB.hr - Dozvola za ribolov 2026","article_modified_time":"2026-01-10T21:49:33+00:00","og_image":[{"width":1920,"height":1080,"url":"https:\/\/sub.hr\/wp-content\/uploads\/2026\/01\/flowchart_v8_horizontal_1920_1080.jpg","type":"image\/jpeg"}],"twitter_card":"summary_large_image","twitter_misc":{"Est. reading time":"5 minutes"},"schema":{"@context":"https:\/\/schema.org","@graph":[{"@type":"WebPage","@id":"https:\/\/sub.hr\/uvod-kupnja-dozvole\/","url":"https:\/\/sub.hr\/uvod-kupnja-dozvole\/","name":"Introduction to purchasing a license - SUB.hr - Fishing License 2026","isPartOf":{"@id":"https:\/\/sub.hr\/#website"},"primaryImageOfPage":{"@id":"https:\/\/sub.hr\/uvod-kupnja-dozvole\/#primaryimage"},"image":{"@id":"https:\/\/sub.hr\/uvod-kupnja-dozvole\/#primaryimage"},"thumbnailUrl":"https:\/\/sub.hr\/wp-content\/uploads\/2026\/01\/flowchart_v8_horizontal_1920_1080.jpg","datePublished":"2026-01-10T21:49:31+00:00","dateModified":"2026-01-10T21:49:33+00:00","breadcrumb":{"@id":"https:\/\/sub.hr\/uvod-kupnja-dozvole\/#breadcrumb"},"inLanguage":"en-US","potentialAction":[{"@type":"ReadAction","target":["https:\/\/sub.hr\/uvod-kupnja-dozvole\/"]}]},{"@type":"ImageObject","inLanguage":"en-US","@id":"https:\/\/sub.hr\/uvod-kupnja-dozvole\/#primaryimage","url":"https:\/\/sub.hr\/wp-content\/uploads\/2026\/01\/flowchart_v8_horizontal_1920_1080.jpg","contentUrl":"https:\/\/sub.hr\/wp-content\/uploads\/2026\/01\/flowchart_v8_horizontal_1920_1080.jpg","width":1920,"height":1080,"caption":"Dozvola za ribolov - dijagram za kupnju"},{"@type":"BreadcrumbList","@id":"https:\/\/sub.hr\/uvod-kupnja-dozvole\/#breadcrumb","itemListElement":[{"@type":"ListItem","position":1,"name":"Po\u010detna stranica","item":"https:\/\/sub.hr\/hr\/"},{"@type":"ListItem","position":2,"name":"Uvod u kupnju dozvole"}]},{"@type":"WebSite","@id":"https:\/\/sub.hr\/#website","url":"https:\/\/sub.hr\/","name":"SUB.hr - Fishing License 2026","description":"Fishing license Croatia - Permesso di Pesca Croazia","potentialAction":[{"@type":"SearchAction","target":{"@type":"EntryPoint","urlTemplate":"https:\/\/sub.hr\/?s={search_term_string}"},"query-input":{"@type":"PropertyValueSpecification","valueRequired":true,"valueName":"search_term_string"}}],"inLanguage":"en-US"}]}},"_links":{"self":[{"href":"https:\/\/sub.hr\/en\/wp-json\/wp\/v2\/pages\/231763","targetHints":{"allow":["GET"]}}],"collection":[{"href":"https:\/\/sub.hr\/en\/wp-json\/wp\/v2\/pages"}],"about":[{"href":"https:\/\/sub.hr\/en\/wp-json\/wp\/v2\/types\/page"}],"author":[{"embeddable":true,"href":"https:\/\/sub.hr\/en\/wp-json\/wp\/v2\/users\/2985"}],"replies":[{"embeddable":true,"href":"https:\/\/sub.hr\/en\/wp-json\/wp\/v2\/comments?post=231763"}],"version-history":[{"count":12,"href":"https:\/\/sub.hr\/en\/wp-json\/wp\/v2\/pages\/231763\/revisions"}],"predecessor-version":[{"id":231790,"href":"https:\/\/sub.hr\/en\/wp-json\/wp\/v2\/pages\/231763\/revisions\/231790"}],"wp:featuredmedia":[{"embeddable":true,"href":"https:\/\/sub.hr\/en\/wp-json\/wp\/v2\/media\/231766"}],"wp:attachment":[{"href":"https:\/\/sub.hr\/en\/wp-json\/wp\/v2\/media?parent=231763"}],"curies":[{"name":"wp","href":"https:\/\/api.w.org\/{rel}","templated":true}]}}