{"id":225934,"date":"2024-02-11T12:26:29","date_gmt":"2024-02-11T11:26:29","guid":{"rendered":"https:\/\/sub.hr\/?page_id=225934"},"modified":"2025-01-02T22:06:10","modified_gmt":"2025-01-02T21:06:10","slug":"dozvole-za-ribolov-hrvatska","status":"publish","type":"page","link":"https:\/\/sub.hr\/en\/fishing-licenses-in-croatia\/","title":{"rendered":"Fishing licenses - CROATIA"},"content":{"rendered":"\n[et_pb_section fb_built=&#8221;1&#8243; _builder_version=&#8221;4.24.0&#8243; _module_preset=&#8221;default&#8221; global_colors_info=&#8221;{}&#8221;][et_pb_row _builder_version=&#8221;4.24.0&#8243; _module_preset=&#8221;default&#8221; global_colors_info=&#8221;{}&#8221;][et_pb_column type=&#8221;4_4&#8243; _builder_version=&#8221;4.24.0&#8243; _module_preset=&#8221;default&#8221; global_colors_info=&#8221;{}&#8221;][et_pb_text _builder_version=&#8221;4.24.0&#8243; _module_preset=&#8221;default&#8221; global_colors_info=&#8221;{}&#8221;]<h2 style=\"text-align: center;\"><a href=\"https:\/\/sub.hr\/trgovina\/\">Dozvole za ribolov u Hrvatskoj za 2024. godinu<\/a><\/h2>\n<p>&nbsp;<\/p>\n<p>Ako \u017eelite loviti ribu na moru u Republici Hrvatskoj morate imati dozvolu za ribolov na moru. Tako se vrlo \u010desto postavljaju pitanja:<\/p>\n<p>Kako najednostavnije u Hrvatskoj naru\u010diti dozvolu za ribolov na moru?<\/p>\n<p>Mogu li se dozvole za ribolov naru\u010diti, platiti i dobiti online?<\/p>\n<p>Mogu li dobiti dozvolu za ribolov u digitalnom obliku na moj email?<\/p>\n<p>Digitalizacija je i u kod izdavanja dozvola za ribolov na moru do\u0161la do sportskih i rekreacijskih ribolovaca i odgovor je kako nikad nije bilo jednostavnije naru\u010diti, platiti i dobiti svoju dozvolu za sportski ribolov na moru ili dozvolu za rekreacijski ribolov na moru.<\/p>\n<p>Svi mogu naru\u010diti godi\u0161nje ili dnevne dozvole za sportski ili rekreacijski ribolov na moru u Republici Hrvatskoj preko na\u0161e web stranice &#8211; <a href=\"https:\/\/sub.hr\/\">https:\/\/sub.hr<\/a>\u00a0na na\u010din:<\/p>\n<p style=\"text-align: center;\"><a href=\"https:\/\/sub.hr\/trgovina\/\"><strong>Odaberi dozvolu koju \u017eeli\u0161\u00a0 &#8211; Ispuni svoje podatke &#8211; Plati dozvolu preko banke &#8211; Dobije\u0161 dozvolu na svoj email<\/strong><\/a><\/p>[\/et_pb_text][\/et_pb_column][\/et_pb_row][et_pb_row column_structure=&#8221;1_2,1_2&#8243; _builder_version=&#8221;4.24.0&#8243; _module_preset=&#8221;default&#8221; global_colors_info=&#8221;{}&#8221;][et_pb_column type=&#8221;1_2&#8243; _builder_version=&#8221;4.24.0&#8243; _module_preset=&#8221;default&#8221; global_colors_info=&#8221;{}&#8221;][et_pb_button button_url=&#8221;https:\/\/sub.hr\/product\/dozvole-za-sportski-ribolov-2024\/&#8221; button_text=&#8221;dozvole &#8211; sportski ribolov&#8221; button_alignment=&#8221;center&#8221; _builder_version=&#8221;4.24.0&#8243; _module_preset=&#8221;default&#8221; hover_enabled=&#8221;0&#8243; global_colors_info=&#8221;{}&#8221; sticky_enabled=&#8221;0&#8243;][\/et_pb_button][\/et_pb_column][et_pb_column type=&#8221;1_2&#8243; _builder_version=&#8221;4.24.0&#8243; _module_preset=&#8221;default&#8221; global_colors_info=&#8221;{}&#8221;][et_pb_button button_url=&#8221;https:\/\/sub.hr\/product\/godisnje-dozvole-za-sportski-ribolov-2024\/&#8221; button_text=&#8221;dozvole &#8211; rekreacijski ribolov&#8221; _builder_version=&#8221;4.24.0&#8243; _module_preset=&#8221;default&#8221; global_colors_info=&#8221;{}&#8221;][\/et_pb_button][\/et_pb_column][\/et_pb_row][et_pb_row _builder_version=&#8221;4.24.0&#8243; _module_preset=&#8221;default&#8221; global_colors_info=&#8221;{}&#8221;][et_pb_column type=&#8221;4_4&#8243; _builder_version=&#8221;4.24.0&#8243; _module_preset=&#8221;default&#8221; global_colors_info=&#8221;{}&#8221;][et_pb_text _builder_version=&#8221;4.24.0&#8243; _module_preset=&#8221;default&#8221; hover_enabled=&#8221;0&#8243; global_colors_info=&#8221;{}&#8221; sticky_enabled=&#8221;0&#8243;]<p>Ako nisi siguran Kako naru\u010diti dozvolu za ribolov na moru, detaljnije u nastavku?<\/p>\n<ol>\n<li>Sama narud\u017eba i cijeli dolje navedeni postupak narud\u017ebe dozvola za ribolov nema nikakvih obveza za Vas kao naru\u010ditelja.<\/li>\n<li>Odaberite vrstu dozvole koje \u017eelite bilo da \u017eelite:\n<ul>\n<li>dozvolu za sportski ribolov na moru (kako bi mogli obavljati i podvodni ribolov) ili<\/li>\n<li>dozvolu za rekreacijski ribolov na moru.<\/li>\n<\/ul>\n<\/li>\n<li>Ozna\u010dite dozvolu koju \u017eelite, pa na dnu odaberite botun &#8220;Postavi narud\u017ebu&#8221;,<\/li>\n<li>Nakon toga, otvara se nova stranica &#8220;Moja\u00a0 kolica&#8221; koja Vam pokazuje \u0161to ste naru\u010dili, ako je sve u redu klikni na botun dolje &#8211; &#8220;Checkout now&#8221; ili &#8220;Dovr\u0161i narud\u017ebu &#8211; DaljeU kontakt formi:<\/li>\n<li>U kontakt formi:\n<ul>\n<li>Ispunite sve tra\u017eene obavezne osobne podatke &#8211; koji moraju biti to\u010dni i koji se upisuju u Va\u0161u dozvolu za ribolov. Ako upi\u0161ete neto\u010dne podatke koji ne odgovaraju podacima iz Va\u0161eg identifikacijskog dokumenta (osobna iskaznica, ID card) mogu\u0107e je kako dozvola ne\u0107e vrijediti. Ovaj postupak radite samo jednom (slijede\u0107e godine Va\u0161i podaci ostaju zapisani u kontakt formi &#8211; &#8220;Moj pretinac&#8221;).<\/li>\n<li>Ako ste hrvatski dr\u017eavljanin obavezno upi\u0161ite svoj OIB, a samo za dnevne dozvole odaberite prvi dan ribolova.<\/li>\n<li>Odaberite jedan od na\u010dina pla\u0107anja (\u201cPayPal\u201d ili \u201cIzravni bankovni prijenos\u201d &#8211; pla\u0107anje preko ra\u010duna banke) i prihvatite uvjete za narud\u017ebu.<\/li>\n<li>Klikni a botun \u201cPo\u0161alji narud\u017ebu\u201d ili \u201cProceed to PayPal\u201d<\/li>\n<\/ul>\n<\/li>\n<li>Ako ste sve podatke dobro upisali na dnu kliknite na botun &#8220;Po\u0161alji narud\u017ebu&#8221;,<\/li>\n<li>Otvoriti \u0107e Vam se nova stranica s podacima o Va\u0161oj narud\u017ebi, uplatnicom za pla\u0107anje u obrascu HUB 3A i bar kodom.<\/li>\n<li>Ako \u017eelite mo\u017eete otvoriti botun &#8220;Prika\u017ei uve\u0107ani barkod&#8221; ispod uplatnice, pa \u0107e se otvoriti uve\u0107ani barkod za skeniranje mobilnim ili drugim ure\u0111ajem. Skenirate barkod i obavite pla\u0107anje Va\u0161om bankovnom aplikacijom, odnosno po podacima iz uplatnice.<\/li>\n<li>Na Va\u0161 email koji ste prethodno upisali u kontakt formi, do\u0107i \u0107e Vam Va\u0161a narud\u017eba s uplatnicom za pla\u0107anje i bar kodom za pla\u0107anje preko internet bankarstva.\u00a0 \u00a0 dodatno \u0107e Vam se dostaviti va\u0161a narud\u017eba s prije navedenim podacima za pla\u0107anje dozvole za ribolov,<\/li>\n<li>Mo\u017eete izvr\u0161iti uplatu za izdavanje dozvole za ribolov s Va\u0161eg (IBAN) bankovnog ra\u010duna na na\u0161 (IBAN) bankovni ra\u010dun,<\/li>\n<li>Po pla\u0107anju, kada se Va\u0161a uplata vidi na na\u0161em ra\u010dunu \u0161aljemo Vam dozvolu za ribolov na Va\u0161 nazna\u010deni email,<\/li>\n<li>Pored toga\u00a0 gornjem desnom dijelu ekrana &#8220;Moj pretinac&#8221;mo\u017eete vidjeti Va\u0161e narud\u017ebe i svoje podatke koje mo\u017eete mijenjati.<\/li>\n<\/ol>\n<p><strong>Dozvola se izdaje i \u0161alje na Va\u0161 email isklju\u010divo kada se upla\u0107eni iznos vidi na na\u0161em (IBAN) bankovnom ra\u010dunu.<\/strong><\/p>[\/et_pb_text][\/et_pb_column][\/et_pb_row][et_pb_row _builder_version=&#8221;4.24.0&#8243; _module_preset=&#8221;default&#8221; global_colors_info=&#8221;{}&#8221;][et_pb_column type=&#8221;4_4&#8243; _builder_version=&#8221;4.24.0&#8243; _module_preset=&#8221;default&#8221; global_colors_info=&#8221;{}&#8221;][et_pb_text _builder_version=&#8221;4.24.0&#8243; _module_preset=&#8221;default&#8221; global_colors_info=&#8221;{}&#8221;]<p><strong>Dodatne Informacije za one koji po prvi puta naru\u010duju online dozvolu za ribolov.<\/strong><\/p>\n<p>Mo\u017eete naru\u010diti sve vrste dozvola za ribolov u Republici Hrvatskoj koje se dijele u dvije vrste:<\/p>\n<p>&#8211; Dozvole za sportski ribolov,<\/p>\n<p>&#8211; Dozvole za rekreacijski ribolov,<\/p>\n<p>Ribolovni alati koje mo\u017eete koristiti kod dozvole za sportski ribolov i dozvole za rekreacijski ribolov su gotov isti, osim \u0161to kod dozvole za sportski ribolov mo\u017eete koristiti i podvodne pu\u0161ke. Dozvola za rekreacijski ribolov ne uklju\u010duje kori\u0161tenje podvodne pu\u0161ke, dok dozvola za sportski ribolov to omogu\u0107uje, odnosno va\u017ei kao dozvola za podvodni ribolov.<\/p>\n<p>Preko na\u0161e web stranice <a href=\"https:\/\/sub.hr\/\">https:\/\/sub.hr<\/a> ne pla\u0107aju se izravno dozvole za ribolov kao kod uobi\u010dajenog web shop-a. Preko web stranice <a href=\"https:\/\/sub.hr\/\">https:\/\/sub.hr<\/a>\u00a0, dozvola za sportski ribolov i dozvola za rekreacijski ribolov na moru, mo\u017ee se naru\u010diti on line. Narud\u017eba i samo pla\u0107anje dozvole za ribolov ni u kojem slu\u010daju ne zna\u010di kako je dozvola za ribolov izdana u korist ribolovca, odnosno upisana u sustav ribarstva RH. Pla\u0107anje se vr\u0161i s IBAN-a bankovnog ra\u010duna korisnika ili ribolovca na na\u0161 IBAN bankovni poslovni ra\u010dun. Pla\u0107anje ove dozvole za ribolov mo\u017ee se jedino obaviti u doma\u0107em platnom prometu u Republici Hrvatskoj jer se pla\u0107anje vr\u0161i preko HUB 3A barkoda \u0161to je pla\u0107anje mogu\u0107e samo u Hrvatskoj.<\/p>\n<p>Dozvole se izdaje tek kada se uplata za dozvolu vidi na na\u0161em (IBAN) poslovnom bankovnom ra\u010dunu. Dozvola za ribolov je va\u017ee\u0107a kada je izdana i upisana u sustav ribarstva RH pod odre\u0111enim evidencijskim brojem ribolovca za tu godinu ili za odre\u0111eni period. Dozvola se po izdavanju \u0161alje korisniku ili ribolovcu na nazna\u010deni email.<\/p>\n<p>Ukoliko gore navedeni osobni podaci ribolovca nisu to\u010dni ili istiniti smatra se kako su se podaci dali suprotno zakonu, odnosno zna\u010di kako se ribolov obavlja bez dozvole.<\/p>[\/et_pb_text][\/et_pb_column][\/et_pb_row][\/et_pb_section]\n","protected":false},"excerpt":{"rendered":"<p>Dozvole za ribolov u Hrvatskoj za 2024. godinu &nbsp; Ako \u017eelite loviti ribu na moru u Republici Hrvatskoj morate imati dozvolu za ribolov na moru. Tako se vrlo \u010desto postavljaju pitanja: Kako najednostavnije u Hrvatskoj naru\u010diti dozvolu za ribolov na moru? Mogu li se dozvole za ribolov naru\u010diti, platiti i dobiti online? Mogu li dobiti [&hellip;]<\/p>\n","protected":false},"author":1,"featured_media":0,"parent":0,"menu_order":0,"comment_status":"closed","ping_status":"closed","template":"","meta":{"_et_pb_use_builder":"on","_et_pb_old_content":"","_et_gb_content_width":"","footnotes":""},"class_list":["post-225934","page","type-page","status-publish","hentry"],"yoast_head":"<!-- This site is optimized with the Yoast SEO plugin v27.6 - https:\/\/yoast.com\/product\/yoast-seo-wordpress\/ -->\n<title>Dozvole za ribolov - HRVATSKA - SUB.hr - Dozvola za ribolov 2026<\/title>\n<meta name=\"description\" content=\"Sve vrste dozvola za ribolov. Dozvola za sportski ili rekreacijski ribolov online. Dozvola za podvodni ribolov. Sport or recreational fishing license online. Permesso di Pesca in Croazia online.\" \/>\n<meta name=\"robots\" content=\"index, follow, max-snippet:-1, max-image-preview:large, max-video-preview:-1\" \/>\n<link rel=\"canonical\" href=\"https:\/\/sub.hr\/en\/fishing-licenses-in-croatia\/\" \/>\n<meta property=\"og:locale\" content=\"en_US\" \/>\n<meta property=\"og:type\" content=\"article\" \/>\n<meta property=\"og:title\" content=\"Dozvole za ribolov - HRVATSKA - SUB.hr - Dozvola za ribolov 2026\" \/>\n<meta property=\"og:description\" content=\"Sve vrste dozvola za ribolov. Dozvola za sportski ili rekreacijski ribolov online. Dozvola za podvodni ribolov. Sport or recreational fishing license online. Permesso di Pesca in Croazia online.\" \/>\n<meta property=\"og:url\" content=\"https:\/\/sub.hr\/en\/fishing-licenses-in-croatia\/\" \/>\n<meta property=\"og:site_name\" content=\"SUB.hr - Dozvola za ribolov 2026\" \/>\n<meta property=\"article:modified_time\" content=\"2025-01-02T21:06:10+00:00\" \/>\n<meta name=\"twitter:card\" content=\"summary_large_image\" \/>\n<meta name=\"twitter:label1\" content=\"Est. reading time\" \/>\n\t<meta name=\"twitter:data1\" content=\"5 minutes\" \/>\n<script type=\"application\/ld+json\" class=\"yoast-schema-graph\">{\"@context\":\"https:\\\/\\\/schema.org\",\"@graph\":[{\"@type\":\"WebPage\",\"@id\":\"https:\\\/\\\/sub.hr\\\/dozvole-za-ribolov-hrvatska\\\/\",\"url\":\"https:\\\/\\\/sub.hr\\\/dozvole-za-ribolov-hrvatska\\\/\",\"name\":\"Dozvole za ribolov - HRVATSKA - SUB.hr - Dozvola za ribolov 2026\",\"isPartOf\":{\"@id\":\"https:\\\/\\\/sub.hr\\\/#website\"},\"datePublished\":\"2024-02-11T11:26:29+00:00\",\"dateModified\":\"2025-01-02T21:06:10+00:00\",\"description\":\"Sve vrste dozvola za ribolov. Dozvola za sportski ili rekreacijski ribolov online. Dozvola za podvodni ribolov. Sport or recreational fishing license online. Permesso di Pesca in Croazia online.\",\"breadcrumb\":{\"@id\":\"https:\\\/\\\/sub.hr\\\/dozvole-za-ribolov-hrvatska\\\/#breadcrumb\"},\"inLanguage\":\"en-US\",\"potentialAction\":[{\"@type\":\"ReadAction\",\"target\":[\"https:\\\/\\\/sub.hr\\\/dozvole-za-ribolov-hrvatska\\\/\"]}]},{\"@type\":\"BreadcrumbList\",\"@id\":\"https:\\\/\\\/sub.hr\\\/dozvole-za-ribolov-hrvatska\\\/#breadcrumb\",\"itemListElement\":[{\"@type\":\"ListItem\",\"position\":1,\"name\":\"Po\u010detna stranica\",\"item\":\"https:\\\/\\\/sub.hr\\\/hr\\\/\"},{\"@type\":\"ListItem\",\"position\":2,\"name\":\"Dozvole za ribolov &#8211; HRVATSKA\"}]},{\"@type\":\"WebSite\",\"@id\":\"https:\\\/\\\/sub.hr\\\/#website\",\"url\":\"https:\\\/\\\/sub.hr\\\/\",\"name\":\"SUB.hr - Dozvola za ribolov 2026\",\"description\":\"Dozvola za ribolov Hrvatska - Fishing license Croatia - Permesso di Pesca Croazia\",\"potentialAction\":[{\"@type\":\"SearchAction\",\"target\":{\"@type\":\"EntryPoint\",\"urlTemplate\":\"https:\\\/\\\/sub.hr\\\/?s={search_term_string}\"},\"query-input\":{\"@type\":\"PropertyValueSpecification\",\"valueRequired\":true,\"valueName\":\"search_term_string\"}}],\"inLanguage\":\"en-US\"}]}<\/script>\n<!-- \/ Yoast SEO plugin. -->","yoast_head_json":{"title":"Fishing Licenses - CROATIA - SUB.hr - Fishing License 2026","description":"All types of fishing licenses. Sport or recreational fishing license online. Spearfishing license. Sport or recreational fishing license online. Permesso di Pesca in Croazia online.","robots":{"index":"index","follow":"follow","max-snippet":"max-snippet:-1","max-image-preview":"max-image-preview:large","max-video-preview":"max-video-preview:-1"},"canonical":"https:\/\/sub.hr\/en\/fishing-licenses-in-croatia\/","og_locale":"en_US","og_type":"article","og_title":"Dozvole za ribolov - HRVATSKA - SUB.hr - Dozvola za ribolov 2026","og_description":"Sve vrste dozvola za ribolov. Dozvola za sportski ili rekreacijski ribolov online. Dozvola za podvodni ribolov. Sport or recreational fishing license online. Permesso di Pesca in Croazia online.","og_url":"https:\/\/sub.hr\/en\/fishing-licenses-in-croatia\/","og_site_name":"SUB.hr - Dozvola za ribolov 2026","article_modified_time":"2025-01-02T21:06:10+00:00","twitter_card":"summary_large_image","twitter_misc":{"Est. reading time":"5 minutes"},"schema":{"@context":"https:\/\/schema.org","@graph":[{"@type":"WebPage","@id":"https:\/\/sub.hr\/dozvole-za-ribolov-hrvatska\/","url":"https:\/\/sub.hr\/dozvole-za-ribolov-hrvatska\/","name":"Fishing Licenses - CROATIA - SUB.hr - Fishing License 2026","isPartOf":{"@id":"https:\/\/sub.hr\/#website"},"datePublished":"2024-02-11T11:26:29+00:00","dateModified":"2025-01-02T21:06:10+00:00","description":"All types of fishing licenses. Sport or recreational fishing license online. Spearfishing license. Sport or recreational fishing license online. Permesso di Pesca in Croazia online.","breadcrumb":{"@id":"https:\/\/sub.hr\/dozvole-za-ribolov-hrvatska\/#breadcrumb"},"inLanguage":"en-US","potentialAction":[{"@type":"ReadAction","target":["https:\/\/sub.hr\/dozvole-za-ribolov-hrvatska\/"]}]},{"@type":"BreadcrumbList","@id":"https:\/\/sub.hr\/dozvole-za-ribolov-hrvatska\/#breadcrumb","itemListElement":[{"@type":"ListItem","position":1,"name":"Po\u010detna stranica","item":"https:\/\/sub.hr\/hr\/"},{"@type":"ListItem","position":2,"name":"Dozvole za ribolov &#8211; HRVATSKA"}]},{"@type":"WebSite","@id":"https:\/\/sub.hr\/#website","url":"https:\/\/sub.hr\/","name":"SUB.hr - Fishing License 2026","description":"Fishing license Croatia - Permesso di Pesca Croazia","potentialAction":[{"@type":"SearchAction","target":{"@type":"EntryPoint","urlTemplate":"https:\/\/sub.hr\/?s={search_term_string}"},"query-input":{"@type":"PropertyValueSpecification","valueRequired":true,"valueName":"search_term_string"}}],"inLanguage":"en-US"}]}},"_links":{"self":[{"href":"https:\/\/sub.hr\/en\/wp-json\/wp\/v2\/pages\/225934","targetHints":{"allow":["GET"]}}],"collection":[{"href":"https:\/\/sub.hr\/en\/wp-json\/wp\/v2\/pages"}],"about":[{"href":"https:\/\/sub.hr\/en\/wp-json\/wp\/v2\/types\/page"}],"author":[{"embeddable":true,"href":"https:\/\/sub.hr\/en\/wp-json\/wp\/v2\/users\/1"}],"replies":[{"embeddable":true,"href":"https:\/\/sub.hr\/en\/wp-json\/wp\/v2\/comments?post=225934"}],"version-history":[{"count":0,"href":"https:\/\/sub.hr\/en\/wp-json\/wp\/v2\/pages\/225934\/revisions"}],"wp:attachment":[{"href":"https:\/\/sub.hr\/en\/wp-json\/wp\/v2\/media?parent=225934"}],"curies":[{"name":"wp","href":"https:\/\/api.w.org\/{rel}","templated":true}]}}