{"id":226657,"date":"2024-03-09T17:04:23","date_gmt":"2024-03-09T16:04:23","guid":{"rendered":"https:\/\/sub.hr\/?post_type=product&#038;p=226657"},"modified":"2026-03-02T00:22:16","modified_gmt":"2026-03-01T23:22:16","slug":"150-dana-dozvola-za-sportski-ribolov-za-osobe-do-18-godina","status":"publish","type":"product","link":"https:\/\/sub.hr\/de\/product\/150-tage-sportfischerschein-fur-personen-bis-18-jahre\/","title":{"rendered":"150 Tage Sportfischen \u2013 Personen bis 18 Jahre"},"content":{"rendered":"","protected":false},"excerpt":{"rendered":"<p>Erlaubnis \/ Lizenz f\u00fcr Personen unter 18 Jahren<\/p>\n<p>F\u00fcr die Altersbestimmung von Personen bis 18 Jahren ist das laufende Kalenderjahr, in dem die Person das 18. Lebensjahr vollendet, bis zum Ende desselben Jahres ma\u00dfgeblich, unabh\u00e4ngig vom Geburtsdatum.<\/p>","protected":false},"featured_media":100197,"comment_status":"closed","ping_status":"closed","template":"","meta":{"_et_pb_use_builder":"","_et_pb_old_content":"","_et_gb_content_width":""},"product_brand":[],"product_cat":[54,45],"product_tag":[],"class_list":{"0":"post-226657","1":"product","2":"type-product","3":"status-publish","4":"has-post-thumbnail","6":"product_cat-dnevne-dozvole-za-sportski-ribolov","7":"product_cat-dozvole-za-sportski-ribolov","9":"first","10":"instock","11":"sold-individually","12":"shipping-taxable","13":"purchasable","14":"product-type-woosb"},"yoast_head":"<!-- This site is optimized with the Yoast SEO plugin v27.3 - https:\/\/yoast.com\/product\/yoast-seo-wordpress\/ -->\n<title>150 dana SPORTSKI ribolov - osobe do 18 godina - SUB.hr - Dozvola za ribolov 2026<\/title>\n<meta name=\"robots\" content=\"index, follow, max-snippet:-1, max-image-preview:large, max-video-preview:-1\" \/>\n<link rel=\"canonical\" href=\"https:\/\/sub.hr\/de\/product\/150-tage-sportfischerschein-fur-personen-bis-18-jahre\/\" \/>\n<meta property=\"og:locale\" content=\"de_DE\" \/>\n<meta property=\"og:type\" content=\"article\" \/>\n<meta property=\"og:title\" content=\"150 dana SPORTSKI ribolov - osobe do 18 godina - SUB.hr - Dozvola za ribolov 2026\" \/>\n<meta property=\"og:description\" content=\"DOZVOLA \/ LICENCA ZA OSOBE DO 18 GODINA  Dob osoba do 18 godina odre\u0111uje se na na\u010din da se uzima u obzir teku\u0107a kalendarska godina u kojoj osoba do kraja iste godine navr\u0161ava 18 godina \u017eivota bez obzira na datum ro\u0111enja.\" \/>\n<meta property=\"og:url\" content=\"https:\/\/sub.hr\/de\/product\/150-tage-sportfischerschein-fur-personen-bis-18-jahre\/\" \/>\n<meta property=\"og:site_name\" content=\"SUB.hr - Dozvola za ribolov 2026\" \/>\n<meta property=\"article:modified_time\" content=\"2026-03-01T23:22:16+00:00\" \/>\n<meta property=\"og:image\" content=\"https:\/\/sub.hr\/wp-content\/uploads\/2024\/02\/PERMESSO-DI-PESCA.jpg\" \/>\n\t<meta property=\"og:image:width\" content=\"300\" \/>\n\t<meta property=\"og:image:height\" content=\"300\" \/>\n\t<meta property=\"og:image:type\" content=\"image\/jpeg\" \/>\n<meta name=\"twitter:card\" content=\"summary_large_image\" \/>\n<meta name=\"twitter:label1\" content=\"Gesch\u00e4tzte Lesezeit\" \/>\n\t<meta name=\"twitter:data1\" content=\"1\u00a0Minute\" \/>\n<script type=\"application\/ld+json\" class=\"yoast-schema-graph\">{\"@context\":\"https:\\\/\\\/schema.org\",\"@graph\":[{\"@type\":\"WebPage\",\"@id\":\"https:\\\/\\\/sub.hr\\\/product\\\/150-dana-dozvola-za-sportski-ribolov-za-osobe-do-18-godina\\\/\",\"url\":\"https:\\\/\\\/sub.hr\\\/product\\\/150-dana-dozvola-za-sportski-ribolov-za-osobe-do-18-godina\\\/\",\"name\":\"150 dana SPORTSKI ribolov - osobe do 18 godina - SUB.hr - Dozvola za ribolov 2026\",\"isPartOf\":{\"@id\":\"https:\\\/\\\/sub.hr\\\/#website\"},\"primaryImageOfPage\":{\"@id\":\"https:\\\/\\\/sub.hr\\\/product\\\/150-dana-dozvola-za-sportski-ribolov-za-osobe-do-18-godina\\\/#primaryimage\"},\"image\":{\"@id\":\"https:\\\/\\\/sub.hr\\\/product\\\/150-dana-dozvola-za-sportski-ribolov-za-osobe-do-18-godina\\\/#primaryimage\"},\"thumbnailUrl\":\"https:\\\/\\\/sub.hr\\\/wp-content\\\/uploads\\\/2024\\\/02\\\/PERMESSO-DI-PESCA.jpg\",\"datePublished\":\"2024-03-09T16:04:23+00:00\",\"dateModified\":\"2026-03-01T23:22:16+00:00\",\"breadcrumb\":{\"@id\":\"https:\\\/\\\/sub.hr\\\/product\\\/150-dana-dozvola-za-sportski-ribolov-za-osobe-do-18-godina\\\/#breadcrumb\"},\"inLanguage\":\"de\",\"potentialAction\":[{\"@type\":\"ReadAction\",\"target\":[\"https:\\\/\\\/sub.hr\\\/product\\\/150-dana-dozvola-za-sportski-ribolov-za-osobe-do-18-godina\\\/\"]}]},{\"@type\":\"ImageObject\",\"inLanguage\":\"de\",\"@id\":\"https:\\\/\\\/sub.hr\\\/product\\\/150-dana-dozvola-za-sportski-ribolov-za-osobe-do-18-godina\\\/#primaryimage\",\"url\":\"https:\\\/\\\/sub.hr\\\/wp-content\\\/uploads\\\/2024\\\/02\\\/PERMESSO-DI-PESCA.jpg\",\"contentUrl\":\"https:\\\/\\\/sub.hr\\\/wp-content\\\/uploads\\\/2024\\\/02\\\/PERMESSO-DI-PESCA.jpg\",\"width\":300,\"height\":300},{\"@type\":\"BreadcrumbList\",\"@id\":\"https:\\\/\\\/sub.hr\\\/product\\\/150-dana-dozvola-za-sportski-ribolov-za-osobe-do-18-godina\\\/#breadcrumb\",\"itemListElement\":[{\"@type\":\"ListItem\",\"position\":1,\"name\":\"Po\u010detna stranica\",\"item\":\"https:\\\/\\\/sub.hr\\\/hr\\\/\"},{\"@type\":\"ListItem\",\"position\":2,\"name\":\"NARUD\u017dBA DOZVOLA\",\"item\":\"https:\\\/\\\/sub.hr\\\/hr\\\/narudzba-dozvola-za-ribolov\\\/\"},{\"@type\":\"ListItem\",\"position\":3,\"name\":\"150 dana SPORTSKI ribolov &#8211; osobe do 18 godina\"}]},{\"@type\":\"WebSite\",\"@id\":\"https:\\\/\\\/sub.hr\\\/#website\",\"url\":\"https:\\\/\\\/sub.hr\\\/\",\"name\":\"SUB.hr - Dozvola za ribolov 2026\",\"description\":\"Dozvola za ribolov Hrvatska - Fishing license Croatia - Permesso di Pesca Croazia\",\"potentialAction\":[{\"@type\":\"SearchAction\",\"target\":{\"@type\":\"EntryPoint\",\"urlTemplate\":\"https:\\\/\\\/sub.hr\\\/?s={search_term_string}\"},\"query-input\":{\"@type\":\"PropertyValueSpecification\",\"valueRequired\":true,\"valueName\":\"search_term_string\"}}],\"inLanguage\":\"de\"}]}<\/script>\n<!-- \/ Yoast SEO plugin. -->","yoast_head_json":{"title":"150 Tage Sportfischen - Personen bis 18 Jahre - SUB.hr - Angelschein 2026","robots":{"index":"index","follow":"follow","max-snippet":"max-snippet:-1","max-image-preview":"max-image-preview:large","max-video-preview":"max-video-preview:-1"},"canonical":"https:\/\/sub.hr\/de\/product\/150-tage-sportfischerschein-fur-personen-bis-18-jahre\/","og_locale":"de_DE","og_type":"article","og_title":"150 dana SPORTSKI ribolov - osobe do 18 godina - SUB.hr - Dozvola za ribolov 2026","og_description":"DOZVOLA \/ LICENCA ZA OSOBE DO 18 GODINA  Dob osoba do 18 godina odre\u0111uje se na na\u010din da se uzima u obzir teku\u0107a kalendarska godina u kojoj osoba do kraja iste godine navr\u0161ava 18 godina \u017eivota bez obzira na datum ro\u0111enja.","og_url":"https:\/\/sub.hr\/de\/product\/150-tage-sportfischerschein-fur-personen-bis-18-jahre\/","og_site_name":"SUB.hr - Dozvola za ribolov 2026","article_modified_time":"2026-03-01T23:22:16+00:00","og_image":[{"width":300,"height":300,"url":"https:\/\/sub.hr\/wp-content\/uploads\/2024\/02\/PERMESSO-DI-PESCA.jpg","type":"image\/jpeg"}],"twitter_card":"summary_large_image","twitter_misc":{"Gesch\u00e4tzte Lesezeit":"1\u00a0Minute"},"schema":{"@context":"https:\/\/schema.org","@graph":[{"@type":"WebPage","@id":"https:\/\/sub.hr\/product\/150-dana-dozvola-za-sportski-ribolov-za-osobe-do-18-godina\/","url":"https:\/\/sub.hr\/product\/150-dana-dozvola-za-sportski-ribolov-za-osobe-do-18-godina\/","name":"150 Tage Sportfischen - Personen bis 18 Jahre - SUB.hr - Angelschein 2026","isPartOf":{"@id":"https:\/\/sub.hr\/#website"},"primaryImageOfPage":{"@id":"https:\/\/sub.hr\/product\/150-dana-dozvola-za-sportski-ribolov-za-osobe-do-18-godina\/#primaryimage"},"image":{"@id":"https:\/\/sub.hr\/product\/150-dana-dozvola-za-sportski-ribolov-za-osobe-do-18-godina\/#primaryimage"},"thumbnailUrl":"https:\/\/sub.hr\/wp-content\/uploads\/2024\/02\/PERMESSO-DI-PESCA.jpg","datePublished":"2024-03-09T16:04:23+00:00","dateModified":"2026-03-01T23:22:16+00:00","breadcrumb":{"@id":"https:\/\/sub.hr\/product\/150-dana-dozvola-za-sportski-ribolov-za-osobe-do-18-godina\/#breadcrumb"},"inLanguage":"de","potentialAction":[{"@type":"ReadAction","target":["https:\/\/sub.hr\/product\/150-dana-dozvola-za-sportski-ribolov-za-osobe-do-18-godina\/"]}]},{"@type":"ImageObject","inLanguage":"de","@id":"https:\/\/sub.hr\/product\/150-dana-dozvola-za-sportski-ribolov-za-osobe-do-18-godina\/#primaryimage","url":"https:\/\/sub.hr\/wp-content\/uploads\/2024\/02\/PERMESSO-DI-PESCA.jpg","contentUrl":"https:\/\/sub.hr\/wp-content\/uploads\/2024\/02\/PERMESSO-DI-PESCA.jpg","width":300,"height":300},{"@type":"BreadcrumbList","@id":"https:\/\/sub.hr\/product\/150-dana-dozvola-za-sportski-ribolov-za-osobe-do-18-godina\/#breadcrumb","itemListElement":[{"@type":"ListItem","position":1,"name":"Po\u010detna stranica","item":"https:\/\/sub.hr\/hr\/"},{"@type":"ListItem","position":2,"name":"NARUD\u017dBA DOZVOLA","item":"https:\/\/sub.hr\/hr\/narudzba-dozvola-za-ribolov\/"},{"@type":"ListItem","position":3,"name":"150 dana SPORTSKI ribolov &#8211; osobe do 18 godina"}]},{"@type":"WebSite","@id":"https:\/\/sub.hr\/#website","url":"https:\/\/sub.hr\/","name":"SUB.hr - Angelschein 2026","description":"Angelschein Kroatien - Permesso di Pesca Croazia","potentialAction":[{"@type":"SearchAction","target":{"@type":"EntryPoint","urlTemplate":"https:\/\/sub.hr\/?s={search_term_string}"},"query-input":{"@type":"PropertyValueSpecification","valueRequired":true,"valueName":"search_term_string"}}],"inLanguage":"de"}]}},"_links":{"self":[{"href":"https:\/\/sub.hr\/de\/wp-json\/wp\/v2\/product\/226657","targetHints":{"allow":["GET"]}}],"collection":[{"href":"https:\/\/sub.hr\/de\/wp-json\/wp\/v2\/product"}],"about":[{"href":"https:\/\/sub.hr\/de\/wp-json\/wp\/v2\/types\/product"}],"replies":[{"embeddable":true,"href":"https:\/\/sub.hr\/de\/wp-json\/wp\/v2\/comments?post=226657"}],"wp:featuredmedia":[{"embeddable":true,"href":"https:\/\/sub.hr\/de\/wp-json\/wp\/v2\/media\/100197"}],"wp:attachment":[{"href":"https:\/\/sub.hr\/de\/wp-json\/wp\/v2\/media?parent=226657"}],"wp:term":[{"taxonomy":"product_brand","embeddable":true,"href":"https:\/\/sub.hr\/de\/wp-json\/wp\/v2\/product_brand?post=226657"},{"taxonomy":"product_cat","embeddable":true,"href":"https:\/\/sub.hr\/de\/wp-json\/wp\/v2\/product_cat?post=226657"},{"taxonomy":"product_tag","embeddable":true,"href":"https:\/\/sub.hr\/de\/wp-json\/wp\/v2\/product_tag?post=226657"}],"curies":[{"name":"wp","href":"https:\/\/api.w.org\/{rel}","templated":true}]}}