{"id":100257,"date":"2024-02-04T21:30:56","date_gmt":"2024-02-04T20:30:56","guid":{"rendered":"https:\/\/sub.hr\/?post_type=product&#038;p=100257"},"modified":"2024-12-19T14:29:45","modified_gmt":"2024-12-19T13:29:45","slug":"dnevne-dozvole-za-sportski-ribolov-2025","status":"publish","type":"product","link":"https:\/\/sub.hr\/de\/product\/tagesgenehmigungen-fur-das-sportfischen-im-jahr-2024\/","title":{"rendered":"Tageslizenzen f\u00fcr SPORTFischen \u2013 2025"},"content":{"rendered":"<p><strong>Der Preis einer Jahreserlaubnis\/Lizenz f\u00fcr Sportfischen beinhaltet*:<\/strong><\/p>\n<ul>\n<li>Jahreserlaubnis\/Lizenz f\u00fcr das Sportfischen auf See in der Republik Kroatien,<\/li>\n<li>Mitgliedsbeitrag des Kroatischen Verbandes f\u00fcr Sportfischerei auf See (HSSRM),<\/li>\n<li>Mitgliedsbeitrag des SUB-Clubs,<\/li>\n<li>s\u00e4mtliche Kosten und Zahlungsgeb\u00fchren (Geb\u00fchren) der Zahlungen (Bank\/PayPal und andere).<\/li>\n<\/ul>\n<p>*(Der Inhaber der Erlaubnis\/Lizenz muss lediglich das in der Erlaubnis\/Lizenz zum Angeln angegebene pers\u00f6nliche Dokument bei sich haben.)<\/p>\n<p><strong>Angelwerkzeuge und -ausr\u00fcstung sind mit einer BASIC ANNUAL- oder Tageslizenz\/Sportfischerlizenz* erh\u00e4ltlich:<\/strong><\/p>\n<ul>\n<li>maximal zwei Speerfischpistolen;<\/li>\n<li>maximal zwei Saiten (freier Haken), (auf Kroatisch: ODMET);<\/li>\n<li>maximal zwei Angelschn\u00fcre (auf Kroatisch: KAN\u010cENICA);<\/li>\n<li>maximal zwei Leinen f\u00fcr das Panula-Angeln (auf Kroatisch: PANULA);<\/li>\n<li>maximal zwei Leinen f\u00fcr das Panula-Angeln, mit Haken an jeder Leine f\u00fcr das Kopff\u00fc\u00dfer-Angeln;<\/li>\n<li>gro\u00dfes Ger\u00e4t zur Jagd auf Meeresw\u00fcrmer (Fallen), bis zu zwei (2) St\u00fcck.<\/li>\n<\/ul>\n<p>*(Diese Genehmigung\/Lizenz gilt f\u00fcr Speerfischen und andere Angelger\u00e4te).<\/p>\n<p><strong>Sonder- oder Sonderlizenzen zum Angeln:<\/strong><\/p>\n<p>*Sonderlizenzen f\u00fcr Gro\u00dffische (Big Fishing) k\u00f6nnen nur nach Erwerb einer Grundlizenz (Jahres- oder Tageslizenz) in der entsprechenden Alterskategorie erworben werden.<\/p>\n<p>Lizenzen. Die spezielle Tagesgenehmigung f\u00fcr das Sportfischen auf gro\u00dfe Fische muss innerhalb des gleichen Zeitraums (gleiche Tage) wie die Grundgenehmigung f\u00fcr das Sportfischen g\u00fcltig sein.<\/p>\n<p><strong>Weitere Hinweise:<\/strong><\/p>\n<p>Der maximale t\u00e4gliche Fang betr\u00e4gt 5 kg Fisch oder Meeresorganismen. Beim Sportfischen gefangene Fische m\u00fcssen nach dem Fang gekennzeichnet werden (z. B. durch Abschneiden eines Teils des Schwanzes).<\/p>\n<p>Alle Arten von Angelerlaubnissen\/-lizenzen sind bis zu ihrem Ablauf bzw. bis zum Ende dieses Jahres g\u00fcltig und nicht auf das n\u00e4chste Jahr \u00fcbertragbar.<\/p>\n<p>Beispiel: Eine Genehmigung\/Lizenz f\u00fcr bis zu 150 Tage bedeutet, dass sie maximal 150 Tage oder bis zum Ende dieses Jahres g\u00fcltig ist und f\u00fcr das n\u00e4chste Jahr nicht g\u00fcltig ist.<\/p>\n<p>Die prim\u00e4re JAHRESgenehmigung\/Lizenz kann nur bis zum 1. M\u00e4rz des laufenden Jahres erworben werden.<\/p>\n<p>Nach Ihrer Bestellung und dem Eingang Ihrer Zahlung senden wir Ihnen die Genehmigung\/Lizenz per E-Mail zu.<\/p>\n<p>Genehmigungen\/Lizenzen werden mehrmals t\u00e4glich erstellt und versendet, nicht unmittelbar nach der Bestellung.<\/p>","protected":false},"excerpt":{"rendered":"<p>Cijena godi\u0161nje dozvole\/licence za sportski ribolov uklju\u010duje*: godi\u0161nju dozvolu\/licencu za \u0161portski ribolov na moru u RH, \u010dlanarinu Hrvatskog saveza za sportski ribolov na moru (HSSRM), \u010dlanarinu kluba SUB, svi tro\u0161kovi i naknade pla\u0107anja (fee) pla\u0107anja (banka\/PayPal i drugo). *(vlasnik dozvole\/licence je samo du\u017ean kod sebe imati osobni dokument koji je naveden u dozvoli\/licenci za ribolov) [&hellip;]<\/p>\n","protected":false},"featured_media":226064,"comment_status":"closed","ping_status":"closed","template":"","meta":{"_et_pb_use_builder":"","_et_pb_old_content":"","_et_gb_content_width":""},"product_brand":[],"product_cat":[54,45],"product_tag":[],"class_list":{"0":"post-100257","1":"product","2":"type-product","3":"status-publish","4":"has-post-thumbnail","6":"product_cat-dnevne-dozvole-za-sportski-ribolov","7":"product_cat-dozvole-za-sportski-ribolov","9":"first","10":"instock","11":"shipping-taxable","12":"product-type-grouped"},"yoast_head":"<!-- This site is optimized with the Yoast SEO plugin v27.3 - https:\/\/yoast.com\/product\/yoast-seo-wordpress\/ -->\n<title>Dnevne dozvole za SPORTSKI ribolov - 2025 - SUB.hr - Dozvola za ribolov 2026<\/title>\n<meta name=\"robots\" content=\"index, follow, max-snippet:-1, max-image-preview:large, max-video-preview:-1\" \/>\n<link rel=\"canonical\" href=\"https:\/\/sub.hr\/de\/product\/tagesgenehmigungen-fur-das-sportfischen-im-jahr-2024\/\" \/>\n<meta property=\"og:locale\" content=\"de_DE\" \/>\n<meta property=\"og:type\" content=\"article\" \/>\n<meta property=\"og:title\" content=\"Dnevne dozvole za SPORTSKI ribolov - 2025 - SUB.hr - Dozvola za ribolov 2026\" \/>\n<meta property=\"og:description\" content=\"Cijena godi\u0161nje dozvole\/licence za sportski ribolov uklju\u010duje*: godi\u0161nju dozvolu\/licencu za \u0161portski ribolov na moru u RH, \u010dlanarinu Hrvatskog saveza za sportski ribolov na moru (HSSRM), \u010dlanarinu kluba SUB, svi tro\u0161kovi i naknade pla\u0107anja (fee) pla\u0107anja (banka\/PayPal i drugo). *(vlasnik dozvole\/licence je samo du\u017ean kod sebe imati osobni dokument koji je naveden u dozvoli\/licenci za ribolov) [&hellip;]\" \/>\n<meta property=\"og:url\" content=\"https:\/\/sub.hr\/de\/product\/tagesgenehmigungen-fur-das-sportfischen-im-jahr-2024\/\" \/>\n<meta property=\"og:site_name\" content=\"SUB.hr - Dozvola za ribolov 2026\" \/>\n<meta property=\"article:modified_time\" content=\"2024-12-19T13:29:45+00:00\" \/>\n<meta property=\"og:image\" content=\"https:\/\/sub.hr\/wp-content\/uploads\/2024\/02\/Dozvola-za-sportski-ribolov-namoru-1000x1000-web.jpg\" \/>\n\t<meta property=\"og:image:width\" content=\"1000\" \/>\n\t<meta property=\"og:image:height\" content=\"1000\" \/>\n\t<meta property=\"og:image:type\" content=\"image\/jpeg\" \/>\n<meta name=\"twitter:card\" content=\"summary_large_image\" \/>\n<meta name=\"twitter:label1\" content=\"Gesch\u00e4tzte Lesezeit\" \/>\n\t<meta name=\"twitter:data1\" content=\"2\u00a0Minuten\" \/>\n<script type=\"application\/ld+json\" class=\"yoast-schema-graph\">{\"@context\":\"https:\\\/\\\/schema.org\",\"@graph\":[{\"@type\":\"WebPage\",\"@id\":\"https:\\\/\\\/sub.hr\\\/product\\\/dnevne-dozvole-za-sportski-ribolov-2025\\\/\",\"url\":\"https:\\\/\\\/sub.hr\\\/product\\\/dnevne-dozvole-za-sportski-ribolov-2025\\\/\",\"name\":\"Dnevne dozvole za SPORTSKI ribolov - 2025 - SUB.hr - Dozvola za ribolov 2026\",\"isPartOf\":{\"@id\":\"https:\\\/\\\/sub.hr\\\/#website\"},\"primaryImageOfPage\":{\"@id\":\"https:\\\/\\\/sub.hr\\\/product\\\/dnevne-dozvole-za-sportski-ribolov-2025\\\/#primaryimage\"},\"image\":{\"@id\":\"https:\\\/\\\/sub.hr\\\/product\\\/dnevne-dozvole-za-sportski-ribolov-2025\\\/#primaryimage\"},\"thumbnailUrl\":\"https:\\\/\\\/sub.hr\\\/wp-content\\\/uploads\\\/2024\\\/02\\\/Dozvola-za-sportski-ribolov-namoru-1000x1000-web.jpg\",\"datePublished\":\"2024-02-04T20:30:56+00:00\",\"dateModified\":\"2024-12-19T13:29:45+00:00\",\"breadcrumb\":{\"@id\":\"https:\\\/\\\/sub.hr\\\/product\\\/dnevne-dozvole-za-sportski-ribolov-2025\\\/#breadcrumb\"},\"inLanguage\":\"de\",\"potentialAction\":[{\"@type\":\"ReadAction\",\"target\":[\"https:\\\/\\\/sub.hr\\\/product\\\/dnevne-dozvole-za-sportski-ribolov-2025\\\/\"]}]},{\"@type\":\"ImageObject\",\"inLanguage\":\"de\",\"@id\":\"https:\\\/\\\/sub.hr\\\/product\\\/dnevne-dozvole-za-sportski-ribolov-2025\\\/#primaryimage\",\"url\":\"https:\\\/\\\/sub.hr\\\/wp-content\\\/uploads\\\/2024\\\/02\\\/Dozvola-za-sportski-ribolov-namoru-1000x1000-web.jpg\",\"contentUrl\":\"https:\\\/\\\/sub.hr\\\/wp-content\\\/uploads\\\/2024\\\/02\\\/Dozvola-za-sportski-ribolov-namoru-1000x1000-web.jpg\",\"width\":1000,\"height\":1000},{\"@type\":\"BreadcrumbList\",\"@id\":\"https:\\\/\\\/sub.hr\\\/product\\\/dnevne-dozvole-za-sportski-ribolov-2025\\\/#breadcrumb\",\"itemListElement\":[{\"@type\":\"ListItem\",\"position\":1,\"name\":\"Po\u010detna stranica\",\"item\":\"https:\\\/\\\/sub.hr\\\/hr\\\/\"},{\"@type\":\"ListItem\",\"position\":2,\"name\":\"NARUD\u017dBA DOZVOLA\",\"item\":\"https:\\\/\\\/sub.hr\\\/hr\\\/narudzba-dozvola-za-ribolov\\\/\"},{\"@type\":\"ListItem\",\"position\":3,\"name\":\"Dnevne dozvole za SPORTSKI ribolov &#8211; 2025\"}]},{\"@type\":\"WebSite\",\"@id\":\"https:\\\/\\\/sub.hr\\\/#website\",\"url\":\"https:\\\/\\\/sub.hr\\\/\",\"name\":\"SUB.hr - Dozvola za ribolov 2026\",\"description\":\"Dozvola za ribolov Hrvatska - Fishing license Croatia - Permesso di Pesca Croazia\",\"potentialAction\":[{\"@type\":\"SearchAction\",\"target\":{\"@type\":\"EntryPoint\",\"urlTemplate\":\"https:\\\/\\\/sub.hr\\\/?s={search_term_string}\"},\"query-input\":{\"@type\":\"PropertyValueSpecification\",\"valueRequired\":true,\"valueName\":\"search_term_string\"}}],\"inLanguage\":\"de\"}]}<\/script>\n<!-- \/ Yoast SEO plugin. -->","yoast_head_json":{"title":"Tagesgenehmigungen f\u00fcr Sportfischen - 2025 - SUB.hr - Angelerlaubnis 2026","robots":{"index":"index","follow":"follow","max-snippet":"max-snippet:-1","max-image-preview":"max-image-preview:large","max-video-preview":"max-video-preview:-1"},"canonical":"https:\/\/sub.hr\/de\/product\/tagesgenehmigungen-fur-das-sportfischen-im-jahr-2024\/","og_locale":"de_DE","og_type":"article","og_title":"Dnevne dozvole za SPORTSKI ribolov - 2025 - SUB.hr - Dozvola za ribolov 2026","og_description":"Cijena godi\u0161nje dozvole\/licence za sportski ribolov uklju\u010duje*: godi\u0161nju dozvolu\/licencu za \u0161portski ribolov na moru u RH, \u010dlanarinu Hrvatskog saveza za sportski ribolov na moru (HSSRM), \u010dlanarinu kluba SUB, svi tro\u0161kovi i naknade pla\u0107anja (fee) pla\u0107anja (banka\/PayPal i drugo). *(vlasnik dozvole\/licence je samo du\u017ean kod sebe imati osobni dokument koji je naveden u dozvoli\/licenci za ribolov) [&hellip;]","og_url":"https:\/\/sub.hr\/de\/product\/tagesgenehmigungen-fur-das-sportfischen-im-jahr-2024\/","og_site_name":"SUB.hr - Dozvola za ribolov 2026","article_modified_time":"2024-12-19T13:29:45+00:00","og_image":[{"width":1000,"height":1000,"url":"https:\/\/sub.hr\/wp-content\/uploads\/2024\/02\/Dozvola-za-sportski-ribolov-namoru-1000x1000-web.jpg","type":"image\/jpeg"}],"twitter_card":"summary_large_image","twitter_misc":{"Gesch\u00e4tzte Lesezeit":"2\u00a0Minuten"},"schema":{"@context":"https:\/\/schema.org","@graph":[{"@type":"WebPage","@id":"https:\/\/sub.hr\/product\/dnevne-dozvole-za-sportski-ribolov-2025\/","url":"https:\/\/sub.hr\/product\/dnevne-dozvole-za-sportski-ribolov-2025\/","name":"Tagesgenehmigungen f\u00fcr Sportfischen - 2025 - SUB.hr - Angelerlaubnis 2026","isPartOf":{"@id":"https:\/\/sub.hr\/#website"},"primaryImageOfPage":{"@id":"https:\/\/sub.hr\/product\/dnevne-dozvole-za-sportski-ribolov-2025\/#primaryimage"},"image":{"@id":"https:\/\/sub.hr\/product\/dnevne-dozvole-za-sportski-ribolov-2025\/#primaryimage"},"thumbnailUrl":"https:\/\/sub.hr\/wp-content\/uploads\/2024\/02\/Dozvola-za-sportski-ribolov-namoru-1000x1000-web.jpg","datePublished":"2024-02-04T20:30:56+00:00","dateModified":"2024-12-19T13:29:45+00:00","breadcrumb":{"@id":"https:\/\/sub.hr\/product\/dnevne-dozvole-za-sportski-ribolov-2025\/#breadcrumb"},"inLanguage":"de","potentialAction":[{"@type":"ReadAction","target":["https:\/\/sub.hr\/product\/dnevne-dozvole-za-sportski-ribolov-2025\/"]}]},{"@type":"ImageObject","inLanguage":"de","@id":"https:\/\/sub.hr\/product\/dnevne-dozvole-za-sportski-ribolov-2025\/#primaryimage","url":"https:\/\/sub.hr\/wp-content\/uploads\/2024\/02\/Dozvola-za-sportski-ribolov-namoru-1000x1000-web.jpg","contentUrl":"https:\/\/sub.hr\/wp-content\/uploads\/2024\/02\/Dozvola-za-sportski-ribolov-namoru-1000x1000-web.jpg","width":1000,"height":1000},{"@type":"BreadcrumbList","@id":"https:\/\/sub.hr\/product\/dnevne-dozvole-za-sportski-ribolov-2025\/#breadcrumb","itemListElement":[{"@type":"ListItem","position":1,"name":"Po\u010detna stranica","item":"https:\/\/sub.hr\/hr\/"},{"@type":"ListItem","position":2,"name":"NARUD\u017dBA DOZVOLA","item":"https:\/\/sub.hr\/hr\/narudzba-dozvola-za-ribolov\/"},{"@type":"ListItem","position":3,"name":"Dnevne dozvole za SPORTSKI ribolov &#8211; 2025"}]},{"@type":"WebSite","@id":"https:\/\/sub.hr\/#website","url":"https:\/\/sub.hr\/","name":"SUB.hr - Angelschein 2026","description":"Angelschein Kroatien - Permesso di Pesca Croazia","potentialAction":[{"@type":"SearchAction","target":{"@type":"EntryPoint","urlTemplate":"https:\/\/sub.hr\/?s={search_term_string}"},"query-input":{"@type":"PropertyValueSpecification","valueRequired":true,"valueName":"search_term_string"}}],"inLanguage":"de"}]}},"_links":{"self":[{"href":"https:\/\/sub.hr\/de\/wp-json\/wp\/v2\/product\/100257","targetHints":{"allow":["GET"]}}],"collection":[{"href":"https:\/\/sub.hr\/de\/wp-json\/wp\/v2\/product"}],"about":[{"href":"https:\/\/sub.hr\/de\/wp-json\/wp\/v2\/types\/product"}],"replies":[{"embeddable":true,"href":"https:\/\/sub.hr\/de\/wp-json\/wp\/v2\/comments?post=100257"}],"wp:featuredmedia":[{"embeddable":true,"href":"https:\/\/sub.hr\/de\/wp-json\/wp\/v2\/media\/226064"}],"wp:attachment":[{"href":"https:\/\/sub.hr\/de\/wp-json\/wp\/v2\/media?parent=100257"}],"wp:term":[{"taxonomy":"product_brand","embeddable":true,"href":"https:\/\/sub.hr\/de\/wp-json\/wp\/v2\/product_brand?post=100257"},{"taxonomy":"product_cat","embeddable":true,"href":"https:\/\/sub.hr\/de\/wp-json\/wp\/v2\/product_cat?post=100257"},{"taxonomy":"product_tag","embeddable":true,"href":"https:\/\/sub.hr\/de\/wp-json\/wp\/v2\/product_tag?post=100257"}],"curies":[{"name":"wp","href":"https:\/\/api.w.org\/{rel}","templated":true}]}}