{"id":100107,"date":"2025-12-01T22:00:16","date_gmt":"2025-12-01T21:00:16","guid":{"rendered":"https:\/\/sub.hr\/?post_type=product&#038;p=100107"},"modified":"2026-03-02T00:37:55","modified_gmt":"2026-03-01T23:37:55","slug":"dozvole-za-rekreacijski-ribolov-2026","status":"publish","type":"product","link":"https:\/\/sub.hr\/de\/product\/lizenzen-fur-freizeitfischerei-im-jahr-2025\/","title":{"rendered":"Angelerlaubnisse f\u00fcr Freizeitfischerei \u2013 2026"},"content":{"rendered":"<p>Hinweise vor der Bestellung: Genehmigungen\/Lizenzen f\u00fcr bis zu 150 Tage f\u00fcr Personen im Alter von 18 bis 65 Jahren und f\u00fcr Personen unter 18 Jahren haben den gleichen Preis f\u00fcr eine SPORT- und\/oder FREIZEITGENEHMIGUNG\/-lizenz.<\/p>\n<p style=\"text-align: left;\">Genehmigungen\/Lizenzen sind nicht sofort nach der Bestellung verf\u00fcgbar.<\/p>\n<p style=\"text-align: left;\">Wir erteilen mehrmals t\u00e4glich Genehmigungen\/Lizenzen und senden diese an die E-Mail-Adresse des Kunden.<\/p>\n<p style=\"text-align: left;\">Nach der Bestellung und der Zahlung auf unserem Konto stellen wir tags\u00fcber (innerhalb von 24 Stunden) Genehmigungen\/Lizenzen aus.<\/p>\n<p style=\"text-align: left;\">Bitte bestellen Sie rechtzeitig Genehmigungen\/Lizenzen. Wir sind nicht verpflichtet, Genehmigungen\/Lizenzen zum Zeitpunkt der Auftragserteilung oder sofort auszustellen.<\/p>\n<p>Alles zum Festpreis. Die angegebene Zahlung beinhaltet alle Geb\u00fchren f\u00fcr das Freizeitangeln in Kroatien. Sie ben\u00f6tigen lediglich Ihren Personalausweis, keine weiteren Dokumente. Nach Ihrer Bestellung und Zahlungseingang senden wir Ihnen die Angellizenz per E-Mail zu. <strong><span style=\"color: #ff0000;\">Lizenzen sind bis zum Ablaufdatum oder Ende dieses Jahres g\u00fcltig.<\/span><\/strong> <span style=\"color: #ff0000;\"><a style=\"color: #ff0000;\" href=\"https:\/\/sub.hr\/de\/product\/2022-sport-fishing-licenses\/\"><strong>Empfehlung: F\u00fcr Personen im Alter von 18 bis 65 Jahren bis zum 1. M\u00e4rz ist es am kosteng\u00fcnstigsten, einen J\u00c4HRLICHEN SPORTANGELIZENZ zu erwerben \u2013 LINK.<\/strong><\/a><\/span> <strong>Diese Lizenz ist <em>NICHT ZUM SPEERFISCHEN<\/em>\u00a0\u2013 <a href=\"https:\/\/sub.hr\/de\/product\/godisnje-dozvole-za-sportski-ribolov-2024\/\">siehe Sportfischerschein \u2013 LINK.<\/a><\/strong> <strong>Dieses Problem ist NON \u00c8 PER LA PESCA SUBACQUEA \u2013 <a href=\"https:\/\/sub.hr\/de\/product\/godisnje-dozvole-za-sportski-ribolov-2024\/\">siehe permesso di pesca sportiva - LINK.<\/a><\/strong> <span style=\"color: #0000ff;\">\u21d2 Wichtiger Hinweis \u21d0<\/span> Gem\u00e4\u00df Beschluss der Fischereiverwaltung der Republik Kroatien werden heute bestellte Angelscheine f\u00fcr die Freizeitfischerei erst ab morgen ausgestellt. Daher ist es nicht m\u00f6glich, einen Angelschein am selben Tag zu bestellen und ausstellen zu lassen. * Spezielle Jahreslizenzen k\u00f6nnen nur zusammen mit einer regul\u00e4ren Jahreslizenz erworben werden (diese ist nur bis zum 1. M\u00e4rz des laufenden Jahres g\u00fcltig). ** Eine 150-Tage-Angellizenz ist maximal 150 Tage oder bis zum Ende des laufenden Jahres g\u00fcltig. Sie ist im Folgejahr nicht mehr g\u00fcltig. Die Geb\u00fchr f\u00fcr die j\u00e4hrliche Freizeitfischereilizenz beinhaltet: \u2013 Eine Jahreslizenz f\u00fcr die Freizeitfischerei auf See in der Republik Kroatien, \u2013 PayPal-\/Bankgeb\u00fchren, \u2013 Angelger\u00e4te und -ausr\u00fcstung, die in Kroatien verwendet werden d\u00fcrfen. <strong>ERHOLUNG<\/strong>\u00a0Angeln:<\/p>\n<ol>\n<li>maximal zwei Angelschn\u00fcre, mit einer max. 3 Haken an jeder Leine (auf Kroatisch: ODMET);<\/li>\n<li>maximal zwei Angelschn\u00fcre, mit einer max. 3 Haken an jeder Leine (auf Kroatisch: KAN\u010cENICA);<\/li>\n<li>maximal zwei Trolling-Angelschn\u00fcre mit einer max. 3 Haken an jeder Leine (auf Kroatisch: PANULA);<\/li>\n<li>maximal zwei Schleppleinen, mit Haken an jeder Leine zum Fang von Kopff\u00fc\u00dfern;<\/li>\n<li>ein gro\u00dfes Jagdger\u00e4t f\u00fcr Meeresw\u00fcrmer (Falle), bis zu zwei (2) Teile.<\/li>\n<\/ol>\n<p>Der maximal erlaubte t\u00e4gliche Fang betr\u00e4gt 5 kg Fisch und Meeresorganismen.<\/p>","protected":false},"excerpt":{"rendered":"<p>F\u00fcr das Freizeitfischen sind Genehmigungen\/Lizenzen erh\u00e4ltlich f\u00fcr:<\/p>\n<p>\u2013 Personen im Alter von 18 bis 65 Jahren (geboren zwischen 1962 und 2008),<\/p>\n<p>\u2013 Personen \u00fcber 65 Jahre (geboren 1961 und \u00e4lter)<\/p>\n<p>\u2013 Personen unter 18 Jahren (geboren im Jahr 2009 oder j\u00fcnger)<\/p>","protected":false},"featured_media":226065,"comment_status":"closed","ping_status":"closed","template":"","meta":{"_et_pb_use_builder":"off","_et_pb_old_content":"Napomene prije narud\u017ebe: Dozvole\/licence do 150 dana za osobe od 18-65 godina i za osobe do 18 godina imaju istu cijenu za SPORT i\/ili REKREACIJSKU dozvolu\/licencu.\r\n<p style=\"text-align: left\">Dozvole\/Licence nisu dostupne odmah nakon napravljene narud\u017ebe.<\/p>\r\n<p style=\"text-align: left\">Dozvole\/Licence izdajemo nekoliko puta dnevno i \u0161aljemo na email naru\u010ditelja.<\/p>\r\n<p style=\"text-align: left\">Nakon narud\u017ebe i provedenog pla\u0107anja na na\u0161 ra\u010dun Dozvole\/Licence izdajemo tijekom dana (u roku od 24h).<\/p>\r\n<p style=\"text-align: left\">Molimo naru\u010dite Dozvole\/Licence na vrijeme. Nismo du\u017eni izdati Dozvole\/Licence u trenutku zavr\u0161ene narud\u017ebe ili odmah.<\/p>\r\n----EN---- It's all at one price. Featured payment includes all fees for RECREATIONAL Fishing in Croatia. Only take your ID card and you do not need additional documents for RECREATIONAL fishing. After your order and when we receive your payment, we send the license to your email. <strong><span style=\"color: #ff0000\">Licenses are valid until the expiration date or the end of this year.<\/span><\/strong> <span style=\"color: #ff0000\"><a style=\"color: #ff0000\" href=\"https:\/\/sub.hr\/product\/2022-sport-fishing-licenses\/\"><strong>Recommendation: For people from 18 to 65 years of age until March 1, it is most cost-effective to buy an ANNUAL SPORTS FISHING LICENSE - LINK.<\/strong><\/a><\/span> <strong>This license is <em>NOT FOR SPEARFISHING<\/em>\u00a0- <a href=\"https:\/\/sub.hr\/product\/godisnje-dozvole-za-sportski-ribolov-2024\/\">see sport fishing license - LINK.<\/a><\/strong> <strong>Questo permesso NON \u00c8 PER LA PESCA SUBACQUEA - <a href=\"https:\/\/sub.hr\/product\/godisnje-dozvole-za-sportski-ribolov-2024\/\">vedi permesso di pesca sportiva - LINK.<\/a><\/strong> <span style=\"color: #0000ff\">\u21d2 Important Notice \u21d0<\/span> By the decision of the Fisheries Administration of the Republic of Croatia, licenses for recreational fishing ordered today are issued for tomorrow or later. Therefore, it is not possible to order and issue a permit on the same day. * special annual licenses can only be purchased with a PRIMARY ANNUAL LICENSE (A primary annual license can be purchased only until March 1 of the current year). **A 150-day fishing license is a maximum of 150 days or until the end of this year. Not valid in the following year. The annual recreational fishing license fee includes: - An annual license for recreational fishing at sea in the Republic of Croatia, - PayPal\/Bank fee, Fishing tools and gear that are allowed to be used in <strong>RECREATIONAL<\/strong>\u00a0fishing:\r\n<ol>\r\n \t<li>maximum of two fishing lines, with a max. 3 hooks on each line (in Croatian: ODMET);<\/li>\r\n \t<li>maximum of two fishing lines, with a max. 3 hooks on each line (in Croatian: KAN\u010cENICA);<\/li>\r\n \t<li>maximum of two trolling fishing lines, with a max. 3 hooks on each line (in Croatian: PANULA);<\/li>\r\n \t<li>maximum two trolling lines, with hooks on each line for catching\u00a0 Cephalopods;<\/li>\r\n \t<li>a large sea worm (trap) hunting device, up to two (2) pieces.<\/li>\r\n<\/ol>\r\nThe maximum allowed daily catch is 5 kg of fish and marine organisms.","_et_gb_content_width":""},"product_brand":[],"product_cat":[48,49,47],"product_tag":[],"class_list":{"0":"post-100107","1":"product","2":"type-product","3":"status-publish","4":"has-post-thumbnail","6":"product_cat-dnevne-dozvole-za-rekreacijski-ribolov","7":"product_cat-godisnje-dozvole-rekreacijski-ribolov","8":"product_cat-dozvole-za-rekreacijski-ribolov-2026","10":"first","11":"instock","12":"shipping-taxable","13":"product-type-grouped"},"yoast_head":"<!-- This site is optimized with the Yoast SEO plugin v27.3 - https:\/\/yoast.com\/product\/yoast-seo-wordpress\/ -->\n<title>Dozvole za REKREACIJSKI ribolov - 2026 - SUB.hr - Dozvola za ribolov 2026<\/title>\n<meta name=\"robots\" content=\"index, follow, max-snippet:-1, max-image-preview:large, max-video-preview:-1\" \/>\n<link rel=\"canonical\" href=\"https:\/\/sub.hr\/de\/product\/lizenzen-fur-freizeitfischerei-im-jahr-2025\/\" \/>\n<meta property=\"og:locale\" content=\"de_DE\" \/>\n<meta property=\"og:type\" content=\"article\" \/>\n<meta property=\"og:title\" content=\"Dozvole za REKREACIJSKI ribolov - 2026 - SUB.hr - Dozvola za ribolov 2026\" \/>\n<meta property=\"og:description\" content=\"U REKREACIJSKOM ribolovu dostupne su dozvole\/licence za:  - osobe od 18 do 65 godina (od 1962. do 2008. godi\u0161te),  - osobe preko 65 godina (1961. godi\u0161te i stariji)  - osobe do 18 godina (2009. godi\u0161te i mla\u0111i)\" \/>\n<meta property=\"og:url\" content=\"https:\/\/sub.hr\/de\/product\/lizenzen-fur-freizeitfischerei-im-jahr-2025\/\" \/>\n<meta property=\"og:site_name\" content=\"SUB.hr - Dozvola za ribolov 2026\" \/>\n<meta property=\"article:modified_time\" content=\"2026-03-01T23:37:55+00:00\" \/>\n<meta property=\"og:image\" content=\"https:\/\/sub.hr\/wp-content\/uploads\/2024\/02\/Dozvola-za-rekreacijski-ribolov-ribolov-na-moru-1000x1000-web.jpg\" \/>\n\t<meta property=\"og:image:width\" content=\"1000\" \/>\n\t<meta property=\"og:image:height\" content=\"1000\" \/>\n\t<meta property=\"og:image:type\" content=\"image\/jpeg\" \/>\n<meta name=\"twitter:card\" content=\"summary_large_image\" \/>\n<meta name=\"twitter:label1\" content=\"Gesch\u00e4tzte Lesezeit\" \/>\n\t<meta name=\"twitter:data1\" content=\"3\u00a0Minuten\" \/>\n<script type=\"application\/ld+json\" class=\"yoast-schema-graph\">{\"@context\":\"https:\\\/\\\/schema.org\",\"@graph\":[{\"@type\":\"WebPage\",\"@id\":\"https:\\\/\\\/sub.hr\\\/product\\\/dozvole-za-rekreacijski-ribolov-2026\\\/\",\"url\":\"https:\\\/\\\/sub.hr\\\/product\\\/dozvole-za-rekreacijski-ribolov-2026\\\/\",\"name\":\"Dozvole za REKREACIJSKI ribolov - 2026 - SUB.hr - Dozvola za ribolov 2026\",\"isPartOf\":{\"@id\":\"https:\\\/\\\/sub.hr\\\/#website\"},\"primaryImageOfPage\":{\"@id\":\"https:\\\/\\\/sub.hr\\\/product\\\/dozvole-za-rekreacijski-ribolov-2026\\\/#primaryimage\"},\"image\":{\"@id\":\"https:\\\/\\\/sub.hr\\\/product\\\/dozvole-za-rekreacijski-ribolov-2026\\\/#primaryimage\"},\"thumbnailUrl\":\"https:\\\/\\\/sub.hr\\\/wp-content\\\/uploads\\\/2024\\\/02\\\/Dozvola-za-rekreacijski-ribolov-ribolov-na-moru-1000x1000-web.jpg\",\"datePublished\":\"2025-12-01T21:00:16+00:00\",\"dateModified\":\"2026-03-01T23:37:55+00:00\",\"breadcrumb\":{\"@id\":\"https:\\\/\\\/sub.hr\\\/product\\\/dozvole-za-rekreacijski-ribolov-2026\\\/#breadcrumb\"},\"inLanguage\":\"de\",\"potentialAction\":[{\"@type\":\"ReadAction\",\"target\":[\"https:\\\/\\\/sub.hr\\\/product\\\/dozvole-za-rekreacijski-ribolov-2026\\\/\"]}]},{\"@type\":\"ImageObject\",\"inLanguage\":\"de\",\"@id\":\"https:\\\/\\\/sub.hr\\\/product\\\/dozvole-za-rekreacijski-ribolov-2026\\\/#primaryimage\",\"url\":\"https:\\\/\\\/sub.hr\\\/wp-content\\\/uploads\\\/2024\\\/02\\\/Dozvola-za-rekreacijski-ribolov-ribolov-na-moru-1000x1000-web.jpg\",\"contentUrl\":\"https:\\\/\\\/sub.hr\\\/wp-content\\\/uploads\\\/2024\\\/02\\\/Dozvola-za-rekreacijski-ribolov-ribolov-na-moru-1000x1000-web.jpg\",\"width\":1000,\"height\":1000},{\"@type\":\"BreadcrumbList\",\"@id\":\"https:\\\/\\\/sub.hr\\\/product\\\/dozvole-za-rekreacijski-ribolov-2026\\\/#breadcrumb\",\"itemListElement\":[{\"@type\":\"ListItem\",\"position\":1,\"name\":\"Po\u010detna stranica\",\"item\":\"https:\\\/\\\/sub.hr\\\/hr\\\/\"},{\"@type\":\"ListItem\",\"position\":2,\"name\":\"NARUD\u017dBA DOZVOLA\",\"item\":\"https:\\\/\\\/sub.hr\\\/hr\\\/narudzba-dozvola-za-ribolov\\\/\"},{\"@type\":\"ListItem\",\"position\":3,\"name\":\"Dozvole za REKREACIJSKI ribolov &#8211; 2026\"}]},{\"@type\":\"WebSite\",\"@id\":\"https:\\\/\\\/sub.hr\\\/#website\",\"url\":\"https:\\\/\\\/sub.hr\\\/\",\"name\":\"SUB.hr - Dozvola za ribolov 2026\",\"description\":\"Dozvola za ribolov Hrvatska - Fishing license Croatia - Permesso di Pesca Croazia\",\"potentialAction\":[{\"@type\":\"SearchAction\",\"target\":{\"@type\":\"EntryPoint\",\"urlTemplate\":\"https:\\\/\\\/sub.hr\\\/?s={search_term_string}\"},\"query-input\":{\"@type\":\"PropertyValueSpecification\",\"valueRequired\":true,\"valueName\":\"search_term_string\"}}],\"inLanguage\":\"de\"}]}<\/script>\n<!-- \/ Yoast SEO plugin. -->","yoast_head_json":{"title":"Angelerlaubnisse f\u00fcr Freizeitfischerei - 2026 - SUB.hr - Angelerlaubnis 2026","robots":{"index":"index","follow":"follow","max-snippet":"max-snippet:-1","max-image-preview":"max-image-preview:large","max-video-preview":"max-video-preview:-1"},"canonical":"https:\/\/sub.hr\/de\/product\/lizenzen-fur-freizeitfischerei-im-jahr-2025\/","og_locale":"de_DE","og_type":"article","og_title":"Dozvole za REKREACIJSKI ribolov - 2026 - SUB.hr - Dozvola za ribolov 2026","og_description":"U REKREACIJSKOM ribolovu dostupne su dozvole\/licence za:  - osobe od 18 do 65 godina (od 1962. do 2008. godi\u0161te),  - osobe preko 65 godina (1961. godi\u0161te i stariji)  - osobe do 18 godina (2009. godi\u0161te i mla\u0111i)","og_url":"https:\/\/sub.hr\/de\/product\/lizenzen-fur-freizeitfischerei-im-jahr-2025\/","og_site_name":"SUB.hr - Dozvola za ribolov 2026","article_modified_time":"2026-03-01T23:37:55+00:00","og_image":[{"width":1000,"height":1000,"url":"https:\/\/sub.hr\/wp-content\/uploads\/2024\/02\/Dozvola-za-rekreacijski-ribolov-ribolov-na-moru-1000x1000-web.jpg","type":"image\/jpeg"}],"twitter_card":"summary_large_image","twitter_misc":{"Gesch\u00e4tzte Lesezeit":"3\u00a0Minuten"},"schema":{"@context":"https:\/\/schema.org","@graph":[{"@type":"WebPage","@id":"https:\/\/sub.hr\/product\/dozvole-za-rekreacijski-ribolov-2026\/","url":"https:\/\/sub.hr\/product\/dozvole-za-rekreacijski-ribolov-2026\/","name":"Angelerlaubnisse f\u00fcr Freizeitfischerei - 2026 - SUB.hr - Angelerlaubnis 2026","isPartOf":{"@id":"https:\/\/sub.hr\/#website"},"primaryImageOfPage":{"@id":"https:\/\/sub.hr\/product\/dozvole-za-rekreacijski-ribolov-2026\/#primaryimage"},"image":{"@id":"https:\/\/sub.hr\/product\/dozvole-za-rekreacijski-ribolov-2026\/#primaryimage"},"thumbnailUrl":"https:\/\/sub.hr\/wp-content\/uploads\/2024\/02\/Dozvola-za-rekreacijski-ribolov-ribolov-na-moru-1000x1000-web.jpg","datePublished":"2025-12-01T21:00:16+00:00","dateModified":"2026-03-01T23:37:55+00:00","breadcrumb":{"@id":"https:\/\/sub.hr\/product\/dozvole-za-rekreacijski-ribolov-2026\/#breadcrumb"},"inLanguage":"de","potentialAction":[{"@type":"ReadAction","target":["https:\/\/sub.hr\/product\/dozvole-za-rekreacijski-ribolov-2026\/"]}]},{"@type":"ImageObject","inLanguage":"de","@id":"https:\/\/sub.hr\/product\/dozvole-za-rekreacijski-ribolov-2026\/#primaryimage","url":"https:\/\/sub.hr\/wp-content\/uploads\/2024\/02\/Dozvola-za-rekreacijski-ribolov-ribolov-na-moru-1000x1000-web.jpg","contentUrl":"https:\/\/sub.hr\/wp-content\/uploads\/2024\/02\/Dozvola-za-rekreacijski-ribolov-ribolov-na-moru-1000x1000-web.jpg","width":1000,"height":1000},{"@type":"BreadcrumbList","@id":"https:\/\/sub.hr\/product\/dozvole-za-rekreacijski-ribolov-2026\/#breadcrumb","itemListElement":[{"@type":"ListItem","position":1,"name":"Po\u010detna stranica","item":"https:\/\/sub.hr\/hr\/"},{"@type":"ListItem","position":2,"name":"NARUD\u017dBA DOZVOLA","item":"https:\/\/sub.hr\/hr\/narudzba-dozvola-za-ribolov\/"},{"@type":"ListItem","position":3,"name":"Dozvole za REKREACIJSKI ribolov &#8211; 2026"}]},{"@type":"WebSite","@id":"https:\/\/sub.hr\/#website","url":"https:\/\/sub.hr\/","name":"SUB.hr - Angelschein 2026","description":"Angelschein Kroatien - Permesso di Pesca Croazia","potentialAction":[{"@type":"SearchAction","target":{"@type":"EntryPoint","urlTemplate":"https:\/\/sub.hr\/?s={search_term_string}"},"query-input":{"@type":"PropertyValueSpecification","valueRequired":true,"valueName":"search_term_string"}}],"inLanguage":"de"}]}},"_links":{"self":[{"href":"https:\/\/sub.hr\/de\/wp-json\/wp\/v2\/product\/100107","targetHints":{"allow":["GET"]}}],"collection":[{"href":"https:\/\/sub.hr\/de\/wp-json\/wp\/v2\/product"}],"about":[{"href":"https:\/\/sub.hr\/de\/wp-json\/wp\/v2\/types\/product"}],"replies":[{"embeddable":true,"href":"https:\/\/sub.hr\/de\/wp-json\/wp\/v2\/comments?post=100107"}],"wp:featuredmedia":[{"embeddable":true,"href":"https:\/\/sub.hr\/de\/wp-json\/wp\/v2\/media\/226065"}],"wp:attachment":[{"href":"https:\/\/sub.hr\/de\/wp-json\/wp\/v2\/media?parent=100107"}],"wp:term":[{"taxonomy":"product_brand","embeddable":true,"href":"https:\/\/sub.hr\/de\/wp-json\/wp\/v2\/product_brand?post=100107"},{"taxonomy":"product_cat","embeddable":true,"href":"https:\/\/sub.hr\/de\/wp-json\/wp\/v2\/product_cat?post=100107"},{"taxonomy":"product_tag","embeddable":true,"href":"https:\/\/sub.hr\/de\/wp-json\/wp\/v2\/product_tag?post=100107"}],"curies":[{"name":"wp","href":"https:\/\/api.w.org\/{rel}","templated":true}]}}