{"id":100092,"date":"2025-12-01T21:30:10","date_gmt":"2025-12-01T20:30:10","guid":{"rendered":"https:\/\/sub.hr\/?post_type=product&#038;p=100092"},"modified":"2026-03-15T21:27:21","modified_gmt":"2026-03-15T20:27:21","slug":"dozvole-za-sportski-ribolov-2026","status":"publish","type":"product","link":"https:\/\/sub.hr\/de\/product\/genehmigungen-fur-sportfischen-im-jahr-2025\/","title":{"rendered":"Sportfischereilizenzen \u2013 2026"},"content":{"rendered":"<p><strong>Angelwerkzeuge und -ausr\u00fcstung sind mit einer BASIC ANNUAL- oder Tageslizenz\/Sportfischerlizenz* erh\u00e4ltlich:<\/strong><\/p>\n<ul>\n<li>maximal zwei Speerfischpistolen;<\/li>\n<li>maximal zwei Saiten (freier Haken), (auf Kroatisch: ODMET);<\/li>\n<li>maximal zwei Angelschn\u00fcre (auf Kroatisch: KAN\u010cENICA);<\/li>\n<li>maximal zwei Leinen f\u00fcr das Panula-Angeln (auf Kroatisch: PANULA);<\/li>\n<li>maximal zwei Leinen f\u00fcr das Panula-Angeln, mit Haken an jeder Leine f\u00fcr das Kopff\u00fc\u00dfer-Angeln;<\/li>\n<li>gro\u00dfes Ger\u00e4t zur Jagd auf Meeresw\u00fcrmer (Fallen), bis zu zwei (2) St\u00fcck.<\/li>\n<\/ul>\n<p>*(Diese Genehmigung\/Lizenz gilt f\u00fcr Speerfischen und andere Angelger\u00e4te). <strong>Sonder- oder Sonderlizenzen zum Angeln:<\/strong> *Sonderlizenzen f\u00fcr Gro\u00dffische (Big Fishing) k\u00f6nnen nur nach Erwerb einer Grundlizenz (Jahres- oder Tageslizenz) in der entsprechenden Alterskategorie erworben werden. Lizenzen. Die spezielle Tagesgenehmigung f\u00fcr das Sportfischen auf gro\u00dfe Fische muss innerhalb des gleichen Zeitraums (gleiche Tage) wie die Grundgenehmigung f\u00fcr das Sportfischen g\u00fcltig sein. <strong>Weitere Hinweise:<\/strong> Der Inhaber der Erlaubnis\/Lizenz ist verpflichtet, das in der Erlaubnis\/Lizenz zum Angeln angegebene Personaldokument bei sich zu haben. Der maximale t\u00e4gliche Fang betr\u00e4gt 5 kg Fisch oder Meeresorganismen. Beim Sportfischen gefangene Fische m\u00fcssen nach dem Fang gekennzeichnet werden (z. B. durch Abschneiden eines Teils des Schwanzes). Alle Arten von Angelerlaubnissen\/-lizenzen sind bis zu ihrem Ablauf bzw. bis zum Ende dieses Jahres g\u00fcltig und nicht auf das n\u00e4chste Jahr \u00fcbertragbar. Beispiel: Eine Genehmigung\/Lizenz f\u00fcr bis zu 150 Tage bedeutet, dass sie maximal 150 Tage oder bis zum Ende dieses Jahres g\u00fcltig ist und nicht f\u00fcr das n\u00e4chste Jahr g\u00fcltig ist. Die prim\u00e4re JAHRESgenehmigung\/Lizenz kann nur bis zum 1. M\u00e4rz des laufenden Jahres erworben werden. Nach Ihrer Bestellung und dem Eingang Ihrer Zahlung senden wir Ihnen die Genehmigung\/Lizenz per E-Mail zu. Genehmigungen\/Lizenzen werden mehrmals t\u00e4glich erstellt und versendet, nicht unmittelbar nach der Bestellung.<\/p>","protected":false},"excerpt":{"rendered":"<p>F\u00fcr das SPORTfischen sind Genehmigungen\/Lizenzen erh\u00e4ltlich f\u00fcr:<\/p>\n<p>\u2013 Personen im Alter von 18 bis 65 Jahren (geboren zwischen 1962 und 2008),<\/p>\n<p>\u2013 Personen \u00fcber 65 Jahre (geboren 1961 und \u00e4lter)<\/p>\n<p>\u2013 Personen unter 18 Jahren (geboren im Jahr 2009 oder j\u00fcnger)<\/p>","protected":false},"featured_media":226064,"comment_status":"closed","ping_status":"closed","template":"","meta":{"_et_pb_use_builder":"off","_et_pb_old_content":"<strong>Ribolovni alati i oprema dostupni uz OSNOVNU GODI\u0160NJU ili dnevnu dozvolu\/licencu za sportski ribolov*:<\/strong>\r\n<ul>\r\n \t<li>najvi\u0161e dvije pu\u0161ke za podvodni ribolov;<\/li>\r\n \t<li>maksimalno dva struna (slobodna udica), (na hrvatskom: ODMET);<\/li>\r\n \t<li>najvi\u0161e dva struna za pecanje (na hrvatskom: KAN\u010cENICA);<\/li>\r\n \t<li>maksimalno dva struna za ribolov panulom (na hrvatskom: PANULA);<\/li>\r\n \t<li>maksimalno dva struna za lov na panulu, s udicama na svakoj struni za lov\u00a0 glavono\u017eaca;<\/li>\r\n \t<li>velika sprava za lov na morske crve (klopke), do dva (2) komada.<\/li>\r\n<\/ul>\r\n*(Ova dozvola\/licenca je za podvodni ribolov i druge ribolovne alate). <strong>Posebne ili specijalne dozvole za ribolov:<\/strong> *Posebne\/specijalne dozvole na veliku ribu (Big fishing) mogu se kupiti samo nakon kupnje osnovne (godi\u0161nje ili dnevne) dozvole u odgovaraju\u0107oj dobnoj kategoriji. licence. Posebna dnevna dozvola za \u0161portski ribolov na veliku ribu mora biti unutar vremenskog perioda (istih dana) va\u017eenja osnovne dozvole za \u0161portski ribolov. <strong>Ostale napomene:<\/strong> Vlasnik dozvole\/licence je du\u017ean kod sebe imati osobni dokument koji je naveden u dozvoli\/licenci za ribolov. Maksimalni dopu\u0161teni dnevni ulov je 5 kg ribe ili morskih organizama. Ribe ulovljene u sportskom ribolovu se obavezno propisano ozna\u010davaju nakon ulova (npr. odsjecanjem dijela repa). Sve vrste dozvola\/licenci za ribolov va\u017ee\u0107e su do isteka ili do kraja ove godine i nisu prenosive u slijede\u0107u godinu. Primjer: dozvola\/licenca na do 150 dana zna\u010di kako va\u017ei maksimalno do 150 dana ili do kraja ove godine i ne vrijedi u slijede\u0107oj godini. Primarnu GODI\u0160NJU dozvolu\/licencu mogu\u0107e je kupiti samo do 1. o\u017eujka teku\u0107e godine. Nakon va\u0161e narud\u017ebe i kada primimo va\u0161u uplatu, \u0161aljemo vam dozvolu\/licencu na e-mail. Dozvole\/licence se rade i \u0161alju nekoliko puta na dan, a ne odmah nakon zaklju\u010denja narud\u017ebe.","_et_gb_content_width":""},"product_brand":[],"product_cat":[54,46,58,45],"product_tag":[],"class_list":{"0":"post-100092","1":"product","2":"type-product","3":"status-publish","4":"has-post-thumbnail","6":"product_cat-dnevne-dozvole-za-sportski-ribolov","7":"product_cat-godisnje-dozvole-sportski-ribolov","8":"product_cat-posebne-dozvole-sport","9":"product_cat-dozvole-za-sportski-ribolov","11":"first","12":"instock","13":"shipping-taxable","14":"product-type-grouped"},"yoast_head":"<!-- This site is optimized with the Yoast SEO plugin v27.3 - https:\/\/yoast.com\/product\/yoast-seo-wordpress\/ -->\n<title>Dozvole za SPORTSKI ribolov - 2026 - SUB.hr - Dozvola za ribolov 2026<\/title>\n<meta name=\"robots\" content=\"index, follow, max-snippet:-1, max-image-preview:large, max-video-preview:-1\" \/>\n<link rel=\"canonical\" href=\"https:\/\/sub.hr\/de\/product\/genehmigungen-fur-sportfischen-im-jahr-2025\/\" \/>\n<meta property=\"og:locale\" content=\"de_DE\" \/>\n<meta property=\"og:type\" content=\"article\" \/>\n<meta property=\"og:title\" content=\"Dozvole za SPORTSKI ribolov - 2026 - SUB.hr - Dozvola za ribolov 2026\" \/>\n<meta property=\"og:description\" content=\"U SPORTSKOM ribolovu dostupne su dozvole\/licence za:  - osobe od 18 do 65 godina (od 1962. do 2008. godi\u0161te),  - osobe preko 65 godina (1961. godi\u0161te i stariji)  - osobe do 18 godina (2009. godi\u0161te i mla\u0111i)\" \/>\n<meta property=\"og:url\" content=\"https:\/\/sub.hr\/de\/product\/genehmigungen-fur-sportfischen-im-jahr-2025\/\" \/>\n<meta property=\"og:site_name\" content=\"SUB.hr - Dozvola za ribolov 2026\" \/>\n<meta property=\"article:modified_time\" content=\"2026-03-15T20:27:21+00:00\" \/>\n<meta property=\"og:image\" content=\"https:\/\/sub.hr\/wp-content\/uploads\/2024\/02\/Dozvola-za-sportski-ribolov-namoru-1000x1000-web.jpg\" \/>\n\t<meta property=\"og:image:width\" content=\"1000\" \/>\n\t<meta property=\"og:image:height\" content=\"1000\" \/>\n\t<meta property=\"og:image:type\" content=\"image\/jpeg\" \/>\n<meta name=\"twitter:card\" content=\"summary_large_image\" \/>\n<meta name=\"twitter:label1\" content=\"Gesch\u00e4tzte Lesezeit\" \/>\n\t<meta name=\"twitter:data1\" content=\"2\u00a0Minuten\" \/>\n<script type=\"application\/ld+json\" class=\"yoast-schema-graph\">{\"@context\":\"https:\\\/\\\/schema.org\",\"@graph\":[{\"@type\":\"WebPage\",\"@id\":\"https:\\\/\\\/sub.hr\\\/product\\\/dozvole-za-sportski-ribolov-2026\\\/\",\"url\":\"https:\\\/\\\/sub.hr\\\/product\\\/dozvole-za-sportski-ribolov-2026\\\/\",\"name\":\"Dozvole za SPORTSKI ribolov - 2026 - SUB.hr - Dozvola za ribolov 2026\",\"isPartOf\":{\"@id\":\"https:\\\/\\\/sub.hr\\\/#website\"},\"primaryImageOfPage\":{\"@id\":\"https:\\\/\\\/sub.hr\\\/product\\\/dozvole-za-sportski-ribolov-2026\\\/#primaryimage\"},\"image\":{\"@id\":\"https:\\\/\\\/sub.hr\\\/product\\\/dozvole-za-sportski-ribolov-2026\\\/#primaryimage\"},\"thumbnailUrl\":\"https:\\\/\\\/sub.hr\\\/wp-content\\\/uploads\\\/2024\\\/02\\\/Dozvola-za-sportski-ribolov-namoru-1000x1000-web.jpg\",\"datePublished\":\"2025-12-01T20:30:10+00:00\",\"dateModified\":\"2026-03-15T20:27:21+00:00\",\"breadcrumb\":{\"@id\":\"https:\\\/\\\/sub.hr\\\/product\\\/dozvole-za-sportski-ribolov-2026\\\/#breadcrumb\"},\"inLanguage\":\"de\",\"potentialAction\":[{\"@type\":\"ReadAction\",\"target\":[\"https:\\\/\\\/sub.hr\\\/product\\\/dozvole-za-sportski-ribolov-2026\\\/\"]}]},{\"@type\":\"ImageObject\",\"inLanguage\":\"de\",\"@id\":\"https:\\\/\\\/sub.hr\\\/product\\\/dozvole-za-sportski-ribolov-2026\\\/#primaryimage\",\"url\":\"https:\\\/\\\/sub.hr\\\/wp-content\\\/uploads\\\/2024\\\/02\\\/Dozvola-za-sportski-ribolov-namoru-1000x1000-web.jpg\",\"contentUrl\":\"https:\\\/\\\/sub.hr\\\/wp-content\\\/uploads\\\/2024\\\/02\\\/Dozvola-za-sportski-ribolov-namoru-1000x1000-web.jpg\",\"width\":1000,\"height\":1000},{\"@type\":\"BreadcrumbList\",\"@id\":\"https:\\\/\\\/sub.hr\\\/product\\\/dozvole-za-sportski-ribolov-2026\\\/#breadcrumb\",\"itemListElement\":[{\"@type\":\"ListItem\",\"position\":1,\"name\":\"Po\u010detna stranica\",\"item\":\"https:\\\/\\\/sub.hr\\\/hr\\\/\"},{\"@type\":\"ListItem\",\"position\":2,\"name\":\"NARUD\u017dBA DOZVOLA\",\"item\":\"https:\\\/\\\/sub.hr\\\/hr\\\/narudzba-dozvola-za-ribolov\\\/\"},{\"@type\":\"ListItem\",\"position\":3,\"name\":\"Dozvole za SPORTSKI ribolov &#8211; 2026\"}]},{\"@type\":\"WebSite\",\"@id\":\"https:\\\/\\\/sub.hr\\\/#website\",\"url\":\"https:\\\/\\\/sub.hr\\\/\",\"name\":\"SUB.hr - Dozvola za ribolov 2026\",\"description\":\"Dozvola za ribolov Hrvatska - Fishing license Croatia - Permesso di Pesca Croazia\",\"potentialAction\":[{\"@type\":\"SearchAction\",\"target\":{\"@type\":\"EntryPoint\",\"urlTemplate\":\"https:\\\/\\\/sub.hr\\\/?s={search_term_string}\"},\"query-input\":{\"@type\":\"PropertyValueSpecification\",\"valueRequired\":true,\"valueName\":\"search_term_string\"}}],\"inLanguage\":\"de\"}]}<\/script>\n<!-- \/ Yoast SEO plugin. -->","yoast_head_json":{"title":"Sportfischereigenehmigungen - 2026 - SUB.hr - Angelgenehmigung 2026","robots":{"index":"index","follow":"follow","max-snippet":"max-snippet:-1","max-image-preview":"max-image-preview:large","max-video-preview":"max-video-preview:-1"},"canonical":"https:\/\/sub.hr\/de\/product\/genehmigungen-fur-sportfischen-im-jahr-2025\/","og_locale":"de_DE","og_type":"article","og_title":"Dozvole za SPORTSKI ribolov - 2026 - SUB.hr - Dozvola za ribolov 2026","og_description":"U SPORTSKOM ribolovu dostupne su dozvole\/licence za:  - osobe od 18 do 65 godina (od 1962. do 2008. godi\u0161te),  - osobe preko 65 godina (1961. godi\u0161te i stariji)  - osobe do 18 godina (2009. godi\u0161te i mla\u0111i)","og_url":"https:\/\/sub.hr\/de\/product\/genehmigungen-fur-sportfischen-im-jahr-2025\/","og_site_name":"SUB.hr - Dozvola za ribolov 2026","article_modified_time":"2026-03-15T20:27:21+00:00","og_image":[{"width":1000,"height":1000,"url":"https:\/\/sub.hr\/wp-content\/uploads\/2024\/02\/Dozvola-za-sportski-ribolov-namoru-1000x1000-web.jpg","type":"image\/jpeg"}],"twitter_card":"summary_large_image","twitter_misc":{"Gesch\u00e4tzte Lesezeit":"2\u00a0Minuten"},"schema":{"@context":"https:\/\/schema.org","@graph":[{"@type":"WebPage","@id":"https:\/\/sub.hr\/product\/dozvole-za-sportski-ribolov-2026\/","url":"https:\/\/sub.hr\/product\/dozvole-za-sportski-ribolov-2026\/","name":"Sportfischereigenehmigungen - 2026 - SUB.hr - Angelgenehmigung 2026","isPartOf":{"@id":"https:\/\/sub.hr\/#website"},"primaryImageOfPage":{"@id":"https:\/\/sub.hr\/product\/dozvole-za-sportski-ribolov-2026\/#primaryimage"},"image":{"@id":"https:\/\/sub.hr\/product\/dozvole-za-sportski-ribolov-2026\/#primaryimage"},"thumbnailUrl":"https:\/\/sub.hr\/wp-content\/uploads\/2024\/02\/Dozvola-za-sportski-ribolov-namoru-1000x1000-web.jpg","datePublished":"2025-12-01T20:30:10+00:00","dateModified":"2026-03-15T20:27:21+00:00","breadcrumb":{"@id":"https:\/\/sub.hr\/product\/dozvole-za-sportski-ribolov-2026\/#breadcrumb"},"inLanguage":"de","potentialAction":[{"@type":"ReadAction","target":["https:\/\/sub.hr\/product\/dozvole-za-sportski-ribolov-2026\/"]}]},{"@type":"ImageObject","inLanguage":"de","@id":"https:\/\/sub.hr\/product\/dozvole-za-sportski-ribolov-2026\/#primaryimage","url":"https:\/\/sub.hr\/wp-content\/uploads\/2024\/02\/Dozvola-za-sportski-ribolov-namoru-1000x1000-web.jpg","contentUrl":"https:\/\/sub.hr\/wp-content\/uploads\/2024\/02\/Dozvola-za-sportski-ribolov-namoru-1000x1000-web.jpg","width":1000,"height":1000},{"@type":"BreadcrumbList","@id":"https:\/\/sub.hr\/product\/dozvole-za-sportski-ribolov-2026\/#breadcrumb","itemListElement":[{"@type":"ListItem","position":1,"name":"Po\u010detna stranica","item":"https:\/\/sub.hr\/hr\/"},{"@type":"ListItem","position":2,"name":"NARUD\u017dBA DOZVOLA","item":"https:\/\/sub.hr\/hr\/narudzba-dozvola-za-ribolov\/"},{"@type":"ListItem","position":3,"name":"Dozvole za SPORTSKI ribolov &#8211; 2026"}]},{"@type":"WebSite","@id":"https:\/\/sub.hr\/#website","url":"https:\/\/sub.hr\/","name":"SUB.hr - Angelschein 2026","description":"Angelschein Kroatien - Permesso di Pesca Croazia","potentialAction":[{"@type":"SearchAction","target":{"@type":"EntryPoint","urlTemplate":"https:\/\/sub.hr\/?s={search_term_string}"},"query-input":{"@type":"PropertyValueSpecification","valueRequired":true,"valueName":"search_term_string"}}],"inLanguage":"de"}]}},"_links":{"self":[{"href":"https:\/\/sub.hr\/de\/wp-json\/wp\/v2\/product\/100092","targetHints":{"allow":["GET"]}}],"collection":[{"href":"https:\/\/sub.hr\/de\/wp-json\/wp\/v2\/product"}],"about":[{"href":"https:\/\/sub.hr\/de\/wp-json\/wp\/v2\/types\/product"}],"replies":[{"embeddable":true,"href":"https:\/\/sub.hr\/de\/wp-json\/wp\/v2\/comments?post=100092"}],"wp:featuredmedia":[{"embeddable":true,"href":"https:\/\/sub.hr\/de\/wp-json\/wp\/v2\/media\/226064"}],"wp:attachment":[{"href":"https:\/\/sub.hr\/de\/wp-json\/wp\/v2\/media?parent=100092"}],"wp:term":[{"taxonomy":"product_brand","embeddable":true,"href":"https:\/\/sub.hr\/de\/wp-json\/wp\/v2\/product_brand?post=100092"},{"taxonomy":"product_cat","embeddable":true,"href":"https:\/\/sub.hr\/de\/wp-json\/wp\/v2\/product_cat?post=100092"},{"taxonomy":"product_tag","embeddable":true,"href":"https:\/\/sub.hr\/de\/wp-json\/wp\/v2\/product_tag?post=100092"}],"curies":[{"name":"wp","href":"https:\/\/api.w.org\/{rel}","templated":true}]}}